{"id":12893,"date":"2024-08-22T14:13:39","date_gmt":"2024-08-22T12:13:39","guid":{"rendered":"https:\/\/kallistav3.alx-web.com\/nos-engagements-pour-lenvironnement\/"},"modified":"2026-02-20T11:43:04","modified_gmt":"2026-02-20T10:43:04","slug":"unser-engagement-neu","status":"publish","type":"page","link":"https:\/\/www.kallistaenergy.com\/de\/unser-engagement-neu\/","title":{"rendered":"Nachhaltigkeit"},"content":{"rendered":"<div class=\"interior-banner-wrapper\" id=\"block_29a52a6fe0f8897e937b6b800ac2f81b\"> \n    <div class=\"img-holder\">\n        <img decoding=\"async\" src=\"https:\/\/www.kallistaenergy.com\/wp-content\/uploads\/2024\/10\/NSM_oct_24_paco_lissillour-7-1.jpg\" alt=\"\">\n    <\/div>\n    <div class=\"page-title-holder\">\n        <h1>Unser Engagement<\/h1>\n    <\/div>\n<\/div>\n\n<div class=\"side-by-side-wrapper\" id=\"block_d0f2f84125d707252da7ea395de17ca7\">\n    <div class=\"container\">\n        <div class=\"side-by-side-inner\">\n                                <div class=\"single-row\">\n                        <div class=\"heading-holder\">\n                            Die Zukunft ist gr\u00fcn \u2013<br>durch unser Tun                        <\/div>\n                        <div class=\"description\">\n                            <p>Was wir selber tun und lassen, pr\u00e4gt unsere Zukunft \u2013 und wir wollen eine Welt in guter \u00f6kologischer und sozialer Balance. Deswegen haben wir eine ambitionierte soziale und \u00f6kologische Nachhaltigkeitsstrategie und wissenschaftlich fundierte Klimaziele.<\/p>\n<p>Wir wissen um unsere Verantwortung als Unternehmen und nehmen sie nach besten Kr\u00e4ften wahr, in unserem Planen und Handeln und in unserem Umgang mit Mensch und Natur.<\/p>\n<p>Was das genau bedeutet, was wir machen und noch vor haben <span style=\"text-decoration: underline;\"><a href=\"https:\/\/www.kallistaenergy.com\/wp-content\/uploads\/2024\/09\/Kallista-CSR-2023-EN.pdf\" target=\"_blank\" rel=\"noopener\">lesen Sie in unserem Nachhaltigkeitsbericht.<\/a><\/span><\/p>\n                                                    <\/div>\n                    <\/div>\n                        <\/div>\n\n    <\/div>\n<\/div>\n\n\n<div class=\"separator-wrapper\" style=\"\" id=\"block_670f3f9287cdff1bb0e77e51ca4e6f14\">\n    <div class=\"container\">\n        <div class=\"separator-inner\"><\/div>\n    <\/div>\n<\/div>\n\n<div class=\"side-by-side-wrapper\" id=\"block_c8fcca240ccd35bd8df9a2a90b867ce3\">\n    <div class=\"container\">\n        <div class=\"side-by-side-inner\">\n                                <div class=\"single-row\">\n                        <div class=\"heading-holder\">\n                            Nachhaltigkeit in Aktion:<br>Netto-Null-Emissionen bis 2050                        <\/div>\n                        <div class=\"description\">\n                            <p>Wir tragen nicht nur mit unseren nachhaltigen Energie-Projekten zum globalen Klima- und Umweltschutz bei. Wir reduzieren auch unsere eigenen Emissionen aus Heizung, Strom, Transport und Abfall. Und unser Respekt f\u00fcr Natur und Mensch geht dar\u00fcber hinaus. Wir legen gro\u00dfen Wert auf einen positiven Beitrag zur gesellschaftlichen Entwicklung und gute, faire Unternehmensf\u00fchrung.<\/p>\n<p>Wir bewerten anhand unseres Aktionsplans die Umwelt- und Gesellschaftsauswirkungen unserer Arbeit und unsere Unternehmensf\u00fchrung. Dies wird j\u00e4hrlich vom unabh\u00e4ngigen Expertinnen und Experten \u00fcberpr\u00fcft. Au\u00dferdem pr\u00fcfen wir, wie unsere Aktivit\u00e4ten zu den UN-Nachhaltigkeitszielen (Sustainable Development Goals, SDGs) beitragen.<\/p>\n<p>Nachdem wir unser Ziel erreicht haben, die CO<sub>2<\/sub>-Emissionen in unseren B\u00fcros von 2017 bis 2019 um 40 % zu senken, haben wir uns eine neue, noch ambitioniertere Roadmap erstellt. Mit der Science Based Targets Initiative (SBTi) haben wir neue Ziele festgelegt, die aktuell von der SBTi gepr\u00fcft werden. Dieser neue Plan bringt Kallista Energy auf den Weg zu Netto-Null-Emissionen bis 2050.<\/p>\n                                                    <\/div>\n                    <\/div>\n                        <\/div>\n\n    <\/div>\n<\/div>\n\n\n<div class=\"separator-wrapper\" style=\"\" id=\"block_670f3f9287cdff1bb0e77e51ca4e6f14\">\n    <div class=\"container\">\n        <div class=\"separator-inner\"><\/div>\n    <\/div>\n<\/div>\n\n<div class=\"side-by-side-wrapper\" id=\"block_640f31c3c45f821c71434dd3bd1ce3e4\">\n    <div class=\"container\">\n        <div class=\"side-by-side-inner\">\n                                <div class=\"single-row\">\n                        <div class=\"heading-holder\">\n                            Unsere wichtigsten Beitr\u00e4ge zu den Zielen f\u00fcr nachhaltige Entwicklung im Jahr 2023                        <\/div>\n                        <div class=\"description\">\n                            <table style=\"border-collapse: collapse; width: 100%;\">\n<tbody>\n<tr>\n<td style=\"width: 30%;\"><img decoding=\"async\" class=\"alignnone wp-image-17198 size-medium\" src=\"https:\/\/www.kallistaenergy.com\/wp-content\/uploads\/2024\/09\/SDG-icon-DE-04-300x300.jpg\" alt=\"\" width=\"300\" height=\"300\" srcset=\"https:\/\/www.kallistaenergy.com\/wp-content\/uploads\/2024\/09\/SDG-icon-DE-04-300x300.jpg 300w, https:\/\/www.kallistaenergy.com\/wp-content\/uploads\/2024\/09\/SDG-icon-DE-04-150x150.jpg 150w, https:\/\/www.kallistaenergy.com\/wp-content\/uploads\/2024\/09\/SDG-icon-DE-04-768x768.jpg 768w, https:\/\/www.kallistaenergy.com\/wp-content\/uploads\/2024\/09\/SDG-icon-DE-04.jpg 886w\" sizes=\"(max-width: 300px) 100vw, 300px\" \/><\/td>\n<td style=\"width: 70%; vertical-align: top;\">\n<p style=\"padding-left: 40px;\"><strong>Systematische Ausbildung von Mitarbeitenden<\/strong> in Fahrsicherheitstraining und Erster Hilfe.<\/p>\n<\/td>\n<\/tr>\n<tr>\n<td style=\"width: 30%;\"><img decoding=\"async\" class=\"alignnone wp-image-17206 size-medium\" src=\"https:\/\/www.kallistaenergy.com\/wp-content\/uploads\/2024\/09\/SDG-icon-DE-07-300x300.jpg\" alt=\"\" width=\"300\" height=\"300\" srcset=\"https:\/\/www.kallistaenergy.com\/wp-content\/uploads\/2024\/09\/SDG-icon-DE-07-300x300.jpg 300w, https:\/\/www.kallistaenergy.com\/wp-content\/uploads\/2024\/09\/SDG-icon-DE-07-150x150.jpg 150w, https:\/\/www.kallistaenergy.com\/wp-content\/uploads\/2024\/09\/SDG-icon-DE-07-768x768.jpg 768w, https:\/\/www.kallistaenergy.com\/wp-content\/uploads\/2024\/09\/SDG-icon-DE-07.jpg 886w\" sizes=\"(max-width: 300px) 100vw, 300px\" \/><\/td>\n<td style=\"width: 70%; vertical-align: top;\">\n<p style=\"padding-left: 40px;\"><strong>380.000 Personen <\/strong>mit erneuerbarer Energie versorgt.<\/p>\n<\/td>\n<\/tr>\n<tr>\n<td style=\"width: 30%;\"><img decoding=\"async\" class=\"alignnone wp-image-17222 size-medium\" src=\"https:\/\/www.kallistaenergy.com\/wp-content\/uploads\/2024\/09\/SDG-icon-DE-11-300x300.jpg\" alt=\"\" width=\"300\" height=\"300\" srcset=\"https:\/\/www.kallistaenergy.com\/wp-content\/uploads\/2024\/09\/SDG-icon-DE-11-300x300.jpg 300w, https:\/\/www.kallistaenergy.com\/wp-content\/uploads\/2024\/09\/SDG-icon-DE-11-150x150.jpg 150w, https:\/\/www.kallistaenergy.com\/wp-content\/uploads\/2024\/09\/SDG-icon-DE-11-768x768.jpg 768w, https:\/\/www.kallistaenergy.com\/wp-content\/uploads\/2024\/09\/SDG-icon-DE-11.jpg 886w\" sizes=\"(max-width: 300px) 100vw, 300px\" \/><\/td>\n<td style=\"width: 70%; vertical-align: top;\">\n<p style=\"padding-left: 40px;\"><b><strong>\u00dcber 3 Millionen Euro <\/strong><\/b>kommunale Steuer an Gemeinden, auf deren Gebiet unsere Energieparks liegen.<\/p>\n<\/td>\n<\/tr>\n<tr>\n<td style=\"width: 30%;\"><img decoding=\"async\" class=\"alignnone wp-image-17226 size-medium\" src=\"https:\/\/www.kallistaenergy.com\/wp-content\/uploads\/2024\/09\/SDG-icon-DE-13-300x300.jpg\" alt=\"\" width=\"300\" height=\"300\" srcset=\"https:\/\/www.kallistaenergy.com\/wp-content\/uploads\/2024\/09\/SDG-icon-DE-13-300x300.jpg 300w, https:\/\/www.kallistaenergy.com\/wp-content\/uploads\/2024\/09\/SDG-icon-DE-13-150x150.jpg 150w, https:\/\/www.kallistaenergy.com\/wp-content\/uploads\/2024\/09\/SDG-icon-DE-13-768x768.jpg 768w, https:\/\/www.kallistaenergy.com\/wp-content\/uploads\/2024\/09\/SDG-icon-DE-13.jpg 886w\" sizes=\"(max-width: 300px) 100vw, 300px\" \/><\/td>\n<td style=\"width: 70%; vertical-align: top;\">\n<p style=\"padding-left: 40px;\"><strong>845 GWh erneuerbare Energie<\/strong> durch unsere Wind- und Solarparks erzeugt.<\/p>\n<p style=\"padding-left: 40px;\"><strong>100 % Elektrofahrzeuge<\/strong> in der Firmenflotte.<\/p>\n<\/td>\n<\/tr>\n<\/tbody>\n<\/table>\n<p>&nbsp;<\/p>\n<p>&nbsp;<\/p>\n<p><a class=\"btn\" href=\"https:\/\/www.kallistaenergy.com\/wp-content\/uploads\/2025\/10\/KallistaEnergy-CSR-Report-2024-EN-.pdf\" target=\"_blank\" rel=\"noopener\">CSR-Bericht 2024<\/a><\/p>\n                                                    <\/div>\n                    <\/div>\n                        <\/div>\n\n    <\/div>\n<\/div>\n\n\n<div class=\"separator-wrapper\" style=\"\" id=\"block_670f3f9287cdff1bb0e77e51ca4e6f14\">\n    <div class=\"container\">\n        <div class=\"separator-inner\"><\/div>\n    <\/div>\n<\/div>\n\n<div class=\"row justify-content-center ensavoirplus mb75 mt75\" id=\"block_a3830baba3bbc989e9e71cf3a66e7e2b\">\n\n            <div class=\"col-12 col-md-8\">\n\n                <h3>Archiv<\/h3>\n\n\n\t\t\t\t<ul>\n<li>CSR-Bericht 2024<\/li>\n<li>CSR-Bericht 2023<\/li>\n<li><a href=\"https:\/\/www.kallistaenergy.com\/wp-content\/uploads\/2023\/07\/Kallista-RSE-2022-EN.pdf\">CSR-Bericht 2022<\/a><\/li>\n<li><a href=\"https:\/\/www.kallistaenergy.com\/wp-content\/uploads\/2022\/06\/KallistaEnergy-CSR_Report_2021_Light.pdf\">CSR-Bericht 2021<\/a><\/li>\n<li><a href=\"https:\/\/www.kallistaenergy.com\/wp-content\/uploads\/2021\/07\/EN_Kallista_Energy-CSR_Report_2020-VF.pdf\" target=\"_blank\" rel=\"noopener\">CSR-Bericht 2020<\/a><\/li>\n<li><a href=\"https:\/\/www.kallistaenergy.com\/wp-content\/uploads\/2020\/07\/2020-07-17_Kallista_Energy_2019_CSR_Report.pdf\" target=\"_blank\" rel=\"noopener\">CSR-Bericht 2019<\/a><\/li>\n<\/ul>\n\n            <\/div>\n\n        <\/div>\n\n\n<div class=\"more-info-wrapper\" id=\"block_90a041c8a998faeba601fe670f6feab7\">\n    <div class=\"container\">\n        <div class=\"more-info-inner\">\n<!--            <div class=\"heading-holder\">\n                <h2><\/h2>\n            <\/div>-->\n            <div class=\"buttons-holder\">\n                                    <a href=\"https:\/\/www.kallistaenergy.com\/de\/umwelt\/\"\n                        target=\"_self\">Umwelt<\/a>\n                                    <a href=\"https:\/\/www.kallistaenergy.com\/de\/gesellschaft\/\"\n                        target=\"_self\">Gesellschaft<\/a>\n                                    <a href=\"https:\/\/www.kallistaenergy.com\/de\/unternehmensfuhrung\/\"\n                        target=\"_self\">Unternehmensf\u00fchrung<\/a>\n                \n            <\/div>\n        <\/div>\n    <\/div>\n<\/div>\n","protected":false},"excerpt":{"rendered":"","protected":false},"author":11,"featured_media":0,"parent":0,"menu_order":0,"comment_status":"closed","ping_status":"closed","template":"blocks-template.php","meta":{"_acf_changed":false,"inline_featured_image":false,"footnotes":""},"class_list":["post-12893","page","type-page","status-publish","hentry"],"acf":[],"yoast_head":"<!-- This site is optimized with the Yoast SEO Premium plugin v27.1 (Yoast SEO v27.1.1) - https:\/\/yoast.com\/product\/yoast-seo-premium-wordpress\/ -->\n<title>Nachhaltigkeit - Kallista Energy<\/title>\n<meta name=\"robots\" content=\"index, follow, max-snippet:-1, max-image-preview:large, max-video-preview:-1\" \/>\n<link rel=\"canonical\" href=\"https:\/\/www.kallistaenergy.com\/de\/unser-engagement-neu\/\" \/>\n<meta property=\"og:locale\" content=\"de_DE\" \/>\n<meta property=\"og:type\" content=\"article\" \/>\n<meta property=\"og:title\" content=\"Nachhaltigkeit\" \/>\n<meta property=\"og:url\" content=\"https:\/\/www.kallistaenergy.com\/de\/unser-engagement-neu\/\" \/>\n<meta property=\"og:site_name\" content=\"Kallista Energy\" \/>\n<meta property=\"article:modified_time\" content=\"2026-02-20T10:43:04+00:00\" \/>\n<script type=\"application\/ld+json\" class=\"yoast-schema-graph\">{\"@context\":\"https:\/\/schema.org\",\"@graph\":[{\"@type\":\"WebPage\",\"@id\":\"https:\/\/www.kallistaenergy.com\/de\/unser-engagement-neu\/\",\"url\":\"https:\/\/www.kallistaenergy.com\/de\/unser-engagement-neu\/\",\"name\":\"Nachhaltigkeit - Kallista Energy\",\"isPartOf\":{\"@id\":\"https:\/\/www.kallistaenergy.com\/#website\"},\"datePublished\":\"2024-08-22T12:13:39+00:00\",\"dateModified\":\"2026-02-20T10:43:04+00:00\",\"breadcrumb\":{\"@id\":\"https:\/\/www.kallistaenergy.com\/de\/unser-engagement-neu\/#breadcrumb\"},\"inLanguage\":\"de\",\"potentialAction\":[{\"@type\":\"ReadAction\",\"target\":[\"https:\/\/www.kallistaenergy.com\/de\/unser-engagement-neu\/\"]}]},{\"@type\":\"BreadcrumbList\",\"@id\":\"https:\/\/www.kallistaenergy.com\/de\/unser-engagement-neu\/#breadcrumb\",\"itemListElement\":[{\"@type\":\"ListItem\",\"position\":1,\"name\":\"Accueil\",\"item\":\"https:\/\/www.kallistaenergy.com\/de\/\"},{\"@type\":\"ListItem\",\"position\":2,\"name\":\"Nachhaltigkeit\"}]},{\"@type\":\"WebSite\",\"@id\":\"https:\/\/www.kallistaenergy.com\/#website\",\"url\":\"https:\/\/www.kallistaenergy.com\/\",\"name\":\"Kallista Energy\",\"description\":\"\",\"potentialAction\":[{\"@type\":\"SearchAction\",\"target\":{\"@type\":\"EntryPoint\",\"urlTemplate\":\"https:\/\/www.kallistaenergy.com\/?s={search_term_string}\"},\"query-input\":{\"@type\":\"PropertyValueSpecification\",\"valueRequired\":true,\"valueName\":\"search_term_string\"}}],\"inLanguage\":\"de\"}]}<\/script>\n<!-- \/ Yoast SEO Premium plugin. -->","yoast_head_json":{"title":"Nachhaltigkeit - Kallista Energy","robots":{"index":"index","follow":"follow","max-snippet":"max-snippet:-1","max-image-preview":"max-image-preview:large","max-video-preview":"max-video-preview:-1"},"canonical":"https:\/\/www.kallistaenergy.com\/de\/unser-engagement-neu\/","og_locale":"de_DE","og_type":"article","og_title":"Nachhaltigkeit","og_url":"https:\/\/www.kallistaenergy.com\/de\/unser-engagement-neu\/","og_site_name":"Kallista Energy","article_modified_time":"2026-02-20T10:43:04+00:00","schema":{"@context":"https:\/\/schema.org","@graph":[{"@type":"WebPage","@id":"https:\/\/www.kallistaenergy.com\/de\/unser-engagement-neu\/","url":"https:\/\/www.kallistaenergy.com\/de\/unser-engagement-neu\/","name":"Nachhaltigkeit - Kallista Energy","isPartOf":{"@id":"https:\/\/www.kallistaenergy.com\/#website"},"datePublished":"2024-08-22T12:13:39+00:00","dateModified":"2026-02-20T10:43:04+00:00","breadcrumb":{"@id":"https:\/\/www.kallistaenergy.com\/de\/unser-engagement-neu\/#breadcrumb"},"inLanguage":"de","potentialAction":[{"@type":"ReadAction","target":["https:\/\/www.kallistaenergy.com\/de\/unser-engagement-neu\/"]}]},{"@type":"BreadcrumbList","@id":"https:\/\/www.kallistaenergy.com\/de\/unser-engagement-neu\/#breadcrumb","itemListElement":[{"@type":"ListItem","position":1,"name":"Accueil","item":"https:\/\/www.kallistaenergy.com\/de\/"},{"@type":"ListItem","position":2,"name":"Nachhaltigkeit"}]},{"@type":"WebSite","@id":"https:\/\/www.kallistaenergy.com\/#website","url":"https:\/\/www.kallistaenergy.com\/","name":"Kallista Energy","description":"","potentialAction":[{"@type":"SearchAction","target":{"@type":"EntryPoint","urlTemplate":"https:\/\/www.kallistaenergy.com\/?s={search_term_string}"},"query-input":{"@type":"PropertyValueSpecification","valueRequired":true,"valueName":"search_term_string"}}],"inLanguage":"de"}]}},"_links":{"self":[{"href":"https:\/\/www.kallistaenergy.com\/de\/wp-json\/wp\/v2\/pages\/12893","targetHints":{"allow":["GET"]}}],"collection":[{"href":"https:\/\/www.kallistaenergy.com\/de\/wp-json\/wp\/v2\/pages"}],"about":[{"href":"https:\/\/www.kallistaenergy.com\/de\/wp-json\/wp\/v2\/types\/page"}],"author":[{"embeddable":true,"href":"https:\/\/www.kallistaenergy.com\/de\/wp-json\/wp\/v2\/users\/11"}],"replies":[{"embeddable":true,"href":"https:\/\/www.kallistaenergy.com\/de\/wp-json\/wp\/v2\/comments?post=12893"}],"version-history":[{"count":131,"href":"https:\/\/www.kallistaenergy.com\/de\/wp-json\/wp\/v2\/pages\/12893\/revisions"}],"predecessor-version":[{"id":24376,"href":"https:\/\/www.kallistaenergy.com\/de\/wp-json\/wp\/v2\/pages\/12893\/revisions\/24376"}],"wp:attachment":[{"href":"https:\/\/www.kallistaenergy.com\/de\/wp-json\/wp\/v2\/media?parent=12893"}],"curies":[{"name":"wp","href":"https:\/\/api.w.org\/{rel}","templated":true}]}}