{"id":14755,"date":"2024-07-25T11:40:07","date_gmt":"2024-07-25T09:40:07","guid":{"rendered":"https:\/\/kallistav3.alx-web.com\/portrait-blocks\/"},"modified":"2026-03-10T15:33:14","modified_gmt":"2026-03-10T14:33:14","slug":"portrait-neu","status":"publish","type":"page","link":"https:\/\/www.kallistaenergy.com\/de\/portrait-neu\/","title":{"rendered":"Portrait"},"content":{"rendered":"<div class=\"interior-banner-wrapper\" id=\"block_cc1e1ae64e3af225dc22f51187f90bd7\"> \n    <div class=\"img-holder\">\n        <img decoding=\"async\" src=\"https:\/\/www.kallistaenergy.com\/wp-content\/uploads\/2024\/08\/20230413-KALLISTA_PLANS_HABILLAGES_SPB_DERUSH.00_07_20_30.Still011.jpg\" alt=\"\">\n    <\/div>\n    <div class=\"page-title-holder\">\n        <h1>Portrait<\/h1>\n    <\/div>\n<\/div>\n\n<div  id=\"block_f34104c331b52c52917b5514243d4b98\" class=\"heading-wrapper\" style=\"\">\n    <div class=\"container\">\n        <div class=\"heading-inner\">\n            <h1 style=\"text-align: center;\">Partnerschaftlich und nachhaltig:<br \/>\nGemeinsam f\u00fcr die Energiewende<\/h1>\n        <\/div>\n    <\/div>\n<\/div>\n\n\n<div class=\"side-by-side-wrapper\" id=\"block_2ad96e2216495bed452826e6bc56a3df\">\n    <div class=\"container\">\n        <div class=\"side-by-side-inner\">\n                                <div class=\"single-row\">\n                        <div class=\"heading-holder\">\n                                                            <div class=\"img-holder noresize\">\n                                    <img decoding=\"async\" src=\"https:\/\/www.kallistaenergy.com\/wp-content\/uploads\/2024\/09\/KE-24001-Team-Fotos6978_CROP_3-e1726732472811.jpg\" alt=\"\">\n                                    <p class=\"legend\"><\/p>\n                                <\/div>\n                                                    <\/div>\n                        <div class=\"description\">\n                            <p><span data-contrast=\"auto\">Wir treiben gemeinsam Schritt f\u00fcr Schritt die Energiewende voran \u2013 partnerschaftlich, pers\u00f6nlich, konsequent nachhaltig. Dabei leitet uns unser Name: \u201eKallista\u201c stammt aus dem Griechischen und bedeutet \u201edie Sch\u00f6nste\u201c, denn f\u00fcr uns sind Erneuerbare Energien die sch\u00f6nste L\u00f6sung f\u00fcr eine \u00f6kologisch und \u00f6konomisch stimmige Zukunft.\u00a0<\/span><span data-ccp-props=\"{&quot;201341983&quot;:0,&quot;335551550&quot;:6,&quot;335551620&quot;:6,&quot;335559685&quot;:0,&quot;335559739&quot;:0,&quot;335559740&quot;:276}\">\u00a0<\/span><\/p>\n<p><span data-contrast=\"auto\">Von der Neuentwicklung bis zum Betrieb von Windenergie und Photovoltaik: Wir machen das. F\u00fcr Sie und f\u00fcr eine gr\u00fcne Zukunft. Mit langfristiger finanzieller Sicherheit. <\/span><\/p>\n<p><span data-contrast=\"auto\">Wir stehen f\u00fcr klare Kommunikation und pers\u00f6nliche Betreuung\u200b, Top-Service und hervorragende Ergebnisse \u00fcber die gesamte Laufzeit \u2013 aus einer Hand\u200b. Mit langj\u00e4hriger Expertise, Fairness und Transparenz integrieren wir alle Beteiligten\u200b und sorgen f\u00fcr attraktive Ertr\u00e4ge aus Wind und Sonne.<\/span><span data-ccp-props=\"{&quot;201341983&quot;:0,&quot;335551550&quot;:6,&quot;335551620&quot;:6,&quot;335559685&quot;:0,&quot;335559739&quot;:0,&quot;335559740&quot;:276}\">\u00a0<\/span><\/p>\n                                                    <\/div>\n                    <\/div>\n                        <\/div>\n\n    <\/div>\n<\/div>\n\n\n<div class=\"producer-main-wrapper\" id=\"block_4482fb538d03379043c94f09eb8f0f21\">\n    <div class=\"container\">\n        <div class=\"producer-inner\">\n            <div class=\"block-title\"><\/div>\n            <div class=\"producer-holder\">\n                <div class=\"img-holder\">\n                    <img decoding=\"async\" src=\"https:\/\/www.kallistaenergy.com\/wp-content\/uploads\/2026\/03\/KALLISTA-ENERGY-JOHANN-TARDY-30-scaled.jpg\" alt=\"\">\n                <\/div>\n                <div class=\"info-holder\">\n                    <div class=\"message\"><H3>Die Energie von Kallista Energy:<br>Erneuerbar und wirtschaftlich<\/H3>\r\n\r\n\u201eStrom gleichzeitig wirtschaftlich und \u00f6kologisch zu erzeugen ist kein Wunschdenken, sondern notwendig \u2013 und m\u00f6glich! <br>\r\n<br>\r\nWir m\u00fcssen die fossilen Energietr\u00e4ger hinter uns lassen, sie sind die Hauptursache f\u00fcr den Klimawandel. Und wir m\u00fcssen allen Menschen Elektrizit\u00e4t zu einem angemessenen Preis anbieten. Daf\u00fcr stehen wir. <br>\r\n<br>\r\nDie Teams von Kallista Energy setzen sich t\u00e4glich mit aller Kraft daf\u00fcr ein, diese beiden Anforderungen zu erf\u00fcllen und die Energiewende Wirklichkeit werden zu lassen.\u201c<\/div>\n                    <div class=\"name\">Johann Tardy<\/div>\n                    <div class=\"designation\">CEO der Kallista Energy Gruppe<\/div>\n                <\/div>\n            <\/div>\n        <\/div>\n    <\/div>\n<\/div>\n\n<div class=\"side-by-side-wrapper\" id=\"block_8b9191f7ec427c2b639152a81909892f\">\n    <div class=\"container\">\n        <div class=\"side-by-side-inner\">\n                                <div class=\"single-row\">\n                        <div class=\"heading-holder\">\n                            Ganzheitlich und leidenschaftlich  \u2013<br>mit Sonne, Wind und Ihnen!                                <div class=\"img-holder noresize\">\n                                    <img decoding=\"async\" src=\"https:\/\/www.kallistaenergy.com\/wp-content\/uploads\/2024\/08\/Kallista_Energy_Picardie_Breteuil-0493\u00a9Stephane_Leroy.jpg\" alt=\"\">\n                                    <p class=\"legend\"><\/p>\n                                <\/div>\n                                                    <\/div>\n                        <div class=\"description\">\n                            <p>Seit 2005 steht Kallista Energy f\u00fcr unabh\u00e4ngige Energiegewinnung aus erneuerbaren Quellen. Wir wollen langfristig kosteng\u00fcnstigen und gleichzeitig umweltfreundlichen Strom erzeugen.<\/p>\n<p>Dabei setzen wir auf geografische und technologische Vielfalt: Windkraft, Solarenergie, Elektromobilit\u00e4t und Batteriespeicher in Frankreich, Deutschland und den Niederlanden. Vor allem bauen wir auf das Engagement der Kallista-Energy-Expertinnen und -Experten vor Ort, denn die nationalen Teams ber\u00fccksichtigen die l\u00e4nderspezifischen Gegebenheiten und garantieren die optimale Zusammenarbeit mit allen Beteiligten in der Region.<\/p>\n<p>Ob Neuentwicklung oder Repowering: Vom Projektmanagement \u00fcber die Finanzierung bis hin zum Betrieb der Anlagen decken wir mit umfassender Expertise alle Phasen der Projektentwicklung ab. Erfahrene, qualifizierte Mitarbeiterinnen und Mitarbeiter und langfristige Partnerschaften mit Lieferanten sichern dabei stetig hervorragende Ergebnisse und effiziente Abl\u00e4ufe.<\/p>\n<p>Kallista Energy steht f\u00fcr verantwortungsvolle, nachhaltig orientierte Unternehmensf\u00fchrung. Unsere langfristig engagierten Aktion\u00e4re APG und AXA unterst\u00fctzen uns in unserem Engagement f\u00fcr Energie aus erneuerbaren Ressourcen.<\/p>\n                                                    <\/div>\n                    <\/div>\n                                    <div class=\"single-row\">\n                        <div class=\"heading-holder\">\n                            Kallista Energy in Deutschland                                <div class=\"img-holder noresize\">\n                                    <img decoding=\"async\" src=\"https:\/\/www.kallistaenergy.com\/wp-content\/uploads\/2024\/09\/KE-24001-Team-Fotos7489.jpg\" alt=\"\">\n                                    <p class=\"legend\">Das F\u00fchrungsteam von Kallista Energy Deutschland:<br>Heiko Gl\u00fccklich, Malte J\u00e4nsch und Frauke Bungart<\/p>\n                                <\/div>\n                                                    <\/div>\n                        <div class=\"description\">\n                            <p><span data-contrast=\"auto\">Als Kallista Energy 2021 auch in Deutschland startete, war noch nicht absehbar, dass sich das Unternehmen hier so schnell und solide etabliert. Und dass drei Jahre sp\u00e4ter schon 23 Menschen bei Kallista Energy Deutschland ein tatkr\u00e4ftiges, gut eingespieltes Team bilden.<\/span><span data-ccp-props=\"{&quot;201341983&quot;:0,&quot;335551550&quot;:6,&quot;335551620&quot;:6,&quot;335559685&quot;:0,&quot;335559739&quot;:0,&quot;335559740&quot;:276}\">\u00a0<\/span><\/p>\n<p><span data-contrast=\"auto\">Unser Team wird gef\u00fchrt von Heiko Gl\u00fccklich, Country Manager Germany, Frauke Bungart, Leiterin Repowering, und Malte J\u00e4nsch, Director Business Development. Die drei bringen bei Kallista Energy Deutschland ihre langj\u00e4hrige Erfahrung in verantwortlichen Positionen im Bereich Erneuerbare Energien ein \u2013 au\u00dferdem fundierte Marktkenntnisse und ein hervorragendes Netzwerk.<\/span><span data-ccp-props=\"{&quot;201341983&quot;:0,&quot;335551550&quot;:6,&quot;335551620&quot;:6,&quot;335559685&quot;:0,&quot;335559739&quot;:0,&quot;335559740&quot;:276}\">\u00a0<\/span><\/p>\n<p><span data-contrast=\"auto\">Von der ersten Planung \u00fcber Repowering bis zur Betriebsf\u00fchrung deckt Kallista Energy Deutschland alle Leistungen ab und unterst\u00fctzt Fl\u00e4cheneigent\u00fcmerinnen und Fl\u00e4cheneigent\u00fcmer mit effizienten Abl\u00e4ufen und Rat und Tat, um optimale Ertr\u00e4ge zu erzielen.<\/span><span data-ccp-props=\"{&quot;201341983&quot;:0,&quot;335551550&quot;:6,&quot;335551620&quot;:6,&quot;335559685&quot;:0,&quot;335559739&quot;:0,&quot;335559740&quot;:276}\">\u00a0<\/span><\/p>\n<p><span data-contrast=\"auto\">Unser B\u00fcro liegt zentral inmitten der deutschen Windmetropole Hamburg.<\/span><span data-ccp-props=\"{&quot;201341983&quot;:0,&quot;335551550&quot;:6,&quot;335551620&quot;:6,&quot;335559685&quot;:0,&quot;335559739&quot;:0,&quot;335559740&quot;:276}\">\u00a0<\/span><\/p>\n                                                    <\/div>\n                    <\/div>\n                        <\/div>\n\n    <\/div>\n<\/div>\n\n\n<div class=\"team-slider-wrapper\" id=\"block_ec0fc8a6fbcdb0bfe0df5d248981ad7f\">\n    <div class=\"container\">\n        <div class=\"team-slider-header\">\n            <div class=\"title\">Das Team von Kallista Energy Deutschland<\/div>\n            <div class=\"description\"><br>Das gesamte Team der Expertinnen und Experten von Kallista Energy Deutschland setzt sich mit vollem Engagement f\u00fcr die Energiewende ein und ist spezialisiert auf die Besonderheiten in Deutschland.<br><br>Was uns vor allem ausmacht? Wer uns kennt, sagt, es ist die Mischung. Wir sind leidenschaftlich und humorvoll, bodenst\u00e4ndig und professionell, klar strukturiert und dabei sehr flexibel: Das ist Kallista Energy Deutschland &#8211; Ihr Team f\u00fcr Ihr Erneuerbare Energien-Projekt.<\/br><\/div>\n                    <\/div>\n        <div class=\"team-slider-inner\">\n                                <div class=\"single-team-member\">\n                        <div class=\"img-holder\">\n                            <img decoding=\"async\" src=\"https:\/\/www.kallistaenergy.com\/wp-content\/uploads\/2024\/08\/KE-24001-Team-Fotos7067.jpg\" alt=\"\">\n                        <\/div>\n                        <div class=\"info-holder\">\n                            <div class=\"name\">Mareike Sundermann<\/div>\n                            <div class=\"designation\">&#8222;Die St\u00e4rke unseres Teams liegt darin, dass alle ihre Expertise einbringen k\u00f6nnen, um gemeinsam an der Energiewende zu arbeiten.&#8220;<\/div>\n                        <\/div>\n                    <\/div>\n                                    <div class=\"single-team-member\">\n                        <div class=\"img-holder\">\n                            <img decoding=\"async\" src=\"https:\/\/www.kallistaenergy.com\/wp-content\/uploads\/2024\/09\/KE-24001-Team-Fotos7058.jpg\" alt=\"\">\n                        <\/div>\n                        <div class=\"info-holder\">\n                            <div class=\"name\">Benedikt Seitzer <\/div>\n                            <div class=\"designation\">&#8222;Ich sch\u00e4tze die Mischung aus Planung, Technik und Nachhaltigkeit. Gemeinsam entwickeln wir innovative Ans\u00e4tze.&#8220;<\/div>\n                        <\/div>\n                    <\/div>\n                                    <div class=\"single-team-member\">\n                        <div class=\"img-holder\">\n                            <img decoding=\"async\" src=\"https:\/\/www.kallistaenergy.com\/wp-content\/uploads\/2024\/08\/KE-24001-Team-Fotos7195.jpg\" alt=\"\">\n                        <\/div>\n                        <div class=\"info-holder\">\n                            <div class=\"name\">Franziska Klatt<\/div>\n                            <div class=\"designation\">\u201eJedes Projekt &#8211; ob Wind oder Solar &#8211; bringt neue Herausforderungen, was den Job immer wieder interessant macht.\u201c<\/div>\n                        <\/div>\n                    <\/div>\n                        <\/div>\n    <\/div>\n<\/div>\n\n\n<div class=\"more-info-wrapper\" id=\"block_bb3519f1797767b323e9c2f258aa4478\">\n    <div class=\"container\">\n        <div class=\"more-info-inner\">\n<!--            <div class=\"heading-holder\">\n                <h2><\/h2>\n            <\/div>-->\n            <div class=\"buttons-holder\">\n                                    <a href=\"https:\/\/www.kallistaenergy.com\/de\/unsere-werte\/\"\n                        target=\"_self\">Unsere Werte<\/a>\n                                    <a href=\"https:\/\/www.kallistaenergy.com\/de\/unsere-geschichte\/\"\n                        target=\"_self\">Unsere Geschichte<\/a>\n                                    <a href=\"https:\/\/www.kallistaenergy.com\/de\/mitarbeiten\/\"\n                        target=\"_self\">Mitarbeiten<\/a>\n                \n            <\/div>\n        <\/div>\n    <\/div>\n<\/div>\n","protected":false},"excerpt":{"rendered":"","protected":false},"author":1,"featured_media":20806,"parent":0,"menu_order":0,"comment_status":"closed","ping_status":"closed","template":"blocks-template.php","meta":{"_acf_changed":false,"inline_featured_image":false,"footnotes":""},"class_list":["post-14755","page","type-page","status-publish","has-post-thumbnail","hentry"],"acf":[],"yoast_head":"<!-- This site is optimized with the Yoast SEO Premium plugin v27.3 (Yoast SEO v27.3) - https:\/\/yoast.com\/product\/yoast-seo-premium-wordpress\/ -->\n<title>Portrait - Kallista Energy<\/title>\n<meta name=\"robots\" content=\"index, follow, max-snippet:-1, max-image-preview:large, max-video-preview:-1\" \/>\n<link rel=\"canonical\" href=\"https:\/\/www.kallistaenergy.com\/de\/portrait-neu\/\" \/>\n<meta property=\"og:locale\" content=\"de_DE\" \/>\n<meta property=\"og:type\" content=\"article\" \/>\n<meta property=\"og:title\" content=\"Portrait\" \/>\n<meta property=\"og:url\" content=\"https:\/\/www.kallistaenergy.com\/de\/portrait-neu\/\" \/>\n<meta property=\"og:site_name\" content=\"Kallista Energy\" \/>\n<meta property=\"article:modified_time\" content=\"2026-03-10T14:33:14+00:00\" \/>\n<meta property=\"og:image\" content=\"https:\/\/www.kallistaenergy.com\/wp-content\/uploads\/2023\/07\/Eolien-visuel.png\" \/>\n\t<meta property=\"og:image:width\" content=\"1920\" \/>\n\t<meta property=\"og:image:height\" content=\"1280\" \/>\n\t<meta property=\"og:image:type\" content=\"image\/png\" \/>\n<meta name=\"twitter:label1\" content=\"Gesch\u00e4tzte Lesezeit\" \/>\n\t<meta name=\"twitter:data1\" content=\"1\u00a0Minute\" \/>\n<script type=\"application\/ld+json\" class=\"yoast-schema-graph\">{\"@context\":\"https:\\\/\\\/schema.org\",\"@graph\":[{\"@type\":\"WebPage\",\"@id\":\"https:\\\/\\\/www.kallistaenergy.com\\\/de\\\/portrait-neu\\\/\",\"url\":\"https:\\\/\\\/www.kallistaenergy.com\\\/de\\\/portrait-neu\\\/\",\"name\":\"Portrait - Kallista Energy\",\"isPartOf\":{\"@id\":\"https:\\\/\\\/www.kallistaenergy.com\\\/#website\"},\"primaryImageOfPage\":{\"@id\":\"https:\\\/\\\/www.kallistaenergy.com\\\/de\\\/portrait-neu\\\/#primaryimage\"},\"image\":{\"@id\":\"https:\\\/\\\/www.kallistaenergy.com\\\/de\\\/portrait-neu\\\/#primaryimage\"},\"thumbnailUrl\":\"https:\\\/\\\/www.kallistaenergy.com\\\/wp-content\\\/uploads\\\/2023\\\/07\\\/Eolien-visuel.png\",\"datePublished\":\"2024-07-25T09:40:07+00:00\",\"dateModified\":\"2026-03-10T14:33:14+00:00\",\"breadcrumb\":{\"@id\":\"https:\\\/\\\/www.kallistaenergy.com\\\/de\\\/portrait-neu\\\/#breadcrumb\"},\"inLanguage\":\"de\",\"potentialAction\":[{\"@type\":\"ReadAction\",\"target\":[\"https:\\\/\\\/www.kallistaenergy.com\\\/de\\\/portrait-neu\\\/\"]}]},{\"@type\":\"ImageObject\",\"inLanguage\":\"de\",\"@id\":\"https:\\\/\\\/www.kallistaenergy.com\\\/de\\\/portrait-neu\\\/#primaryimage\",\"url\":\"https:\\\/\\\/www.kallistaenergy.com\\\/wp-content\\\/uploads\\\/2023\\\/07\\\/Eolien-visuel.png\",\"contentUrl\":\"https:\\\/\\\/www.kallistaenergy.com\\\/wp-content\\\/uploads\\\/2023\\\/07\\\/Eolien-visuel.png\",\"width\":1920,\"height\":1280},{\"@type\":\"BreadcrumbList\",\"@id\":\"https:\\\/\\\/www.kallistaenergy.com\\\/de\\\/portrait-neu\\\/#breadcrumb\",\"itemListElement\":[{\"@type\":\"ListItem\",\"position\":1,\"name\":\"Accueil\",\"item\":\"https:\\\/\\\/www.kallistaenergy.com\\\/de\\\/\"},{\"@type\":\"ListItem\",\"position\":2,\"name\":\"Portrait\"}]},{\"@type\":\"WebSite\",\"@id\":\"https:\\\/\\\/www.kallistaenergy.com\\\/#website\",\"url\":\"https:\\\/\\\/www.kallistaenergy.com\\\/\",\"name\":\"Kallista Energy\",\"description\":\"\",\"potentialAction\":[{\"@type\":\"SearchAction\",\"target\":{\"@type\":\"EntryPoint\",\"urlTemplate\":\"https:\\\/\\\/www.kallistaenergy.com\\\/?s={search_term_string}\"},\"query-input\":{\"@type\":\"PropertyValueSpecification\",\"valueRequired\":true,\"valueName\":\"search_term_string\"}}],\"inLanguage\":\"de\"}]}<\/script>\n<!-- \/ Yoast SEO Premium plugin. -->","yoast_head_json":{"title":"Portrait - Kallista Energy","robots":{"index":"index","follow":"follow","max-snippet":"max-snippet:-1","max-image-preview":"max-image-preview:large","max-video-preview":"max-video-preview:-1"},"canonical":"https:\/\/www.kallistaenergy.com\/de\/portrait-neu\/","og_locale":"de_DE","og_type":"article","og_title":"Portrait","og_url":"https:\/\/www.kallistaenergy.com\/de\/portrait-neu\/","og_site_name":"Kallista Energy","article_modified_time":"2026-03-10T14:33:14+00:00","og_image":[{"width":1920,"height":1280,"url":"https:\/\/www.kallistaenergy.com\/wp-content\/uploads\/2023\/07\/Eolien-visuel.png","type":"image\/png"}],"twitter_misc":{"Gesch\u00e4tzte Lesezeit":"1\u00a0Minute"},"schema":{"@context":"https:\/\/schema.org","@graph":[{"@type":"WebPage","@id":"https:\/\/www.kallistaenergy.com\/de\/portrait-neu\/","url":"https:\/\/www.kallistaenergy.com\/de\/portrait-neu\/","name":"Portrait - Kallista Energy","isPartOf":{"@id":"https:\/\/www.kallistaenergy.com\/#website"},"primaryImageOfPage":{"@id":"https:\/\/www.kallistaenergy.com\/de\/portrait-neu\/#primaryimage"},"image":{"@id":"https:\/\/www.kallistaenergy.com\/de\/portrait-neu\/#primaryimage"},"thumbnailUrl":"https:\/\/www.kallistaenergy.com\/wp-content\/uploads\/2023\/07\/Eolien-visuel.png","datePublished":"2024-07-25T09:40:07+00:00","dateModified":"2026-03-10T14:33:14+00:00","breadcrumb":{"@id":"https:\/\/www.kallistaenergy.com\/de\/portrait-neu\/#breadcrumb"},"inLanguage":"de","potentialAction":[{"@type":"ReadAction","target":["https:\/\/www.kallistaenergy.com\/de\/portrait-neu\/"]}]},{"@type":"ImageObject","inLanguage":"de","@id":"https:\/\/www.kallistaenergy.com\/de\/portrait-neu\/#primaryimage","url":"https:\/\/www.kallistaenergy.com\/wp-content\/uploads\/2023\/07\/Eolien-visuel.png","contentUrl":"https:\/\/www.kallistaenergy.com\/wp-content\/uploads\/2023\/07\/Eolien-visuel.png","width":1920,"height":1280},{"@type":"BreadcrumbList","@id":"https:\/\/www.kallistaenergy.com\/de\/portrait-neu\/#breadcrumb","itemListElement":[{"@type":"ListItem","position":1,"name":"Accueil","item":"https:\/\/www.kallistaenergy.com\/de\/"},{"@type":"ListItem","position":2,"name":"Portrait"}]},{"@type":"WebSite","@id":"https:\/\/www.kallistaenergy.com\/#website","url":"https:\/\/www.kallistaenergy.com\/","name":"Kallista Energy","description":"","potentialAction":[{"@type":"SearchAction","target":{"@type":"EntryPoint","urlTemplate":"https:\/\/www.kallistaenergy.com\/?s={search_term_string}"},"query-input":{"@type":"PropertyValueSpecification","valueRequired":true,"valueName":"search_term_string"}}],"inLanguage":"de"}]}},"_links":{"self":[{"href":"https:\/\/www.kallistaenergy.com\/de\/wp-json\/wp\/v2\/pages\/14755","targetHints":{"allow":["GET"]}}],"collection":[{"href":"https:\/\/www.kallistaenergy.com\/de\/wp-json\/wp\/v2\/pages"}],"about":[{"href":"https:\/\/www.kallistaenergy.com\/de\/wp-json\/wp\/v2\/types\/page"}],"author":[{"embeddable":true,"href":"https:\/\/www.kallistaenergy.com\/de\/wp-json\/wp\/v2\/users\/1"}],"replies":[{"embeddable":true,"href":"https:\/\/www.kallistaenergy.com\/de\/wp-json\/wp\/v2\/comments?post=14755"}],"version-history":[{"count":131,"href":"https:\/\/www.kallistaenergy.com\/de\/wp-json\/wp\/v2\/pages\/14755\/revisions"}],"predecessor-version":[{"id":24550,"href":"https:\/\/www.kallistaenergy.com\/de\/wp-json\/wp\/v2\/pages\/14755\/revisions\/24550"}],"wp:featuredmedia":[{"embeddable":true,"href":"https:\/\/www.kallistaenergy.com\/de\/wp-json\/wp\/v2\/media\/20806"}],"wp:attachment":[{"href":"https:\/\/www.kallistaenergy.com\/de\/wp-json\/wp\/v2\/media?parent=14755"}],"curies":[{"name":"wp","href":"https:\/\/api.w.org\/{rel}","templated":true}]}}