{"id":14825,"date":"2024-07-31T11:49:28","date_gmt":"2024-07-31T09:49:28","guid":{"rendered":"https:\/\/kallistav3.alx-web.com\/our-values\/"},"modified":"2024-09-19T10:43:16","modified_gmt":"2024-09-19T08:43:16","slug":"unsere-werte","status":"publish","type":"page","link":"https:\/\/www.kallistaenergy.com\/de\/unser-engagement-neu\/unsere-werte\/","title":{"rendered":"Unsere Werte"},"content":{"rendered":"<div class=\"interior-banner-wrapper\" id=\"block_66aa08d3e2419\"> \n    <div class=\"img-holder\">\n        <img decoding=\"async\" src=\"https:\/\/www.kallistaenergy.com\/wp-content\/uploads\/2017\/02\/Parcs_BretagStephane_Leroy-2.jpg\" alt=\"\">\n    <\/div>\n    <div class=\"page-title-holder\">\n        <h1>Unsere Werte<\/h1>\n    <\/div>\n<\/div>\n\n<div class=\"side-by-side-wrapper\" id=\"block_66d8cbf9ec37b\">\n    <div class=\"container\">\n        <div class=\"side-by-side-inner\">\n                                <div class=\"single-row\" id=\"\">\n                        <div class=\"description mw100\"><p><span data-contrast=\"auto\">Wir wollen eine wirtschaftlich und \u00f6kologisch nachhaltige Zukunft f\u00fcr alle Menschen. Dazu leisten wir unseren Beitrag \u2013 dort, wo wir sind, und mit den Mitteln, die wir haben \u2013 in allen unseren Energieparks und B\u00fcros.<\/span><span data-ccp-props=\"{&quot;201341983&quot;:0,&quot;335551550&quot;:6,&quot;335551620&quot;:6,&quot;335559685&quot;:0,&quot;335559739&quot;:0,&quot;335559740&quot;:276}\">\u00a0<\/span><\/p>\n<p><span data-contrast=\"auto\">Wir setzen uns jeden Tag daf\u00fcr ein, Strom aus erneuerbaren Quellen zu wirtschaftlichen Preisen zu erzeugen. Mit vielf\u00e4ltiger Expertise, pers\u00f6nlichem Engagement und klarer Orientierung an unseren Grundwerten.<\/span><span data-ccp-props=\"{&quot;201341983&quot;:0,&quot;335551550&quot;:6,&quot;335551620&quot;:6,&quot;335559685&quot;:0,&quot;335559739&quot;:0,&quot;335559740&quot;:276}\">\u00a0<\/span><\/p>\n<p><span data-contrast=\"auto\">Dabei helfen uns unsere Unternehmensethik, klar strukturierte Prozesse und transparentes und umsichtiges Risikomanagement.<\/span><span data-ccp-props=\"{&quot;201341983&quot;:0,&quot;335551550&quot;:6,&quot;335551620&quot;:6,&quot;335559685&quot;:0,&quot;335559739&quot;:0,&quot;335559740&quot;:276}\">\u00a0<\/span><\/p>\n<\/div>\n                    <\/div>\n                        <\/div>\n    <\/div>\n<\/div>\n\n\n<div class=\"qoute-wrapper\" id=\"block_66c6efa527140\">\n    <div class=\"container\">\n        <div class=\"qoute-inner\">\n            <div class=\"title\">Wir bei Kallista Energy setzen auf konsequente Integrit\u00e4t. Das erwarten wir auch von all unseren Partnern und suchen sie danach aus.<\/div>\n                    <\/div>\n    <\/div>\n<\/div>\n\n<div class=\"side-by-side-wrapper\" id=\"block_66c711c6f13e2\">\n    <div class=\"container\">\n        <div class=\"side-by-side-inner\">\n                                <div class=\"single-row\" id=\"Fair\">\n                        <div class=\"heading-holder\">Fair und integer<\/div>\n                        <div class=\"description\"><p>Auch wenn wir nicht gesetzlich dazu verpflichtet sind, halten sich die Mitarbeiter von Kallista Energy an einen Verhaltenskodex, der Korruption und Einflussnahme vorbeugt. Jede und jeder kann direkt dem Audit-Pr\u00e4sidium melden, wenn etwas nicht stimmt \u2013 ganz ohne Umweg \u00fcber die Vorgesetzten.<\/p>\n<p>Was wir ganz besonders beachten und verhindern:<\/p>\n<ul>\n<li>Unfaire Mietbedingungen<\/li>\n<li>Enteignungen innerhalb der Familien von Fl\u00e4cheneigent\u00fcmern<\/li>\n<li>Forderung von Leistungen, die nicht mit dem Projekt zusammenh\u00e4ngen<\/li>\n<li>Ungerechtfertigte Geb\u00fchren f\u00fcr die Nutzung \u00f6ffentlicher Wege<\/li>\n<\/ul>\n<p>Au\u00dferdem m\u00fcssen alle m\u00fcndliche Zusagen immer schriftlich festgehalten und an die Gesch\u00e4ftsleitung \u00fcbermittelt werden.<\/p>\n<\/div>\n                    <\/div>\n                        <\/div>\n    <\/div>\n<\/div>\n\n<div class=\"separator-wrapper\" style=\"\" id=\"block_66cef6be874dc\">\n    <div class=\"container\">\n        <div class=\"separator-inner\"><\/div>\n    <\/div>\n<\/div>\n\n<div class=\"side-by-side-wrapper\" id=\"block_66cef26e874d8\">\n    <div class=\"container\">\n        <div class=\"side-by-side-inner\">\n                                <div class=\"single-row\" id=\"Pragmatisch\">\n                        <div class=\"heading-holder\">Pragmatisch statt ideologisch<\/div>\n                        <div class=\"description\"><p><span data-contrast=\"auto\">Wir investieren in Energieerzeugung, die eine optimale Balance aus Ressourceneinsatz, Ertrag und Umweltauswirkung bietet. <\/span><\/p>\n<p><span data-contrast=\"auto\">Unsere Entscheidung f\u00fcr Wind- und Solarenergie haben wir aus klarer \u00dcberzeugung heraus getroffen, wobei unser Antrieb nicht Dogmatismus ist, sondern Nachhaltigkeit, Zuverl\u00e4ssigkeit und Wirtschaftlichkeit.<\/span><\/p>\n<p><span data-contrast=\"auto\">Wir pr\u00fcfen auch, wie wir die Kapazit\u00e4t unserer bestehenden Parks erweitern und in andere Bereiche der Erneuerbaren Energien investieren k\u00f6nnen.<\/span><span data-ccp-props=\"{&quot;201341983&quot;:0,&quot;335551550&quot;:1,&quot;335551620&quot;:1,&quot;335559685&quot;:0,&quot;335559739&quot;:0,&quot;335559740&quot;:276}\">\u00a0<\/span><\/p>\n<\/div>\n                    <\/div>\n                        <\/div>\n    <\/div>\n<\/div>\n\n<div class=\"separator-wrapper\" style=\"\" id=\"block_66cef6c4874dd\">\n    <div class=\"container\">\n        <div class=\"separator-inner\"><\/div>\n    <\/div>\n<\/div>\n\n<div class=\"side-by-side-wrapper\" id=\"block_66cef356874d9\">\n    <div class=\"container\">\n        <div class=\"side-by-side-inner\">\n                                <div class=\"single-row\" id=\"Nachhaltig\">\n                        <div class=\"heading-holder\">Nachhaltig<\/div>\n                        <div class=\"description\"><p><span data-contrast=\"auto\">Wir von Kallista Energy denken langfristig. Wir planen und wirtschaften so, dass unsere Erneuerbare-Energien-Projekte wirtschaftlich rentabel und \u00f6kologisch positiv sind.\u00a0<\/span><span data-ccp-props=\"{&quot;201341983&quot;:0,&quot;335551550&quot;:1,&quot;335551620&quot;:1,&quot;335559685&quot;:0,&quot;335559739&quot;:0,&quot;335559740&quot;:276}\">\u00a0<\/span><\/p>\n<p><span data-contrast=\"auto\">Unsere Wind- und Solarparks sind so konzipiert, dass sich nach 15 bis 20 Jahren die Anfangsinvestitionen amortisiert haben \u2013 in den letzten 10 Jahren des Betriebs ist dann unser Strom zu absolut wettbewerbsf\u00e4higen Preisen am Markt und dient k\u00fcnftigen Generationen zur nachhaltigen Stromerzeugung.\u00a0<\/span><span data-ccp-props=\"{&quot;201341983&quot;:0,&quot;335551550&quot;:1,&quot;335551620&quot;:1,&quot;335559685&quot;:0,&quot;335559739&quot;:0,&quot;335559740&quot;:276}\">\u00a0<\/span><\/p>\n<p><span data-contrast=\"auto\">Wir setzen auf neueste Technologien, um das Potenzial jedes Standorts voll auszusch\u00f6pfen und die Wartungskosten zu minimieren. Deshalb ersetzen wir \u00e4ltere <\/span><span data-contrast=\"auto\">Windenergieanlagen konsequent durch leistungsst\u00e4rkere und wirtschaftlichere Anlagen.\u00a0<\/span><\/p>\n<\/div>\n                    <\/div>\n                        <\/div>\n    <\/div>\n<\/div>\n\n<div class=\"more-info-wrapper\" id=\"block_66aa0da09e41a\">\n    <div class=\"container\">\n        <div class=\"more-info-inner\">\n<!--            <div class=\"heading-holder\">\n                <h2><\/h2>\n            <\/div>-->\n            <div class=\"buttons-holder\">\n                                    <a href=\"https:\/\/www.kallistaenergy.com\/de\/unser-engagement-neu\/\"\n                        target=\"_self\">Unser Engagement<\/a>\n                                    <a href=\"https:\/\/www.kallistaenergy.com\/de\/unsere-geschichte\/\"\n                        target=\"_self\">Unsere Geschichte<\/a>\n                                    <a href=\"https:\/\/www.kallistaenergy.com\/de\/mitarbeiten\/\"\n                        target=\"_self\">Mitarbeiten<\/a>\n                \n            <\/div>\n        <\/div>\n    <\/div>\n<\/div>\n","protected":false},"excerpt":{"rendered":"","protected":false},"author":1,"featured_media":0,"parent":12893,"menu_order":0,"comment_status":"closed","ping_status":"closed","template":"blocks-template.php","meta":{"_acf_changed":false,"inline_featured_image":false,"footnotes":""},"class_list":["post-14825","page","type-page","status-publish","hentry"],"acf":[],"yoast_head":"<!-- This site is optimized with the Yoast SEO Premium plugin v27.3 (Yoast SEO v27.3) - https:\/\/yoast.com\/product\/yoast-seo-premium-wordpress\/ -->\n<title>Unsere Werte - Kallista Energy<\/title>\n<meta name=\"robots\" content=\"index, follow, max-snippet:-1, max-image-preview:large, max-video-preview:-1\" \/>\n<link rel=\"canonical\" href=\"https:\/\/www.kallistaenergy.com\/de\/unsere-werte\/\" \/>\n<meta property=\"og:locale\" content=\"de_DE\" \/>\n<meta property=\"og:type\" content=\"article\" \/>\n<meta property=\"og:title\" content=\"Unsere Werte\" \/>\n<meta property=\"og:url\" content=\"https:\/\/www.kallistaenergy.com\/de\/unsere-werte\/\" \/>\n<meta property=\"og:site_name\" content=\"Kallista Energy\" \/>\n<meta property=\"article:modified_time\" content=\"2024-09-19T08:43:16+00:00\" \/>\n<script type=\"application\/ld+json\" class=\"yoast-schema-graph\">{\"@context\":\"https:\\\/\\\/schema.org\",\"@graph\":[{\"@type\":\"WebPage\",\"@id\":\"https:\\\/\\\/www.kallistaenergy.com\\\/de\\\/unsere-werte\\\/\",\"url\":\"https:\\\/\\\/www.kallistaenergy.com\\\/de\\\/unsere-werte\\\/\",\"name\":\"Unsere Werte - Kallista Energy\",\"isPartOf\":{\"@id\":\"https:\\\/\\\/www.kallistaenergy.com\\\/#website\"},\"datePublished\":\"2024-07-31T09:49:28+00:00\",\"dateModified\":\"2024-09-19T08:43:16+00:00\",\"breadcrumb\":{\"@id\":\"https:\\\/\\\/www.kallistaenergy.com\\\/de\\\/unsere-werte\\\/#breadcrumb\"},\"inLanguage\":\"de\",\"potentialAction\":[{\"@type\":\"ReadAction\",\"target\":[\"https:\\\/\\\/www.kallistaenergy.com\\\/de\\\/unsere-werte\\\/\"]}]},{\"@type\":\"BreadcrumbList\",\"@id\":\"https:\\\/\\\/www.kallistaenergy.com\\\/de\\\/unsere-werte\\\/#breadcrumb\",\"itemListElement\":[{\"@type\":\"ListItem\",\"position\":1,\"name\":\"Accueil\",\"item\":\"https:\\\/\\\/www.kallistaenergy.com\\\/de\\\/\"},{\"@type\":\"ListItem\",\"position\":2,\"name\":\"Unsere Werte\"}]},{\"@type\":\"WebSite\",\"@id\":\"https:\\\/\\\/www.kallistaenergy.com\\\/#website\",\"url\":\"https:\\\/\\\/www.kallistaenergy.com\\\/\",\"name\":\"Kallista Energy\",\"description\":\"\",\"potentialAction\":[{\"@type\":\"SearchAction\",\"target\":{\"@type\":\"EntryPoint\",\"urlTemplate\":\"https:\\\/\\\/www.kallistaenergy.com\\\/?s={search_term_string}\"},\"query-input\":{\"@type\":\"PropertyValueSpecification\",\"valueRequired\":true,\"valueName\":\"search_term_string\"}}],\"inLanguage\":\"de\"}]}<\/script>\n<!-- \/ Yoast SEO Premium plugin. -->","yoast_head_json":{"title":"Unsere Werte - Kallista Energy","robots":{"index":"index","follow":"follow","max-snippet":"max-snippet:-1","max-image-preview":"max-image-preview:large","max-video-preview":"max-video-preview:-1"},"canonical":"https:\/\/www.kallistaenergy.com\/de\/unsere-werte\/","og_locale":"de_DE","og_type":"article","og_title":"Unsere Werte","og_url":"https:\/\/www.kallistaenergy.com\/de\/unsere-werte\/","og_site_name":"Kallista Energy","article_modified_time":"2024-09-19T08:43:16+00:00","schema":{"@context":"https:\/\/schema.org","@graph":[{"@type":"WebPage","@id":"https:\/\/www.kallistaenergy.com\/de\/unsere-werte\/","url":"https:\/\/www.kallistaenergy.com\/de\/unsere-werte\/","name":"Unsere Werte - Kallista Energy","isPartOf":{"@id":"https:\/\/www.kallistaenergy.com\/#website"},"datePublished":"2024-07-31T09:49:28+00:00","dateModified":"2024-09-19T08:43:16+00:00","breadcrumb":{"@id":"https:\/\/www.kallistaenergy.com\/de\/unsere-werte\/#breadcrumb"},"inLanguage":"de","potentialAction":[{"@type":"ReadAction","target":["https:\/\/www.kallistaenergy.com\/de\/unsere-werte\/"]}]},{"@type":"BreadcrumbList","@id":"https:\/\/www.kallistaenergy.com\/de\/unsere-werte\/#breadcrumb","itemListElement":[{"@type":"ListItem","position":1,"name":"Accueil","item":"https:\/\/www.kallistaenergy.com\/de\/"},{"@type":"ListItem","position":2,"name":"Unsere Werte"}]},{"@type":"WebSite","@id":"https:\/\/www.kallistaenergy.com\/#website","url":"https:\/\/www.kallistaenergy.com\/","name":"Kallista Energy","description":"","potentialAction":[{"@type":"SearchAction","target":{"@type":"EntryPoint","urlTemplate":"https:\/\/www.kallistaenergy.com\/?s={search_term_string}"},"query-input":{"@type":"PropertyValueSpecification","valueRequired":true,"valueName":"search_term_string"}}],"inLanguage":"de"}]}},"_links":{"self":[{"href":"https:\/\/www.kallistaenergy.com\/de\/wp-json\/wp\/v2\/pages\/14825","targetHints":{"allow":["GET"]}}],"collection":[{"href":"https:\/\/www.kallistaenergy.com\/de\/wp-json\/wp\/v2\/pages"}],"about":[{"href":"https:\/\/www.kallistaenergy.com\/de\/wp-json\/wp\/v2\/types\/page"}],"author":[{"embeddable":true,"href":"https:\/\/www.kallistaenergy.com\/de\/wp-json\/wp\/v2\/users\/1"}],"replies":[{"embeddable":true,"href":"https:\/\/www.kallistaenergy.com\/de\/wp-json\/wp\/v2\/comments?post=14825"}],"version-history":[{"count":68,"href":"https:\/\/www.kallistaenergy.com\/de\/wp-json\/wp\/v2\/pages\/14825\/revisions"}],"predecessor-version":[{"id":18659,"href":"https:\/\/www.kallistaenergy.com\/de\/wp-json\/wp\/v2\/pages\/14825\/revisions\/18659"}],"up":[{"embeddable":true,"href":"https:\/\/www.kallistaenergy.com\/de\/wp-json\/wp\/v2\/pages\/12893"}],"wp:attachment":[{"href":"https:\/\/www.kallistaenergy.com\/de\/wp-json\/wp\/v2\/media?parent=14825"}],"curies":[{"name":"wp","href":"https:\/\/api.w.org\/{rel}","templated":true}]}}