{"id":14878,"date":"2024-07-29T09:31:42","date_gmt":"2024-07-29T07:31:42","guid":{"rendered":"https:\/\/kallistav3.alx-web.com\/history-blocks\/"},"modified":"2025-10-14T17:34:27","modified_gmt":"2025-10-14T15:34:27","slug":"unsere-geschichte","status":"publish","type":"page","link":"https:\/\/www.kallistaenergy.com\/de\/portrait-neu\/unsere-geschichte\/","title":{"rendered":"Unsere Geschichte"},"content":{"rendered":"<div class=\"interior-banner-wrapper\" id=\"block_5316269a6559fb596b65f4bff70062c2\"> \n    <div class=\"img-holder\">\n        <img decoding=\"async\" src=\"https:\/\/www.kallistaenergy.com\/wp-content\/uploads\/2023\/03\/20161003_080215-scaled.jpg\" alt=\"\">\n    <\/div>\n    <div class=\"page-title-holder\">\n        <h1>Unsere Geschichte<\/h1>\n    <\/div>\n<\/div>\n\n<div class=\"side-by-side-wrapper\" id=\"block_b173bbb280f5b5b23d53b37b9d360888\">\n    <div class=\"container\">\n        <div class=\"side-by-side-inner\">\n                                <div class=\"single-row\" id=\"\">\n                        <div class=\"description mw100\"><h3>Der Weg von Kallista Energy &#8211; Stetige Entwicklung und umsichtiges Wachstum.<br \/>\nSeit 2005.<\/h3>\n<p>Kallista Energy engagiert sich f\u00fcr eine unabh\u00e4ngige Energiegewinnung aus erneuerbaren Quellen &#8211; mit dem Ziel Erneuerbare Energien f\u00fcr alle zug\u00e4nglich zu machen. Mit vielf\u00e4ltiger Expertise, pers\u00f6nlichem Engagement und klarer Orientierung an unseren Grundwerten.<\/p>\n<\/div>\n                    <\/div>\n                        <\/div>\n    <\/div>\n<\/div>\n\n\n<div class=\"separator-wrapper\" style=\"\" id=\"block_7d4005e61db620502a7873939596182f\">\n    <div class=\"container\">\n        <div class=\"separator-inner\"><\/div>\n    <\/div>\n<\/div>\n\n<div class=\"timeline-wrapper\" id=\"block_46370bacab6af1e65685727c785115c2\">\n    <div class=\"container\">\n        <div class=\"timeline-inner\">\n            <div class=\"header-holder\">\n                <h1><\/h1>\n                <div class=\"subtitle-holder\">\n                    <div class=\"subtitle\"><\/div>\n                    <div class=\"description\">\n                                            <\/div>\n                <\/div>\n            <\/div>\n            <div class=\"timeline-holder\"> \n                                        <div class=\"single-item active\">\n                            <div class=\"img-holder \"><img decoding=\"async\" src=\"https:\/\/www.kallistaenergy.com\/wp-content\/uploads\/2024\/08\/20230413-KALLISTA_PLANS_HABILLAGES_SPB_DERUSH.00_07_20_30.Still011.jpg\" alt=\"\"><\/div>\n                            <div class=\"timeline-info\">\n                                <div class=\"accordian-header\">\n                                    <div class=\"accordian-inner\">\n                                        2023                                    <\/div>\n                                <\/div>\n                                <div class=\"description\"><p>2023 war f\u00fcr uns ein Jahr des Fortschritts.<\/p>\n<p>Wir haben neue Stromabnahmevertr\u00e4ge mit Lhyfe und Les Mousquetaires abgeschlossen, die Genehmigung f\u00fcr ein Batteriespeicherprojekt \u00fcber 100 MW erhalten und den Zuschlag f\u00fcr mehr als 30 MW Windleistung gewonnen.<\/p>\n<p>Unsere Klimaziele wurden zudem offiziell durch die Science Based Targets Initiative (SBTi) best\u00e4tigt \u2013 eine wichtige Anerkennung unseres Engagements f\u00fcr den Klimaschutz.<\/p>\n<\/div>\n                            <\/div>\n                        <\/div>\n                                            <div class=\"single-item active\">\n                            <div class=\"img-holder \"><img decoding=\"async\" src=\"https:\/\/www.kallistaenergy.com\/wp-content\/uploads\/2024\/08\/Kallista-nuit-6-scaled.jpg\" alt=\"\"><\/div>\n                            <div class=\"timeline-info\">\n                                <div class=\"accordian-header\">\n                                    <div class=\"accordian-inner\">\n                                        2022                                    <\/div>\n                                <\/div>\n                                <div class=\"description\"><p>Unser Team ist in Frankreich und Deutschland um 15 neue Kolleginnen und Kollegen gewachsen.<\/p>\n<p>Wir haben zwei Windparks in der Bretagne erfolgreich repowert und zus\u00e4tzliche Standorte in Caurel und Dirinon \u00fcbernommen.<\/p>\n<p>Erstmals wurden wir im europ\u00e4ischen GRESB-Ranking gelistet, und in der Normandie haben wir eine der ersten Ultrahochleistungs-Ladestationen (360 kW) in Betrieb genommen \u2013 ein starkes Signal f\u00fcr unseren Innovationsgeist.<\/p>\n<\/div>\n                            <\/div>\n                        <\/div>\n                                            <div class=\"single-item active\">\n                            <div class=\"img-holder \"><img decoding=\"async\" src=\"https:\/\/www.kallistaenergy.com\/wp-content\/uploads\/2024\/08\/DJI_0418-1-scaled.jpg\" alt=\"\"><\/div>\n                            <div class=\"timeline-info\">\n                                <div class=\"accordian-header\">\n                                    <div class=\"accordian-inner\">\n                                        2021                                    <\/div>\n                                <\/div>\n                                <div class=\"description\"><p>Mit der Er\u00f6ffnung unseres B\u00fcros in Hamburg haben wir unsere Pr\u00e4senz in Europa erweitert.<\/p>\n<p>Wir haben uns am niederl\u00e4ndischen Windpark Krammer (102 MW) beteiligt und unser Portfolio um Photovoltaikprojekte in Frankreich und Deutschland erg\u00e4nzt.<\/p>\n<p>So haben wir den Grundstein f\u00fcr ein breiteres, diversifiziertes Energieangebot gelegt.<\/p>\n<\/div>\n                            <\/div>\n                        <\/div>\n                                            <div class=\"single-item \">\n                            <div class=\"img-holder \"><img decoding=\"async\" src=\"https:\/\/www.kallistaenergy.com\/wp-content\/uploads\/2024\/08\/DJI_0239-1.jpg\" alt=\"\"><\/div>\n                            <div class=\"timeline-info\">\n                                <div class=\"accordian-header\">\n                                    <div class=\"accordian-inner\">\n                                        2020                                    <\/div>\n                                <\/div>\n                                <div class=\"description\"><p>Wir haben eine Mitarbeiterbeteiligung eingef\u00fchrt \u2013 ein Zeichen unseres Vertrauens und unserer \u00dcberzeugung, dass nachhaltiger Erfolg nur gemeinsam entsteht.<\/p>\n<p>Zudem begann in diesem Jahr der Bau des niederl\u00e4ndischen Windparks Oostflakkee \u2013 ein weiterer Schritt in unserer europ\u00e4ischen Entwicklung.<\/p>\n<\/div>\n                            <\/div>\n                        <\/div>\n                                            <div class=\"single-item \">\n                            <div class=\"img-holder \"><img decoding=\"async\" src=\"https:\/\/www.kallistaenergy.com\/wp-content\/uploads\/2024\/08\/testoos.jpg\" alt=\"\"><\/div>\n                            <div class=\"timeline-info\">\n                                <div class=\"accordian-header\">\n                                    <div class=\"accordian-inner\">\n                                        2019                                    <\/div>\n                                <\/div>\n                                <div class=\"description\"><p>Um unseren Entwicklungsplan umzusetzen, haben wir unser Team weiter ausgebaut.<\/p>\n<p>Mit dem Erwerb eines 32 MW-Windparks in den Niederlanden haben wir unser internationales Wachstum aktiv vorangetrieben.<\/p>\n<\/div>\n                            <\/div>\n                        <\/div>\n                                            <div class=\"single-item \">\n                            <div class=\"img-holder \"><img decoding=\"async\" src=\"https:\/\/www.kallistaenergy.com\/wp-content\/uploads\/2024\/08\/furtives.jpg\" alt=\"\"><\/div>\n                            <div class=\"timeline-info\">\n                                <div class=\"accordian-header\">\n                                    <div class=\"accordian-inner\">\n                                        2018                                    <\/div>\n                                <\/div>\n                                <div class=\"description\"><p>2018 war ein Wendepunkt: APG Asset Management und AXA Infrastructures wurden unsere Anteilseigner, w\u00e4hrend die Investitionsplattform KEI an Boralex \u00fcberging.<\/p>\n<p>Mit einem neuen Entwicklungsplan haben wir die Basis f\u00fcr nachhaltiges Wachstum im kommenden Jahrzehnt geschaffen.<\/p>\n<\/div>\n                            <\/div>\n                        <\/div>\n                                            <div class=\"single-item \">\n                            <div class=\"img-holder \"><img decoding=\"async\" src=\"https:\/\/www.kallistaenergy.com\/wp-content\/uploads\/2024\/08\/Parcs_Bretagne-0253\u00a9Stephane_Leroy.jpg\" alt=\"\"><\/div>\n                            <div class=\"timeline-info\">\n                                <div class=\"accordian-header\">\n                                    <div class=\"accordian-inner\">\n                                        2017                                    <\/div>\n                                <\/div>\n                                <div class=\"description\"><p>Wir haben neue Windparks in der Normandie errichtet und Erweiterungs- sowie Repowering-Projekte in mehreren Regionen vorbereitet.<\/p>\n<p>Damit konnten wir unsere Position als verl\u00e4sslicher Akteur im franz\u00f6sischen Windenergiemarkt weiter st\u00e4rken.<\/p>\n<\/div>\n                            <\/div>\n                        <\/div>\n                                            <div class=\"single-item active\">\n                            <div class=\"img-holder \"><img decoding=\"async\" src=\"https:\/\/www.kallistaenergy.com\/wp-content\/uploads\/2021\/10\/20210629-DJI_0114-scaled.jpg\" alt=\"\"><\/div>\n                            <div class=\"timeline-info\">\n                                <div class=\"accordian-header\">\n                                    <div class=\"accordian-inner\">\n                                        2016                                    <\/div>\n                                <\/div>\n                                <div class=\"description\"><p>Wir erhielten die Genehmigung f\u00fcr unser erstes Repowering-Projekt in der Bretagne (Plouy\u00e9, 9,2 MW). Des Weiteren sind unsere ersten eigenen Windparks, Zondrange und Morlange, in Betrieb gegangen.<\/p>\n<p>Zudem sind wir dem franz\u00f6sischen Verband f\u00fcr erneuerbare Energien &#8222;Syndicat des \u00e9nergies renouvelables&#8220; (SER) beigetreten \u2013 ein wichtiger Schritt f\u00fcr unser Engagement in der Branche.<\/p>\n<\/div>\n                            <\/div>\n                        <\/div>\n                                            <div class=\"single-item \">\n                            <div class=\"img-holder \"><img decoding=\"async\" src=\"https:\/\/www.kallistaenergy.com\/wp-content\/uploads\/2024\/07\/49de5336d9cc6dcd888184b0f7cf98f5-1.jpg\" alt=\"\"><\/div>\n                            <div class=\"timeline-info\">\n                                <div class=\"accordian-header\">\n                                    <div class=\"accordian-inner\">\n                                        2015                                    <\/div>\n                                <\/div>\n                                <div class=\"description\"><p>Wir haben neue Genehmigungen erhalten, Finanzierungsstrukturen optimiert und zus\u00e4tzliche Projekte \u00fcbernommen \u2013 wichtige Bausteine f\u00fcr unser weiteres Wachstum.<\/p>\n<\/div>\n                            <\/div>\n                        <\/div>\n                                            <div class=\"single-item \">\n                            <div class=\"img-holder \"><img decoding=\"async\" src=\"https:\/\/www.kallistaenergy.com\/wp-content\/uploads\/2024\/08\/Omissy_\u00a9-PacoLissillour-8-scaled.jpg\" alt=\"\"><\/div>\n                            <div class=\"timeline-info\">\n                                <div class=\"accordian-header\">\n                                    <div class=\"accordian-inner\">\n                                        2014                                    <\/div>\n                                <\/div>\n                                <div class=\"description\"><p>Ein konzernweiter Entwicklungsplan und der Aufbau eines erfahrenen Teams f\u00fcr Projektentwicklung und Repowering haben die Grundlage f\u00fcr unsere n\u00e4chsten Jahre geschaffen.<\/p>\n<\/div>\n                            <\/div>\n                        <\/div>\n                                            <div class=\"single-item \">\n                            <div class=\"img-holder \"><img decoding=\"async\" src=\"https:\/\/www.kallistaenergy.com\/wp-content\/uploads\/2024\/08\/8b3e497c8a6ea8f185c14bb6ea166744.jpg\" alt=\"\"><\/div>\n                            <div class=\"timeline-info\">\n                                <div class=\"accordian-header\">\n                                    <div class=\"accordian-inner\">\n                                        2012-2013                                    <\/div>\n                                <\/div>\n                                <div class=\"description\"><p>Wir haben ein eigenes SCADA-System zur \u00dcberwachung unserer Anlagen entwickelt und unser Portfolio um mehr als 35 MW Windleistung erweitert.<\/p>\n<p>Zudem haben wir neue Technologien gepr\u00fcft, um unser Energiemix langfristig zu diversifizieren.<\/p>\n<\/div>\n                            <\/div>\n                        <\/div>\n                                            <div class=\"single-item \">\n                            <div class=\"img-holder \"><img decoding=\"async\" src=\"https:\/\/www.kallistaenergy.com\/wp-content\/uploads\/2024\/07\/e0bb15737a27144c2d785207bb9a5e6b.jpg\" alt=\"\"><\/div>\n                            <div class=\"timeline-info\">\n                                <div class=\"accordian-header\">\n                                    <div class=\"accordian-inner\">\n                                        2011                                    <\/div>\n                                <\/div>\n                                <div class=\"description\"><p>Mit der Gr\u00fcndung von Kallista Energy Investment und der \u00dcbernahme der Poweo-Windparks haben wir eine neue Entwicklungsphase eingeleitet.<\/p>\n<p>Erste Joint Ventures unterstreichen unser wachsendes Vertrauen und unsere Zusammenarbeit mit Partnern.<\/p>\n<\/div>\n                            <\/div>\n                        <\/div>\n                                            <div class=\"single-item \">\n                            <div class=\"img-holder \"><img decoding=\"async\" src=\"https:\/\/www.kallistaenergy.com\/wp-content\/uploads\/2024\/08\/e4388958555bb19b9f65cafbffac4000.jpg\" alt=\"\"><\/div>\n                            <div class=\"timeline-info\">\n                                <div class=\"accordian-header\">\n                                    <div class=\"accordian-inner\">\n                                        2010                                    <\/div>\n                                <\/div>\n                                <div class=\"description\"><p>Wir haben unser Portfolio durch den Erwerb der Neoelectra-Windparks in der Bretagne erweitert \u2013 ein wichtiger Schritt zur regionalen Verankerung.<\/p>\n<\/div>\n                            <\/div>\n                        <\/div>\n                                            <div class=\"single-item \">\n                            <div class=\"img-holder \"><img decoding=\"async\" src=\"https:\/\/www.kallistaenergy.com\/wp-content\/uploads\/2024\/08\/Kallista_Energy_Picardie_Omissy-4198\u00a9Stephane_Leroy.jpg\" alt=\"\"><\/div>\n                            <div class=\"timeline-info\">\n                                <div class=\"accordian-header\">\n                                    <div class=\"accordian-inner\">\n                                        2009                                    <\/div>\n                                <\/div>\n                                <div class=\"description\"><p>Der Infrastrukturfonds Ardian (ehemals AXA Private Equity) hat die Mehrheit an Kallista Energy Group \u00fcbernommen. Diese Partnerschaft hat uns die finanzielle Stabilit\u00e4t gegeben, um unsere Projekte weiterzuentwickeln.<\/p>\n<\/div>\n                            <\/div>\n                        <\/div>\n                                            <div class=\"single-item active\">\n                            <div class=\"img-holder \"><img decoding=\"async\" src=\"https:\/\/www.kallistaenergy.com\/wp-content\/uploads\/2024\/08\/Kallista_Energy_Picardie_Breteuil-4133\u00a9Stephane_Leroy.jpg\" alt=\"\"><\/div>\n                            <div class=\"timeline-info\">\n                                <div class=\"accordian-header\">\n                                    <div class=\"accordian-inner\">\n                                        2005-2008                                    <\/div>\n                                <\/div>\n                                <div class=\"description\"><p>Wir wurden 2005 gegr\u00fcndet und haben in den folgenden Jahren unsere ersten Windparks mit einer installierten Leistung von 164 MW gebaut.<\/p>\n<p>Von Anfang an hat uns der Gedanke geleitet, dass nachhaltige Energie nicht nur eine Alternative, sondern die Zukunft ist.<\/p>\n<\/div>\n                            <\/div>\n                        <\/div>\n                                                <\/div>\n        <\/div>\n    <\/div>\n<\/div>\n\n<div class=\"more-info-wrapper\" id=\"block_d52a88bdbcad42f0bb75afbcd94c6e9a\">\n    <div class=\"container\">\n        <div class=\"more-info-inner\">\n<!--            <div class=\"heading-holder\">\n                <h2><\/h2>\n            <\/div>-->\n            <div class=\"buttons-holder\">\n                                    <a href=\"https:\/\/www.kallistaenergy.com\/de\/portrait-neu\/\"\n                        target=\"_self\">Wer wir sind<\/a>\n                                    <a href=\"https:\/\/www.kallistaenergy.com\/de\/unsere-werte\/\"\n                        target=\"_self\">Unsere Werte<\/a>\n                                    <a href=\"https:\/\/www.kallistaenergy.com\/de\/mitarbeiten\/\"\n                        target=\"_self\">Mitarbeiten<\/a>\n                \n            <\/div>\n        <\/div>\n    <\/div>\n<\/div>\n","protected":false},"excerpt":{"rendered":"","protected":false},"author":1,"featured_media":0,"parent":14755,"menu_order":0,"comment_status":"closed","ping_status":"closed","template":"blocks-template.php","meta":{"_acf_changed":false,"inline_featured_image":false,"footnotes":""},"class_list":["post-14878","page","type-page","status-publish","hentry"],"acf":[],"yoast_head":"<!-- This site is optimized with the Yoast SEO Premium plugin v27.3 (Yoast SEO v27.3) - https:\/\/yoast.com\/product\/yoast-seo-premium-wordpress\/ -->\n<title>Unsere Geschichte - Kallista Energy<\/title>\n<meta name=\"robots\" content=\"index, follow, max-snippet:-1, max-image-preview:large, max-video-preview:-1\" \/>\n<link rel=\"canonical\" href=\"https:\/\/www.kallistaenergy.com\/de\/unsere-geschichte\/\" \/>\n<meta property=\"og:locale\" content=\"de_DE\" \/>\n<meta property=\"og:type\" content=\"article\" \/>\n<meta property=\"og:title\" content=\"Unsere Geschichte\" \/>\n<meta property=\"og:url\" content=\"https:\/\/www.kallistaenergy.com\/de\/unsere-geschichte\/\" \/>\n<meta property=\"og:site_name\" content=\"Kallista Energy\" \/>\n<meta property=\"article:modified_time\" content=\"2025-10-14T15:34:27+00:00\" \/>\n<script type=\"application\/ld+json\" class=\"yoast-schema-graph\">{\"@context\":\"https:\\\/\\\/schema.org\",\"@graph\":[{\"@type\":\"WebPage\",\"@id\":\"https:\\\/\\\/www.kallistaenergy.com\\\/de\\\/unsere-geschichte\\\/\",\"url\":\"https:\\\/\\\/www.kallistaenergy.com\\\/de\\\/unsere-geschichte\\\/\",\"name\":\"Unsere Geschichte - Kallista Energy\",\"isPartOf\":{\"@id\":\"https:\\\/\\\/www.kallistaenergy.com\\\/#website\"},\"datePublished\":\"2024-07-29T07:31:42+00:00\",\"dateModified\":\"2025-10-14T15:34:27+00:00\",\"breadcrumb\":{\"@id\":\"https:\\\/\\\/www.kallistaenergy.com\\\/de\\\/unsere-geschichte\\\/#breadcrumb\"},\"inLanguage\":\"de\",\"potentialAction\":[{\"@type\":\"ReadAction\",\"target\":[\"https:\\\/\\\/www.kallistaenergy.com\\\/de\\\/unsere-geschichte\\\/\"]}]},{\"@type\":\"BreadcrumbList\",\"@id\":\"https:\\\/\\\/www.kallistaenergy.com\\\/de\\\/unsere-geschichte\\\/#breadcrumb\",\"itemListElement\":[{\"@type\":\"ListItem\",\"position\":1,\"name\":\"Accueil\",\"item\":\"https:\\\/\\\/www.kallistaenergy.com\\\/de\\\/\"},{\"@type\":\"ListItem\",\"position\":2,\"name\":\"Unsere Geschichte\"}]},{\"@type\":\"WebSite\",\"@id\":\"https:\\\/\\\/www.kallistaenergy.com\\\/#website\",\"url\":\"https:\\\/\\\/www.kallistaenergy.com\\\/\",\"name\":\"Kallista Energy\",\"description\":\"\",\"potentialAction\":[{\"@type\":\"SearchAction\",\"target\":{\"@type\":\"EntryPoint\",\"urlTemplate\":\"https:\\\/\\\/www.kallistaenergy.com\\\/?s={search_term_string}\"},\"query-input\":{\"@type\":\"PropertyValueSpecification\",\"valueRequired\":true,\"valueName\":\"search_term_string\"}}],\"inLanguage\":\"de\"}]}<\/script>\n<!-- \/ Yoast SEO Premium plugin. -->","yoast_head_json":{"title":"Unsere Geschichte - Kallista Energy","robots":{"index":"index","follow":"follow","max-snippet":"max-snippet:-1","max-image-preview":"max-image-preview:large","max-video-preview":"max-video-preview:-1"},"canonical":"https:\/\/www.kallistaenergy.com\/de\/unsere-geschichte\/","og_locale":"de_DE","og_type":"article","og_title":"Unsere Geschichte","og_url":"https:\/\/www.kallistaenergy.com\/de\/unsere-geschichte\/","og_site_name":"Kallista Energy","article_modified_time":"2025-10-14T15:34:27+00:00","schema":{"@context":"https:\/\/schema.org","@graph":[{"@type":"WebPage","@id":"https:\/\/www.kallistaenergy.com\/de\/unsere-geschichte\/","url":"https:\/\/www.kallistaenergy.com\/de\/unsere-geschichte\/","name":"Unsere Geschichte - Kallista Energy","isPartOf":{"@id":"https:\/\/www.kallistaenergy.com\/#website"},"datePublished":"2024-07-29T07:31:42+00:00","dateModified":"2025-10-14T15:34:27+00:00","breadcrumb":{"@id":"https:\/\/www.kallistaenergy.com\/de\/unsere-geschichte\/#breadcrumb"},"inLanguage":"de","potentialAction":[{"@type":"ReadAction","target":["https:\/\/www.kallistaenergy.com\/de\/unsere-geschichte\/"]}]},{"@type":"BreadcrumbList","@id":"https:\/\/www.kallistaenergy.com\/de\/unsere-geschichte\/#breadcrumb","itemListElement":[{"@type":"ListItem","position":1,"name":"Accueil","item":"https:\/\/www.kallistaenergy.com\/de\/"},{"@type":"ListItem","position":2,"name":"Unsere Geschichte"}]},{"@type":"WebSite","@id":"https:\/\/www.kallistaenergy.com\/#website","url":"https:\/\/www.kallistaenergy.com\/","name":"Kallista Energy","description":"","potentialAction":[{"@type":"SearchAction","target":{"@type":"EntryPoint","urlTemplate":"https:\/\/www.kallistaenergy.com\/?s={search_term_string}"},"query-input":{"@type":"PropertyValueSpecification","valueRequired":true,"valueName":"search_term_string"}}],"inLanguage":"de"}]}},"_links":{"self":[{"href":"https:\/\/www.kallistaenergy.com\/de\/wp-json\/wp\/v2\/pages\/14878","targetHints":{"allow":["GET"]}}],"collection":[{"href":"https:\/\/www.kallistaenergy.com\/de\/wp-json\/wp\/v2\/pages"}],"about":[{"href":"https:\/\/www.kallistaenergy.com\/de\/wp-json\/wp\/v2\/types\/page"}],"author":[{"embeddable":true,"href":"https:\/\/www.kallistaenergy.com\/de\/wp-json\/wp\/v2\/users\/1"}],"replies":[{"embeddable":true,"href":"https:\/\/www.kallistaenergy.com\/de\/wp-json\/wp\/v2\/comments?post=14878"}],"version-history":[{"count":123,"href":"https:\/\/www.kallistaenergy.com\/de\/wp-json\/wp\/v2\/pages\/14878\/revisions"}],"predecessor-version":[{"id":22143,"href":"https:\/\/www.kallistaenergy.com\/de\/wp-json\/wp\/v2\/pages\/14878\/revisions\/22143"}],"up":[{"embeddable":true,"href":"https:\/\/www.kallistaenergy.com\/de\/wp-json\/wp\/v2\/pages\/14755"}],"wp:attachment":[{"href":"https:\/\/www.kallistaenergy.com\/de\/wp-json\/wp\/v2\/media?parent=14878"}],"curies":[{"name":"wp","href":"https:\/\/api.w.org\/{rel}","templated":true}]}}