{"id":14902,"date":"2024-07-31T14:27:12","date_gmt":"2024-07-31T12:27:12","guid":{"rendered":"https:\/\/kallistav3.alx-web.com\/our-energies\/"},"modified":"2024-09-19T10:48:10","modified_gmt":"2024-09-19T08:48:10","slug":"was-wir-machen","status":"publish","type":"page","link":"https:\/\/www.kallistaenergy.com\/de\/was-wir-machen\/","title":{"rendered":"Was wir machen"},"content":{"rendered":"<div class=\"interior-banner-wrapper\" id=\"block_66aa2daf26d76\"> \n    <div class=\"img-holder\">\n        <img decoding=\"async\" src=\"https:\/\/www.kallistaenergy.com\/wp-content\/uploads\/2024\/08\/DJI_0239-1.jpg\" alt=\"\">\n    <\/div>\n    <div class=\"page-title-holder\">\n        <h1>Was wir machen<\/h1>\n    <\/div>\n<\/div>\n\n<div  id=\"block_66aa3af4df994\" class=\"heading-wrapper\" style=\"\">\n    <div class=\"container\">\n        <div class=\"heading-inner\">\n            <h1>Wind und Sonne, Leidenschaft und Expertise<\/h1>\n        <\/div>\n    <\/div>\n<\/div>\n\n\n<div class=\"side-by-side-wrapper\" id=\"block_66aa4005b2306\">\n    <div class=\"container\">\n        <div class=\"side-by-side-inner\">\n                                <div class=\"single-row\">\n                        <div class=\"heading-holder\">\n                                                            <div class=\"icons-list\">\n                                                                            <div class=\"icon-holder\">\n                                            <a href=\"https:\/\/www.kallistaenergy.com\/de\/windenergie\/\">                                            <img decoding=\"async\" src=\"https:\/\/www.kallistaenergy.com\/wp-content\/uploads\/2024\/08\/Picto-Eolien.svg\" alt=\"\">\n                                                <\/a>                                        <\/div>\n                                                                            <div class=\"icon-holder\">\n                                            <a href=\"https:\/\/www.kallistaenergy.com\/de\/photovoltaik\/\">                                            <img decoding=\"async\" src=\"https:\/\/www.kallistaenergy.com\/wp-content\/uploads\/2024\/08\/Picto-Solaire-1.svg\" alt=\"\">\n                                                <\/a>                                        <\/div>\n                                                                    <\/div>\n                                                    <\/div>\n                        <div class=\"description\">\n                            <p><span data-contrast=\"auto\">Von der Fl\u00e4chenpr\u00fcfung \u00fcber Planung und Bau bis zum Betrieb von Windenergie und Photovoltaik: Wir machen das. Mit Leidenschaft und Expertise, ganzheitlich und mit langfristiger finanzieller Sicherheit. F\u00fcr Sie und f\u00fcr eine gr\u00fcne Zukunft.\u00a0<\/span><span data-ccp-props=\"{&quot;201341983&quot;:0,&quot;335551550&quot;:6,&quot;335551620&quot;:6,&quot;335559685&quot;:0,&quot;335559739&quot;:0,&quot;335559740&quot;:276}\">\u00a0<\/span><\/p>\n<p><span data-contrast=\"auto\">Dabei planen und arbeiten wir so, dass unsere Erneuerbare-Energien-Projekte wirtschaftlich rentabel, harmonisch lokal integriert und \u00f6kologisch positiv sind. Und unsere langfristig engagierten Aktion\u00e4re APG und AXA unterst\u00fctzen uns dabei.<\/span><span data-ccp-props=\"{&quot;201341983&quot;:0,&quot;335551550&quot;:6,&quot;335551620&quot;:6,&quot;335559685&quot;:0,&quot;335559739&quot;:0,&quot;335559740&quot;:276}\">\u00a0<\/span><\/p>\n<p><span data-contrast=\"auto\">Dadurch k\u00f6nnen wir die Vorteile aus zwei Welten verbinden: Wir sind agil und schlank organisiert, pflegen enge pers\u00f6nliche Kontakte \u2013 und haben gleichzeitig die Sicherheit finanzstarker Partner als R\u00fcckenwind.<\/span><span data-ccp-props=\"{&quot;201341983&quot;:0,&quot;335551550&quot;:6,&quot;335551620&quot;:6,&quot;335559685&quot;:0,&quot;335559739&quot;:0,&quot;335559740&quot;:276}\">\u00a0<\/span><\/p>\n<p><span data-contrast=\"auto\">Wir stehen f\u00fcr klare Kommunikation und pers\u00f6nliche Betreuung\u200b, Top-Service und hervorragende Ergebnisse \u00fcber die gesamte Laufzeit \u2013 aus einer Hand\u200b. Mit langj\u00e4hriger Expertise, Fairness und Transparenz integrieren wir alle Beteiligten\u200b und steuern aktiv vertrauensvolle Dialoge, vor Ort und mit erfahrenen Expertinnen und Experten.<\/span><span data-ccp-props=\"{&quot;201341983&quot;:0,&quot;335551550&quot;:6,&quot;335551620&quot;:6,&quot;335559685&quot;:0,&quot;335559739&quot;:0,&quot;335559740&quot;:276}\">\u00a0<\/span><\/p>\n<p><span data-contrast=\"auto\">Mit diesem ganzheitlichen Ansatz sorgen wir f\u00fcr partnerschaftliche Erfolge und attraktive Ertr\u00e4ge aus Wind und Sonne.<\/span><span data-ccp-props=\"{&quot;201341983&quot;:0,&quot;335551550&quot;:6,&quot;335551620&quot;:6,&quot;335559685&quot;:0,&quot;335559739&quot;:0,&quot;335559740&quot;:276}\"><br \/>\n<\/span><\/p>\n                                                    <\/div>\n                    <\/div>\n                        <\/div>\n\n    <\/div>\n<\/div>\n\n\n<div class=\"discover-list-wrapper\" id=\"block_66ab376e23b42\">\n    <div class=\"container\">\n        <div class=\"discover-list-inner\">\n                                <div class=\"single-discover\">\n                        <div class=\"info-holder\">\n                            <div class=\"header-holder\">\n                                <h2>Windenergie<\/h2>\n                                <div class=\"icon-holder\">\n                                    <img decoding=\"async\" src=\"https:\/\/www.kallistaenergy.com\/wp-content\/uploads\/2024\/08\/Picto-Eolien-3.svg\" alt=\"\">\n                                <\/div>\n                            <\/div>\n                            <div class=\"description\">\n                                Wir sind Ihr R\u00fcckenwind\r\n                            <\/div>\n                            <div class=\"discover-link\">\n                                                                    <a href=\"https:\/\/www.kallistaenergy.com\/de\/windenergie\/\"\n                                        target=\"_self\">Mehr erfahren<\/a>\n                                                            <\/div>\n                        <\/div>\n                        <div class=\"img-holder\">\n                            <img decoding=\"async\" src=\"https:\/\/www.kallistaenergy.com\/wp-content\/uploads\/2024\/08\/8b3e497c8a6ea8f185c14bb6ea166744.jpg\" alt=\"\">\n                                                            <a href=\"https:\/\/www.kallistaenergy.com\/de\/windenergie\/\" target=\"_self\">\n                                    <svg xmlns=\"http:\/\/www.w3.org\/2000\/svg\" fill=\"none\" viewBox=\"0 0 24 24\" stroke-width=\"1.5\"\n                                        stroke=\"currentColor\" class=\"size-6\">\n                                        <path stroke-linecap=\"round\" stroke-linejoin=\"round\"\n                                            d=\"m12.75 15 3-3m0 0-3-3m3 3h-7.5M21 12a9 9 0 1 1-18 0 9 9 0 0 1 18 0Z\" \/>\n                                    <\/svg>\n\n                                <\/a>\n                                                    <\/div>\n                    <\/div>\n                                    <div class=\"single-discover\">\n                        <div class=\"info-holder\">\n                            <div class=\"header-holder\">\n                                <h2>Photovoltaik<\/h2>\n                                <div class=\"icon-holder\">\n                                    <img decoding=\"async\" src=\"https:\/\/www.kallistaenergy.com\/wp-content\/uploads\/2024\/08\/Picto-Solaire-1-1.svg\" alt=\"\">\n                                <\/div>\n                            <\/div>\n                            <div class=\"description\">\n                                Die Sonnenseite der Fl\u00e4chennutzung\r\n                            <\/div>\n                            <div class=\"discover-link\">\n                                                                    <a href=\"https:\/\/www.kallistaenergy.com\/de\/photovoltaik\/\"\n                                        target=\"_self\">Mehr erfahren<\/a>\n                                                            <\/div>\n                        <\/div>\n                        <div class=\"img-holder\">\n                            <img decoding=\"async\" src=\"https:\/\/www.kallistaenergy.com\/wp-content\/uploads\/2024\/08\/AMA-photo-2.jpg\" alt=\"\">\n                                                            <a href=\"https:\/\/www.kallistaenergy.com\/de\/photovoltaik\/\" target=\"_self\">\n                                    <svg xmlns=\"http:\/\/www.w3.org\/2000\/svg\" fill=\"none\" viewBox=\"0 0 24 24\" stroke-width=\"1.5\"\n                                        stroke=\"currentColor\" class=\"size-6\">\n                                        <path stroke-linecap=\"round\" stroke-linejoin=\"round\"\n                                            d=\"m12.75 15 3-3m0 0-3-3m3 3h-7.5M21 12a9 9 0 1 1-18 0 9 9 0 0 1 18 0Z\" \/>\n                                    <\/svg>\n\n                                <\/a>\n                                                    <\/div>\n                    <\/div>\n                \n        <\/div>\n    <\/div>\n<\/div>\n\n<div class=\"more-info-wrapper\" id=\"block_66ab3b2a23b45\">\n    <div class=\"container\">\n        <div class=\"more-info-inner\">\n<!--            <div class=\"heading-holder\">\n                <h2><\/h2>\n            <\/div>-->\n            <div class=\"buttons-holder\">\n                                    <a href=\"https:\/\/www.kallistaenergy.com\/de\/portrait-neu\/\"\n                        target=\"_self\">Wer wir sind<\/a>\n                                    <a href=\"https:\/\/www.kallistaenergy.com\/de\/unsere-projekte\/\"\n                        target=\"_self\">Unsere Projekte<\/a>\n                                    <a href=\"https:\/\/www.kallistaenergy.com\/de\/mitarbeiten\/\"\n                        target=\"_self\">Mitarbeiten<\/a>\n                \n            <\/div>\n        <\/div>\n    <\/div>\n<\/div>\n","protected":false},"excerpt":{"rendered":"","protected":false},"author":1,"featured_media":0,"parent":0,"menu_order":0,"comment_status":"closed","ping_status":"closed","template":"blocks-template.php","meta":{"_acf_changed":false,"inline_featured_image":false,"footnotes":""},"class_list":["post-14902","page","type-page","status-publish","hentry"],"acf":[],"yoast_head":"<!-- This site is optimized with the Yoast SEO Premium plugin v27.3 (Yoast SEO v27.3) - https:\/\/yoast.com\/product\/yoast-seo-premium-wordpress\/ -->\n<title>Was wir machen - Kallista Energy<\/title>\n<meta name=\"robots\" content=\"index, follow, max-snippet:-1, max-image-preview:large, max-video-preview:-1\" \/>\n<link rel=\"canonical\" href=\"https:\/\/www.kallistaenergy.com\/de\/was-wir-machen\/\" \/>\n<meta property=\"og:locale\" content=\"de_DE\" \/>\n<meta property=\"og:type\" content=\"article\" \/>\n<meta property=\"og:title\" content=\"Was wir machen\" \/>\n<meta property=\"og:url\" content=\"https:\/\/www.kallistaenergy.com\/de\/was-wir-machen\/\" \/>\n<meta property=\"og:site_name\" content=\"Kallista Energy\" \/>\n<meta property=\"article:modified_time\" content=\"2024-09-19T08:48:10+00:00\" \/>\n<script type=\"application\/ld+json\" class=\"yoast-schema-graph\">{\"@context\":\"https:\\\/\\\/schema.org\",\"@graph\":[{\"@type\":\"WebPage\",\"@id\":\"https:\\\/\\\/www.kallistaenergy.com\\\/de\\\/was-wir-machen\\\/\",\"url\":\"https:\\\/\\\/www.kallistaenergy.com\\\/de\\\/was-wir-machen\\\/\",\"name\":\"Was wir machen - Kallista Energy\",\"isPartOf\":{\"@id\":\"https:\\\/\\\/www.kallistaenergy.com\\\/#website\"},\"datePublished\":\"2024-07-31T12:27:12+00:00\",\"dateModified\":\"2024-09-19T08:48:10+00:00\",\"breadcrumb\":{\"@id\":\"https:\\\/\\\/www.kallistaenergy.com\\\/de\\\/was-wir-machen\\\/#breadcrumb\"},\"inLanguage\":\"de\",\"potentialAction\":[{\"@type\":\"ReadAction\",\"target\":[\"https:\\\/\\\/www.kallistaenergy.com\\\/de\\\/was-wir-machen\\\/\"]}]},{\"@type\":\"BreadcrumbList\",\"@id\":\"https:\\\/\\\/www.kallistaenergy.com\\\/de\\\/was-wir-machen\\\/#breadcrumb\",\"itemListElement\":[{\"@type\":\"ListItem\",\"position\":1,\"name\":\"Accueil\",\"item\":\"https:\\\/\\\/www.kallistaenergy.com\\\/de\\\/\"},{\"@type\":\"ListItem\",\"position\":2,\"name\":\"Was wir machen\"}]},{\"@type\":\"WebSite\",\"@id\":\"https:\\\/\\\/www.kallistaenergy.com\\\/#website\",\"url\":\"https:\\\/\\\/www.kallistaenergy.com\\\/\",\"name\":\"Kallista Energy\",\"description\":\"\",\"potentialAction\":[{\"@type\":\"SearchAction\",\"target\":{\"@type\":\"EntryPoint\",\"urlTemplate\":\"https:\\\/\\\/www.kallistaenergy.com\\\/?s={search_term_string}\"},\"query-input\":{\"@type\":\"PropertyValueSpecification\",\"valueRequired\":true,\"valueName\":\"search_term_string\"}}],\"inLanguage\":\"de\"}]}<\/script>\n<!-- \/ Yoast SEO Premium plugin. -->","yoast_head_json":{"title":"Was wir machen - Kallista Energy","robots":{"index":"index","follow":"follow","max-snippet":"max-snippet:-1","max-image-preview":"max-image-preview:large","max-video-preview":"max-video-preview:-1"},"canonical":"https:\/\/www.kallistaenergy.com\/de\/was-wir-machen\/","og_locale":"de_DE","og_type":"article","og_title":"Was wir machen","og_url":"https:\/\/www.kallistaenergy.com\/de\/was-wir-machen\/","og_site_name":"Kallista Energy","article_modified_time":"2024-09-19T08:48:10+00:00","schema":{"@context":"https:\/\/schema.org","@graph":[{"@type":"WebPage","@id":"https:\/\/www.kallistaenergy.com\/de\/was-wir-machen\/","url":"https:\/\/www.kallistaenergy.com\/de\/was-wir-machen\/","name":"Was wir machen - Kallista Energy","isPartOf":{"@id":"https:\/\/www.kallistaenergy.com\/#website"},"datePublished":"2024-07-31T12:27:12+00:00","dateModified":"2024-09-19T08:48:10+00:00","breadcrumb":{"@id":"https:\/\/www.kallistaenergy.com\/de\/was-wir-machen\/#breadcrumb"},"inLanguage":"de","potentialAction":[{"@type":"ReadAction","target":["https:\/\/www.kallistaenergy.com\/de\/was-wir-machen\/"]}]},{"@type":"BreadcrumbList","@id":"https:\/\/www.kallistaenergy.com\/de\/was-wir-machen\/#breadcrumb","itemListElement":[{"@type":"ListItem","position":1,"name":"Accueil","item":"https:\/\/www.kallistaenergy.com\/de\/"},{"@type":"ListItem","position":2,"name":"Was wir machen"}]},{"@type":"WebSite","@id":"https:\/\/www.kallistaenergy.com\/#website","url":"https:\/\/www.kallistaenergy.com\/","name":"Kallista Energy","description":"","potentialAction":[{"@type":"SearchAction","target":{"@type":"EntryPoint","urlTemplate":"https:\/\/www.kallistaenergy.com\/?s={search_term_string}"},"query-input":{"@type":"PropertyValueSpecification","valueRequired":true,"valueName":"search_term_string"}}],"inLanguage":"de"}]}},"_links":{"self":[{"href":"https:\/\/www.kallistaenergy.com\/de\/wp-json\/wp\/v2\/pages\/14902","targetHints":{"allow":["GET"]}}],"collection":[{"href":"https:\/\/www.kallistaenergy.com\/de\/wp-json\/wp\/v2\/pages"}],"about":[{"href":"https:\/\/www.kallistaenergy.com\/de\/wp-json\/wp\/v2\/types\/page"}],"author":[{"embeddable":true,"href":"https:\/\/www.kallistaenergy.com\/de\/wp-json\/wp\/v2\/users\/1"}],"replies":[{"embeddable":true,"href":"https:\/\/www.kallistaenergy.com\/de\/wp-json\/wp\/v2\/comments?post=14902"}],"version-history":[{"count":46,"href":"https:\/\/www.kallistaenergy.com\/de\/wp-json\/wp\/v2\/pages\/14902\/revisions"}],"predecessor-version":[{"id":18671,"href":"https:\/\/www.kallistaenergy.com\/de\/wp-json\/wp\/v2\/pages\/14902\/revisions\/18671"}],"wp:attachment":[{"href":"https:\/\/www.kallistaenergy.com\/de\/wp-json\/wp\/v2\/media?parent=14902"}],"curies":[{"name":"wp","href":"https:\/\/api.w.org\/{rel}","templated":true}]}}