{"id":15163,"date":"2024-08-22T18:20:23","date_gmt":"2024-08-22T16:20:23","guid":{"rendered":"https:\/\/kallistav3.alx-web.com\/notre-politique-environnementale\/"},"modified":"2025-02-03T10:52:11","modified_gmt":"2025-02-03T09:52:11","slug":"umwelt","status":"publish","type":"page","link":"https:\/\/www.kallistaenergy.com\/de\/umwelt\/","title":{"rendered":"Umwelt"},"content":{"rendered":"<div class=\"interior-banner-wrapper\" id=\"block_afe254ac0c81a10f872c2b25997adde5\"> \n    <div class=\"img-holder\">\n        <img decoding=\"async\" src=\"https:\/\/www.kallistaenergy.com\/wp-content\/uploads\/2024\/08\/ONF-medialib-00056302.jpeg\" alt=\"\">\n    <\/div>\n    <div class=\"page-title-holder\">\n        <h1>Umwelt<\/h1>\n    <\/div>\n<\/div>\n\n<div class=\"side-by-side-wrapper\" id=\"block_ec8224f8ccbc6f5dcfc85647fb5f62d4\">\n    <div class=\"container\">\n        <div class=\"side-by-side-inner\">\n                                <div class=\"single-row\" id=\"\">\n                        <div class=\"description mw100\"><p><span data-contrast=\"auto\">Unsere Roadmap f\u00fcr Klima, Mensch und Umwelt ist im Einklang mit den Empfehlungen des Pariser Klimaabkommens, das eine Reduzierung der CO<sub>2<\/sub>-Emissionen um 40 % bis 2030 vorsieht &#8211; wir wollen zu diesem globalen Ziel so viel wie m\u00f6glich beitragen. Unsere kurzfristigen Klimaziele sind von der Science Based Targets Initiative (SBTi) validiert.<\/span><span data-ccp-props=\"{&quot;201341983&quot;:0,&quot;335551550&quot;:6,&quot;335551620&quot;:6,&quot;335559685&quot;:0,&quot;335559739&quot;:0,&quot;335559740&quot;:276}\">\u00a0<\/span><\/p>\n<p><span data-contrast=\"auto\">Dank der gemeinsamen Anstrengungen aller Mitarbeiter konnte Kallista Energy dieses Ziel bereits 2021 in einem Wachstumsumfeld erreichen &#8211; siehe unseren <\/span><span data-contrast=\"auto\">Nachhaltigkeitsbericht 2023<\/span><span data-contrast=\"auto\"> f\u00fcr weitere Details.<\/span><span data-ccp-props=\"{&quot;201341983&quot;:0,&quot;335551550&quot;:6,&quot;335551620&quot;:6,&quot;335559685&quot;:0,&quot;335559739&quot;:0,&quot;335559740&quot;:276}\">\u00a0<\/span><\/p>\n<\/div>\n                    <\/div>\n                        <\/div>\n    <\/div>\n<\/div>\n\n\n<div class=\"separator-wrapper\" style=\"\" id=\"block_cd2be8b963db5e44f12df27312b0d853\">\n    <div class=\"container\">\n        <div class=\"separator-inner\"><\/div>\n    <\/div>\n<\/div>\n\n<div class=\"side-by-side-wrapper\" id=\"block_8b7b49487f7d9923c54e571c269b30ed\">\n    <div class=\"container\">\n        <div class=\"side-by-side-inner\">\n                                <div class=\"single-row\" id=\"\">\n                        <div class=\"heading-holder\">Auf dem Weg zu Netto-Null-CO2<\/div>\n                        <div class=\"description\"><p>Nach dem Erreichen unseres Ziels, die CO<sub>2<\/sub>-Emissionen pro Mitarbeiter in unseren B\u00fcros (Scope 1 und 2) von 2017 bis 2019 um 40 % zu senken, haben wir eine neue, noch ambitioniertere Roadmap definiert, die nun auch Scope 3 umfasst.<\/p>\n<p>Wir haben die Methodik der Science-Based Carbon Initiative (SBTi) verwendet, um unsere neuen Klimaziele festzulegen \u2013 diese werden derzeit von der SBTi gepr\u00fcft.<\/p>\n<p>Diese neuen Ziele werden Kallista Energy auf den Weg zu Netto-Null-Emissionen bis 2050 bringen.<\/p>\n<\/div>\n                    <\/div>\n                        <\/div>\n    <\/div>\n<\/div>\n\n<div class=\"separator-wrapper\" style=\"\" id=\"block_cd2be8b963db5e44f12df27312b0d853\">\n    <div class=\"container\">\n        <div class=\"separator-inner\"><\/div>\n    <\/div>\n<\/div>\n\n<div class=\"side-by-side-wrapper\" id=\"block_7df027a759e190e0d81736c927de77e2\">\n    <div class=\"container\">\n        <div class=\"side-by-side-inner\">\n                                <div class=\"single-row\" id=\"\">\n                        <div class=\"heading-holder\">Unsere Umweltverpflichtungen<\/div>\n                        <div class=\"description\"><ul>\n<li data-list=\"ordered\">Elektrifizierung von 100 % unserer Fahrzeugflotte (erzielt in 2023)<\/li>\n<li data-list=\"ordered\">Verbot von Inlandsfl\u00fcgen und Einschr\u00e4nkung internationaler Fl\u00fcge<\/li>\n<li data-list=\"ordered\">Vermeiden, Reduzieren und Recyceln von Abf\u00e4llen aus unseren B\u00fcros<\/li>\n<li data-list=\"ordered\">Verbesserung der Energieeffizienz unserer Ger\u00e4te<\/li>\n<li data-list=\"ordered\">F\u00f6rderung der Ber\u00fccksichtigung von ESG-Kriterien in Aktivit\u00e4ten innerhalb unseres Scope 3<\/li>\n<li data-list=\"ordered\">Entwicklung der besten Projekte mit Hilfe unabh\u00e4ngiger Experten<\/li>\n<li data-list=\"ordered\">Sicherstellung vorbildlicher Standorte f\u00fcr jedes unserer Projekte<\/li>\n<li data-list=\"ordered\">Schutz der Umwelt und Begrenzung von L\u00e4rmemissionen rund um unsere Windparks<\/li>\n<li data-list=\"ordered\">Investitionen in die Modernisierung unserer \u00e4lteren Windparks um die Erzeugung erneuerbarer Energie zu optimieren<\/li>\n<li data-list=\"ordered\"><span class=\"TextRun SCXW42066515 BCX2\" lang=\"DE-DE\" xml:lang=\"DE-DE\" data-contrast=\"auto\"><span class=\"NormalTextRun SCXW42066515 BCX2\">Vollst\u00e4ndige thermische Verwertung der Rotorbl\u00e4tter aus r\u00fcckgebauten Windenergieanlagen<\/span><\/span><\/li>\n<\/ul>\n<\/div>\n                    <\/div>\n                        <\/div>\n    <\/div>\n<\/div>\n\n<div class=\"separator-wrapper\" style=\"\" id=\"block_cd2be8b963db5e44f12df27312b0d853\">\n    <div class=\"container\">\n        <div class=\"separator-inner\"><\/div>\n    <\/div>\n<\/div>\n\n<div class=\"side-by-side-wrapper\" id=\"block_0f88a6a161bf49e593b2375912b8edf2\">\n    <div class=\"container\">\n        <div class=\"side-by-side-inner\">\n                                <div class=\"single-row\" id=\"\">\n                        <div class=\"heading-holder\">Arbeitsalltag und Projekte umweltvertr\u00e4glich gestalten<\/div>\n                        <div class=\"description\"><p><span data-contrast=\"auto\">F\u00fcr Umweltgutachten vor dem Bau eines Wind- oder Solarparks beauftragen wir unabh\u00e4ngige, anerkannte Sachverst\u00e4ndige. Studien zu Fauna, Flora, Akustik und Landschaft werden in strikter \u00dcbereinstimmung mit den geltenden Standards und unter Ber\u00fccksichtigung der anwendbaren Gesetze und Naturschutzrichtlinien durchgef\u00fchrt, um die Umweltauswirkungen des Windparks von der Errichtung bis zum R\u00fcckbau so gering wie m\u00f6glich zu halten.<\/span><span data-ccp-props=\"{&quot;201341983&quot;:0,&quot;335551550&quot;:6,&quot;335551620&quot;:6,&quot;335559685&quot;:0,&quot;335559739&quot;:0,&quot;335559740&quot;:276}\">\u00a0<\/span><\/p>\n<p><span data-contrast=\"auto\">In die Studien werden auch Risiken einbezogen, die im Zusammenhang mit extremen physikalischen Ph\u00e4nomenen, Naturkatastrophen und Klimawandel entstehen k\u00f6nnen.<\/span><span data-ccp-props=\"{&quot;201341983&quot;:0,&quot;335551550&quot;:6,&quot;335551620&quot;:6,&quot;335559685&quot;:0,&quot;335559739&quot;:0,&quot;335559740&quot;:276}\">\u00a0<\/span><\/p>\n<p><span data-contrast=\"auto\">Wir haben uns schon 2017 verpflichtet, die Betonfundamente von Windenergieanlagen w\u00e4hrend des R\u00fcckbaus vollst\u00e4ndig zu entfernen, bevor dieses Prinzip teilweise gesetzlich verankert wurde. Das Land, auf dem die Windenergieanlagen standen, kann somit in seinem urspr\u00fcnglichen Zustand an die Landwirte zur\u00fcckgegeben werden.<\/span><span data-ccp-props=\"{&quot;201341983&quot;:0,&quot;335551550&quot;:6,&quot;335551620&quot;:6,&quot;335559685&quot;:0,&quot;335559739&quot;:0,&quot;335559740&quot;:276}\">\u00a0<\/span><\/p>\n<p><span data-contrast=\"auto\">Au\u00dferdem bem\u00fchen wir uns, die Umweltauswirkungen unserer Teams im t\u00e4glichen Betrieb zu minimieren, hier einige Beispiele: Vollst\u00e4ndige Elektrifizierung unserer Fahrzeugflotte, Sortieren und Wiederverwerten von Abf\u00e4llen in den B\u00fcros, Austausch von Energieverbrauchern wie Lampen, Heizkessel, usw. durch energieeffizientere Ger\u00e4te.<\/span><span data-ccp-props=\"{&quot;201341983&quot;:0,&quot;335551550&quot;:6,&quot;335551620&quot;:6,&quot;335559685&quot;:0,&quot;335559739&quot;:0,&quot;335559740&quot;:276}\">\u00a0<\/span><\/p>\n<\/div>\n                    <\/div>\n                        <\/div>\n    <\/div>\n<\/div>\n\n<div class=\"separator-wrapper\" style=\"\" id=\"block_cd2be8b963db5e44f12df27312b0d853\">\n    <div class=\"container\">\n        <div class=\"separator-inner\"><\/div>\n    <\/div>\n<\/div>\n\n<div class=\"side-by-side-wrapper\" id=\"block_0956b73f0ab585f1fa71c601b40076f3\">\n    <div class=\"container\">\n        <div class=\"side-by-side-inner\">\n                                <div class=\"single-row\">\n                        <div class=\"heading-holder\">\n                            Zum sechsten Mal in Folge:<br>5 Sterne im GRESB-Ranking                                <div class=\"logo-holder\">\n                                    <img decoding=\"async\" src=\"https:\/\/www.kallistaenergy.com\/wp-content\/uploads\/2025\/02\/GRESB_Logo_klein_2-2.png\" alt=\"\">\n                                <\/div>\n                                                    <\/div>\n                        <div class=\"description\">\n                            <p>Auch 2024 z\u00e4hlt unser Unternehmen zu den f\u00fchrenden Akteuren im Bereich nachhaltiger Energie. Mit 5 Sternen im renommierten GRESB-Ranking und dem vierten Platz in Europa in der Kategorie \u201eWindenergieerzeugung \/ Betrieb &amp; Wartung\u201c wird unsere langj\u00e4hrige Arbeit erneut ausgezeichnet.<\/p>\n<p>Das GRESB-Ranking ist der globale Ma\u00dfstab f\u00fcr Nachhaltigkeitsleistung in den Bereichen Umwelt, Soziales und Governance (ESG). Es bewertet Unternehmen anhand strenger Kriterien und spiegelt deren Einsatz f\u00fcr eine verantwortungsvolle und nachhaltige Entwicklung wider.<\/p>\n<p>Diese Anerkennung unterstreicht unsere \u00dcberzeugung, dass der Ausbau erneuerbarer Energien Hand in Hand mit nachhaltigem Wirtschaften gehen muss. Indem wir in zukunftsweisende Technologien investieren, unsere Projekte mit Respekt f\u00fcr die Umwelt umsetzen und Partnerschaften aufbauen, die echten Mehrwert schaffen, gestalten wir aktiv eine lebenswerte Zukunft.<\/p>\n<p>Wir sind stolz auf das Vertrauen, das uns von unabh\u00e4ngigen Organisationen wie GRESB entgegengebracht wird, und sehen diese Auszeichnung als Ansporn, unsere Nachhaltigkeitsziele weiter voranzutreiben.<\/p>\n<p><a href=\"https:\/\/www.gresb.com\/nl-en\/#\">Mehr erfahren<\/a><\/p>\n                                                    <\/div>\n                    <\/div>\n                        <\/div>\n\n    <\/div>\n<\/div>\n\n\n<div class=\"separator-wrapper\" style=\"\" id=\"block_cd2be8b963db5e44f12df27312b0d853\">\n    <div class=\"container\">\n        <div class=\"separator-inner\"><\/div>\n    <\/div>\n<\/div>\n\n<div class=\"more-info-wrapper\" id=\"block_048d7e9dd1095650f7591b0775a8342d\">\n    <div class=\"container\">\n        <div class=\"more-info-inner\">\n<!--            <div class=\"heading-holder\">\n                <h2><\/h2>\n            <\/div>-->\n            <div class=\"buttons-holder\">\n                                    <a href=\"https:\/\/www.kallistaenergy.com\/de\/unser-engagement-neu\/\"\n                        target=\"_self\">Unser Engagement<\/a>\n                                    <a href=\"https:\/\/www.kallistaenergy.com\/de\/gesellschaft\/\"\n                        target=\"_self\">Gesellschaft<\/a>\n                                    <a href=\"https:\/\/www.kallistaenergy.com\/de\/unternehmensfuhrung\/\"\n                        target=\"_self\">Unternehmensf\u00fchrung<\/a>\n                \n            <\/div>\n        <\/div>\n    <\/div>\n<\/div>\n","protected":false},"excerpt":{"rendered":"","protected":false},"author":11,"featured_media":0,"parent":0,"menu_order":0,"comment_status":"closed","ping_status":"closed","template":"blocks-template.php","meta":{"_acf_changed":false,"inline_featured_image":false,"footnotes":""},"class_list":["post-15163","page","type-page","status-publish","hentry"],"acf":[],"yoast_head":"<!-- This site is optimized with the Yoast SEO Premium plugin v27.3 (Yoast SEO v27.3) - https:\/\/yoast.com\/product\/yoast-seo-premium-wordpress\/ -->\n<title>Umwelt - Kallista Energy<\/title>\n<meta name=\"robots\" content=\"index, follow, max-snippet:-1, max-image-preview:large, max-video-preview:-1\" \/>\n<link rel=\"canonical\" href=\"https:\/\/www.kallistaenergy.com\/de\/umwelt\/\" \/>\n<meta property=\"og:locale\" content=\"de_DE\" \/>\n<meta property=\"og:type\" content=\"article\" \/>\n<meta property=\"og:title\" content=\"Umwelt\" \/>\n<meta property=\"og:url\" content=\"https:\/\/www.kallistaenergy.com\/de\/umwelt\/\" \/>\n<meta property=\"og:site_name\" content=\"Kallista Energy\" \/>\n<meta property=\"article:modified_time\" content=\"2025-02-03T09:52:11+00:00\" \/>\n<script type=\"application\/ld+json\" class=\"yoast-schema-graph\">{\"@context\":\"https:\\\/\\\/schema.org\",\"@graph\":[{\"@type\":\"WebPage\",\"@id\":\"https:\\\/\\\/www.kallistaenergy.com\\\/de\\\/umwelt\\\/\",\"url\":\"https:\\\/\\\/www.kallistaenergy.com\\\/de\\\/umwelt\\\/\",\"name\":\"Umwelt - Kallista Energy\",\"isPartOf\":{\"@id\":\"https:\\\/\\\/www.kallistaenergy.com\\\/#website\"},\"datePublished\":\"2024-08-22T16:20:23+00:00\",\"dateModified\":\"2025-02-03T09:52:11+00:00\",\"breadcrumb\":{\"@id\":\"https:\\\/\\\/www.kallistaenergy.com\\\/de\\\/umwelt\\\/#breadcrumb\"},\"inLanguage\":\"de\",\"potentialAction\":[{\"@type\":\"ReadAction\",\"target\":[\"https:\\\/\\\/www.kallistaenergy.com\\\/de\\\/umwelt\\\/\"]}]},{\"@type\":\"BreadcrumbList\",\"@id\":\"https:\\\/\\\/www.kallistaenergy.com\\\/de\\\/umwelt\\\/#breadcrumb\",\"itemListElement\":[{\"@type\":\"ListItem\",\"position\":1,\"name\":\"Accueil\",\"item\":\"https:\\\/\\\/www.kallistaenergy.com\\\/de\\\/\"},{\"@type\":\"ListItem\",\"position\":2,\"name\":\"Umwelt\"}]},{\"@type\":\"WebSite\",\"@id\":\"https:\\\/\\\/www.kallistaenergy.com\\\/#website\",\"url\":\"https:\\\/\\\/www.kallistaenergy.com\\\/\",\"name\":\"Kallista Energy\",\"description\":\"\",\"potentialAction\":[{\"@type\":\"SearchAction\",\"target\":{\"@type\":\"EntryPoint\",\"urlTemplate\":\"https:\\\/\\\/www.kallistaenergy.com\\\/?s={search_term_string}\"},\"query-input\":{\"@type\":\"PropertyValueSpecification\",\"valueRequired\":true,\"valueName\":\"search_term_string\"}}],\"inLanguage\":\"de\"}]}<\/script>\n<!-- \/ Yoast SEO Premium plugin. -->","yoast_head_json":{"title":"Umwelt - Kallista Energy","robots":{"index":"index","follow":"follow","max-snippet":"max-snippet:-1","max-image-preview":"max-image-preview:large","max-video-preview":"max-video-preview:-1"},"canonical":"https:\/\/www.kallistaenergy.com\/de\/umwelt\/","og_locale":"de_DE","og_type":"article","og_title":"Umwelt","og_url":"https:\/\/www.kallistaenergy.com\/de\/umwelt\/","og_site_name":"Kallista Energy","article_modified_time":"2025-02-03T09:52:11+00:00","schema":{"@context":"https:\/\/schema.org","@graph":[{"@type":"WebPage","@id":"https:\/\/www.kallistaenergy.com\/de\/umwelt\/","url":"https:\/\/www.kallistaenergy.com\/de\/umwelt\/","name":"Umwelt - Kallista Energy","isPartOf":{"@id":"https:\/\/www.kallistaenergy.com\/#website"},"datePublished":"2024-08-22T16:20:23+00:00","dateModified":"2025-02-03T09:52:11+00:00","breadcrumb":{"@id":"https:\/\/www.kallistaenergy.com\/de\/umwelt\/#breadcrumb"},"inLanguage":"de","potentialAction":[{"@type":"ReadAction","target":["https:\/\/www.kallistaenergy.com\/de\/umwelt\/"]}]},{"@type":"BreadcrumbList","@id":"https:\/\/www.kallistaenergy.com\/de\/umwelt\/#breadcrumb","itemListElement":[{"@type":"ListItem","position":1,"name":"Accueil","item":"https:\/\/www.kallistaenergy.com\/de\/"},{"@type":"ListItem","position":2,"name":"Umwelt"}]},{"@type":"WebSite","@id":"https:\/\/www.kallistaenergy.com\/#website","url":"https:\/\/www.kallistaenergy.com\/","name":"Kallista Energy","description":"","potentialAction":[{"@type":"SearchAction","target":{"@type":"EntryPoint","urlTemplate":"https:\/\/www.kallistaenergy.com\/?s={search_term_string}"},"query-input":{"@type":"PropertyValueSpecification","valueRequired":true,"valueName":"search_term_string"}}],"inLanguage":"de"}]}},"_links":{"self":[{"href":"https:\/\/www.kallistaenergy.com\/de\/wp-json\/wp\/v2\/pages\/15163","targetHints":{"allow":["GET"]}}],"collection":[{"href":"https:\/\/www.kallistaenergy.com\/de\/wp-json\/wp\/v2\/pages"}],"about":[{"href":"https:\/\/www.kallistaenergy.com\/de\/wp-json\/wp\/v2\/types\/page"}],"author":[{"embeddable":true,"href":"https:\/\/www.kallistaenergy.com\/de\/wp-json\/wp\/v2\/users\/11"}],"replies":[{"embeddable":true,"href":"https:\/\/www.kallistaenergy.com\/de\/wp-json\/wp\/v2\/comments?post=15163"}],"version-history":[{"count":48,"href":"https:\/\/www.kallistaenergy.com\/de\/wp-json\/wp\/v2\/pages\/15163\/revisions"}],"predecessor-version":[{"id":20749,"href":"https:\/\/www.kallistaenergy.com\/de\/wp-json\/wp\/v2\/pages\/15163\/revisions\/20749"}],"wp:attachment":[{"href":"https:\/\/www.kallistaenergy.com\/de\/wp-json\/wp\/v2\/media?parent=15163"}],"curies":[{"name":"wp","href":"https:\/\/api.w.org\/{rel}","templated":true}]}}