{"id":15178,"date":"2024-08-22T16:52:01","date_gmt":"2024-08-22T14:52:01","guid":{"rendered":"https:\/\/kallistav3.alx-web.com\/notre-politique-societale\/"},"modified":"2024-09-19T10:46:15","modified_gmt":"2024-09-19T08:46:15","slug":"gesellschaft","status":"publish","type":"page","link":"https:\/\/www.kallistaenergy.com\/de\/gesellschaft\/","title":{"rendered":"Gesellschaft"},"content":{"rendered":"<div class=\"interior-banner-wrapper\" id=\"block_66c70564238df\"> \n    <div class=\"img-holder\">\n        <img decoding=\"async\" src=\"https:\/\/www.kallistaenergy.com\/wp-content\/uploads\/2020\/05\/Header_EnR-1.png\" alt=\"\">\n    <\/div>\n    <div class=\"page-title-holder\">\n        <h1>Gesellschaft<\/h1>\n    <\/div>\n<\/div>\n\n<div class=\"side-by-side-wrapper\" id=\"block_66cf3681abc66\">\n    <div class=\"container\">\n        <div class=\"side-by-side-inner\">\n                                <div class=\"single-row\">\n                        <div class=\"heading-holder\">\n                                                            <div class=\"img-holder noresize\">\n                                    <img decoding=\"async\" src=\"https:\/\/www.kallistaenergy.com\/wp-content\/uploads\/2024\/08\/Parcs_Bretagne-0211\u00a9Stephane_Leroy-e1728467113785.jpg\" alt=\"\">\n                                    <p class=\"legend\"><\/p>\n                                <\/div>\n                                                    <\/div>\n                        <div class=\"description\">\n                            <p>Wir bei Kallista Energy \u00fcbernehmen Verantwortung f\u00fcr mehr als das eigene Unternehmen. Aus tiefer \u00dcberzeugung. Und aus dem Wissen, dass das Wohlergehen aller die Basis f\u00fcr unseren Gesch\u00e4ftserfolg ist. Deswegen kommen Gesundheit und Sicherheit unserer Mitarbeiter und Partner an erster Stelle. Wir investieren in umfassende Schulungen und hochwertige Ausr\u00fcstung, f\u00fcr maximale Sicherheit.<\/p>\n<p>Wir legen gro\u00dfen Wert auf eine enge und gute Zusammenarbeit mit den Kommunen, in denen unsere Energieprojekte angesiedelt sind. Durch Informationsveranstaltungen und kontinuierliche Gespr\u00e4che mit B\u00fcrgern, Verantwortungstr\u00e4gern und lokalen Interessengruppen stellen wir sicher, dass unsere Projekte im Einklang mit den Bed\u00fcrfnissen und Interessen der Menschen vor Ort realisiert werden.<\/p>\n<p><a class=\"btn\" href=\"https:\/\/www.kallistaenergy.com\/wp-content\/uploads\/2024\/09\/Kallista-CSR-2023-EN.pdf\" target=\"_blank\" rel=\"noopener\">Aktueller Nachhaltigkeitsbericht<\/a><\/p>\n                                                    <\/div>\n                    <\/div>\n                        <\/div>\n\n    <\/div>\n<\/div>\n\n\n<div class=\"separator-wrapper\" style=\"\" id=\"block_66cf38f3567de\">\n    <div class=\"container\">\n        <div class=\"separator-inner\"><\/div>\n    <\/div>\n<\/div>\n\n<div class=\"side-by-side-wrapper\" id=\"block_66c74ec4491b3\">\n    <div class=\"container\">\n        <div class=\"side-by-side-inner\">\n                                <div class=\"single-row\" id=\"\">\n                        <div class=\"heading-holder\">Sicherheit von Menschen und Anlagen<\/div>\n                        <div class=\"description\"><p><span data-contrast=\"auto\">Der Respekt und die Sicherheit f\u00fcr die Menschen, f\u00fcr die und mit denen wir arbeiten, ist unsere wichtigste Priorit\u00e4t \u2013 &#8222;Safety first&#8220; gilt f\u00fcr uns immer und \u00fcberall.<\/span><span data-ccp-props=\"{&quot;201341983&quot;:0,&quot;335551550&quot;:6,&quot;335551620&quot;:6,&quot;335559685&quot;:0,&quot;335559739&quot;:0,&quot;335559740&quot;:276}\">\u00a0<\/span><\/p>\n<p><span data-contrast=\"auto\">Wer unsere Anlagen wartet und technisch betreut, hat die daf\u00fcr notwendige Ausbildung und Ausr\u00fcstung, so dass jederzeit der maximal m\u00f6gliche Schutz vor Gefahren gew\u00e4hrleistet ist.<\/span><span data-ccp-props=\"{&quot;201341983&quot;:0,&quot;335551550&quot;:6,&quot;335551620&quot;:6,&quot;335559685&quot;:0,&quot;335559739&quot;:0,&quot;335559740&quot;:276}\">\u00a0<\/span><\/p>\n<p><span data-contrast=\"auto\">Alle unsere Partner und Dienstleister betreiben Risikopr\u00e4vention und sichern uns zu, dass ihre Arbeiten und Zulieferungen allen geltenden und notwendigen Sicherheitsanforderungen entsprechen.<\/span><span data-ccp-props=\"{&quot;201341983&quot;:0,&quot;335551550&quot;:6,&quot;335551620&quot;:6,&quot;335559685&quot;:0,&quot;335559739&quot;:0,&quot;335559740&quot;:276}\">\u00a0<\/span><\/p>\n<p><span data-contrast=\"auto\">Um auch im Stra\u00dfenverkehr Unfallrisiken zu vermeiden, absolvieren alle unsere Au\u00dfendienst-Mitarbeiter bei Eintritt in das Unternehmen ein verpflichtendes Fahrsicherheitstraining.<\/span><span data-ccp-props=\"{&quot;201341983&quot;:0,&quot;335551550&quot;:6,&quot;335551620&quot;:6,&quot;335559685&quot;:0,&quot;335559739&quot;:0,&quot;335559740&quot;:276}\">\u00a0<\/span><\/p>\n<\/div>\n                    <\/div>\n                                    <div class=\"single-row\" id=\"\">\n                        <div class=\"heading-holder\">Zusammenarbeit vor Ort<\/div>\n                        <div class=\"description\"><p><span data-contrast=\"auto\">Unsere Energieparks sind nicht nur f\u00fcr uns, sondern besonders auch f\u00fcr die Kommunen und B\u00fcrger vor Ort bedeutende Projekte. Windparks und Photovoltaik-Fl\u00e4chen auf dem Gemeindegebiet wirken sich aus auf kommunale Steuereinnahmen, die lokale Wirtschaft und die Infrastruktur. <\/span><\/p>\n<p><span data-contrast=\"auto\">Aus diesem Grund ist eine gr\u00fcndliche und umsichtige Planung und Kommunikation mit den lokalen Interessengruppen enorm wichtig. Wir f\u00fchren regelm\u00e4\u00dfig Informationsveranstaltungen durch. Die Planung und Umsetzung unserer Projekte findet in enger Absprache mit den Verantwortlichen und Anwohnern der Kommunen statt, in denen wir aktiv sind. So stellen wir sicher, dass alle Themen bestm\u00f6glich im Interesse der direkt und indirekt Beteiligten gekl\u00e4rt und umgesetzt werden.<\/span><\/p>\n<p><span data-contrast=\"auto\">Wir sorgen au\u00dferdem daf\u00fcr, dass unsere lokalen Betriebstechniker und Projektmanager w\u00e4hrend der gesamten Lebensdauer der Parks eine gute und regelm\u00e4\u00dfige Verbindung zu Anwohnern und Entscheidungstr\u00e4gern haben.<\/span><span data-ccp-props=\"{&quot;201341983&quot;:0,&quot;335551550&quot;:6,&quot;335551620&quot;:6,&quot;335559685&quot;:0,&quot;335559739&quot;:0,&quot;335559740&quot;:276}\">\u00a0<\/span><\/p>\n<\/div>\n                    <\/div>\n                        <\/div>\n    <\/div>\n<\/div>\n\n<div class=\"more-info-wrapper\" id=\"block_66c75049491bf\">\n    <div class=\"container\">\n        <div class=\"more-info-inner\">\n<!--            <div class=\"heading-holder\">\n                <h2><\/h2>\n            <\/div>-->\n            <div class=\"buttons-holder\">\n                                    <a href=\"https:\/\/www.kallistaenergy.com\/de\/unser-engagement-neu\/\"\n                        target=\"_self\">Unser Engagement<\/a>\n                                    <a href=\"https:\/\/www.kallistaenergy.com\/de\/umwelt\/\"\n                        target=\"_self\">Umwelt<\/a>\n                                    <a href=\"https:\/\/www.kallistaenergy.com\/de\/unternehmensfuhrung\/\"\n                        target=\"_self\">Unternehmensf\u00fchrung<\/a>\n                \n            <\/div>\n        <\/div>\n    <\/div>\n<\/div>\n","protected":false},"excerpt":{"rendered":"","protected":false},"author":11,"featured_media":0,"parent":0,"menu_order":0,"comment_status":"closed","ping_status":"closed","template":"blocks-template.php","meta":{"_acf_changed":false,"inline_featured_image":false,"footnotes":""},"class_list":["post-15178","page","type-page","status-publish","hentry"],"acf":[],"yoast_head":"<!-- This site is optimized with the Yoast SEO Premium plugin v27.3 (Yoast SEO v27.3) - https:\/\/yoast.com\/product\/yoast-seo-premium-wordpress\/ -->\n<title>Gesellschaft - Kallista Energy<\/title>\n<meta name=\"robots\" content=\"index, follow, max-snippet:-1, max-image-preview:large, max-video-preview:-1\" \/>\n<link rel=\"canonical\" href=\"https:\/\/www.kallistaenergy.com\/de\/gesellschaft\/\" \/>\n<meta property=\"og:locale\" content=\"de_DE\" \/>\n<meta property=\"og:type\" content=\"article\" \/>\n<meta property=\"og:title\" content=\"Gesellschaft\" \/>\n<meta property=\"og:url\" content=\"https:\/\/www.kallistaenergy.com\/de\/gesellschaft\/\" \/>\n<meta property=\"og:site_name\" content=\"Kallista Energy\" \/>\n<meta property=\"article:modified_time\" content=\"2024-09-19T08:46:15+00:00\" \/>\n<script type=\"application\/ld+json\" class=\"yoast-schema-graph\">{\"@context\":\"https:\\\/\\\/schema.org\",\"@graph\":[{\"@type\":\"WebPage\",\"@id\":\"https:\\\/\\\/www.kallistaenergy.com\\\/de\\\/gesellschaft\\\/\",\"url\":\"https:\\\/\\\/www.kallistaenergy.com\\\/de\\\/gesellschaft\\\/\",\"name\":\"Gesellschaft - Kallista Energy\",\"isPartOf\":{\"@id\":\"https:\\\/\\\/www.kallistaenergy.com\\\/#website\"},\"datePublished\":\"2024-08-22T14:52:01+00:00\",\"dateModified\":\"2024-09-19T08:46:15+00:00\",\"breadcrumb\":{\"@id\":\"https:\\\/\\\/www.kallistaenergy.com\\\/de\\\/gesellschaft\\\/#breadcrumb\"},\"inLanguage\":\"de\",\"potentialAction\":[{\"@type\":\"ReadAction\",\"target\":[\"https:\\\/\\\/www.kallistaenergy.com\\\/de\\\/gesellschaft\\\/\"]}]},{\"@type\":\"BreadcrumbList\",\"@id\":\"https:\\\/\\\/www.kallistaenergy.com\\\/de\\\/gesellschaft\\\/#breadcrumb\",\"itemListElement\":[{\"@type\":\"ListItem\",\"position\":1,\"name\":\"Accueil\",\"item\":\"https:\\\/\\\/www.kallistaenergy.com\\\/de\\\/\"},{\"@type\":\"ListItem\",\"position\":2,\"name\":\"Gesellschaft\"}]},{\"@type\":\"WebSite\",\"@id\":\"https:\\\/\\\/www.kallistaenergy.com\\\/#website\",\"url\":\"https:\\\/\\\/www.kallistaenergy.com\\\/\",\"name\":\"Kallista Energy\",\"description\":\"\",\"potentialAction\":[{\"@type\":\"SearchAction\",\"target\":{\"@type\":\"EntryPoint\",\"urlTemplate\":\"https:\\\/\\\/www.kallistaenergy.com\\\/?s={search_term_string}\"},\"query-input\":{\"@type\":\"PropertyValueSpecification\",\"valueRequired\":true,\"valueName\":\"search_term_string\"}}],\"inLanguage\":\"de\"}]}<\/script>\n<!-- \/ Yoast SEO Premium plugin. -->","yoast_head_json":{"title":"Gesellschaft - Kallista Energy","robots":{"index":"index","follow":"follow","max-snippet":"max-snippet:-1","max-image-preview":"max-image-preview:large","max-video-preview":"max-video-preview:-1"},"canonical":"https:\/\/www.kallistaenergy.com\/de\/gesellschaft\/","og_locale":"de_DE","og_type":"article","og_title":"Gesellschaft","og_url":"https:\/\/www.kallistaenergy.com\/de\/gesellschaft\/","og_site_name":"Kallista Energy","article_modified_time":"2024-09-19T08:46:15+00:00","schema":{"@context":"https:\/\/schema.org","@graph":[{"@type":"WebPage","@id":"https:\/\/www.kallistaenergy.com\/de\/gesellschaft\/","url":"https:\/\/www.kallistaenergy.com\/de\/gesellschaft\/","name":"Gesellschaft - Kallista Energy","isPartOf":{"@id":"https:\/\/www.kallistaenergy.com\/#website"},"datePublished":"2024-08-22T14:52:01+00:00","dateModified":"2024-09-19T08:46:15+00:00","breadcrumb":{"@id":"https:\/\/www.kallistaenergy.com\/de\/gesellschaft\/#breadcrumb"},"inLanguage":"de","potentialAction":[{"@type":"ReadAction","target":["https:\/\/www.kallistaenergy.com\/de\/gesellschaft\/"]}]},{"@type":"BreadcrumbList","@id":"https:\/\/www.kallistaenergy.com\/de\/gesellschaft\/#breadcrumb","itemListElement":[{"@type":"ListItem","position":1,"name":"Accueil","item":"https:\/\/www.kallistaenergy.com\/de\/"},{"@type":"ListItem","position":2,"name":"Gesellschaft"}]},{"@type":"WebSite","@id":"https:\/\/www.kallistaenergy.com\/#website","url":"https:\/\/www.kallistaenergy.com\/","name":"Kallista Energy","description":"","potentialAction":[{"@type":"SearchAction","target":{"@type":"EntryPoint","urlTemplate":"https:\/\/www.kallistaenergy.com\/?s={search_term_string}"},"query-input":{"@type":"PropertyValueSpecification","valueRequired":true,"valueName":"search_term_string"}}],"inLanguage":"de"}]}},"_links":{"self":[{"href":"https:\/\/www.kallistaenergy.com\/de\/wp-json\/wp\/v2\/pages\/15178","targetHints":{"allow":["GET"]}}],"collection":[{"href":"https:\/\/www.kallistaenergy.com\/de\/wp-json\/wp\/v2\/pages"}],"about":[{"href":"https:\/\/www.kallistaenergy.com\/de\/wp-json\/wp\/v2\/types\/page"}],"author":[{"embeddable":true,"href":"https:\/\/www.kallistaenergy.com\/de\/wp-json\/wp\/v2\/users\/11"}],"replies":[{"embeddable":true,"href":"https:\/\/www.kallistaenergy.com\/de\/wp-json\/wp\/v2\/comments?post=15178"}],"version-history":[{"count":39,"href":"https:\/\/www.kallistaenergy.com\/de\/wp-json\/wp\/v2\/pages\/15178\/revisions"}],"predecessor-version":[{"id":18667,"href":"https:\/\/www.kallistaenergy.com\/de\/wp-json\/wp\/v2\/pages\/15178\/revisions\/18667"}],"wp:attachment":[{"href":"https:\/\/www.kallistaenergy.com\/de\/wp-json\/wp\/v2\/media?parent=15178"}],"curies":[{"name":"wp","href":"https:\/\/api.w.org\/{rel}","templated":true}]}}