{"id":15219,"date":"2024-08-22T14:28:39","date_gmt":"2024-08-22T12:28:39","guid":{"rendered":"https:\/\/kallistav3.alx-web.com\/notre-politique-de-gouvernance\/"},"modified":"2024-09-19T10:53:31","modified_gmt":"2024-09-19T08:53:31","slug":"unternehmensfuhrung","status":"publish","type":"page","link":"https:\/\/www.kallistaenergy.com\/de\/unternehmensfuhrung\/","title":{"rendered":"Unternehmensf\u00fchrung"},"content":{"rendered":"<div class=\"interior-banner-wrapper\" id=\"block_66c70564238df\"> \n    <div class=\"img-holder\">\n        <img decoding=\"async\" src=\"https:\/\/www.kallistaenergy.com\/wp-content\/uploads\/2024\/07\/49de5336d9cc6dcd888184b0f7cf98f5-1-e1726127570788.jpg\" alt=\"\">\n    <\/div>\n    <div class=\"page-title-holder\">\n        <h1>Unternehmensf\u00fchrung<\/h1>\n    <\/div>\n<\/div>\n\n<div class=\"side-by-side-wrapper\" id=\"block_66e29e47a8316\">\n    <div class=\"container\">\n        <div class=\"side-by-side-inner\">\n                                <div class=\"single-row\" id=\"\">\n                        <div class=\"description mw100\"><p><span data-contrast=\"auto\">Im Kern geht es bei guter Unternehmensf\u00fchrung um die effektive Verbindung von unternehmerischer Freiheit des Managements, dem Schutz der Aktion\u00e4rsinteressen und dem nachhaltigen Bestand des Unternehmens. <\/span><\/p>\n<p><span data-contrast=\"auto\">Aus diesem Grund hat Kallista Energy ab dem 1. Januar 2019 eine Governance-Struktur eingef\u00fchrt, die aus einem Vorstand und einem Aufsichtsrat besteht. Der Vorstand besteht aus dem Vorsitzenden und den Direktoren der drei Hauptbereiche des Unternehmens: Verwaltung und Finanzen, Operations und Entwicklung. Dabei sind Vorstandsvorsitzender und Gesch\u00e4ftsf\u00fchrer vertretungsberechtigt.<\/span><\/p>\n<p><span data-contrast=\"auto\">Die Balance zwischen den drei zentralen Kr\u00e4ften des Unternehmens (Hauptversammlung der Aktion\u00e4re, Vorstand \/ Vorsitzender \/ Gesch\u00e4ftsf\u00fchrer und Aufsichtsrat) bestimmt die Art und Weise, wie das Unternehmen gef\u00fchrt wird. Diese effektive Kombination legitimiert, trifft und unterst\u00fctzt Entscheidungen \u2013 insbesondere strategische \u2013 mit langfristigen Auswirkungen auf das Unternehmen. Dadurch wird das Vertrauen der Stakeholder in die Unternehmensf\u00fchrung gest\u00e4rkt.<\/span><\/p>\n<p><span data-contrast=\"auto\">Dar\u00fcber hinaus hat Kallista Energy einen Verhaltenskodex zur Betrugsbek\u00e4mpfung f\u00fcr alle Mitarbeitende verabschiedet. Dieser Verhaltenskodex beschreibt und veranschaulicht verschiedene Arten von Verhaltensweisen, die nicht akzeptabel sind und auf korrupte Handlungen oder Einflussnahme hinweisen k\u00f6nnten. Der Kodex bietet auch Schutz f\u00fcr alle Mitarbeitende , die Zeugen von betr\u00fcgerischen Handlungen oder Korruptionshandlungen sind, an denen das Management des Unternehmens beteiligt ist. In solchen F\u00e4llen ist jedes Teammitglied berechtigt, den Vorfall direkt dem Vorsitzenden des Aufsichtsrats des Unternehmens zu melden.<\/span><\/p>\n<p><span data-contrast=\"auto\">Weitere Informationen entnehmen Sie in <span style=\"text-decoration: underline;\"><a href=\"https:\/\/www.kallistaenergy.com\/wp-content\/uploads\/2024\/09\/Kallista-CSR-2023-EN.pdf\" target=\"_blank\" rel=\"noopener\">unserem aktuellen <\/a><\/span><\/span><span style=\"text-decoration: underline;\">Nachhaltigkeitsbericht<\/span><span data-contrast=\"auto\">.<\/span><span data-ccp-props=\"{&quot;201341983&quot;:0,&quot;335551550&quot;:6,&quot;335551620&quot;:6,&quot;335559685&quot;:0,&quot;335559739&quot;:0,&quot;335559740&quot;:276}\">\u00a0<\/span><\/p>\n<\/div>\n                    <\/div>\n                        <\/div>\n    <\/div>\n<\/div>\n\n\n<div class=\"separator-wrapper\" style=\"\" id=\"block_66cd9355bafa0\">\n    <div class=\"container\">\n        <div class=\"separator-inner\"><\/div>\n    <\/div>\n<\/div>\n\n<div class=\"more-info-wrapper\" id=\"block_66cd92cdbaf9f\">\n    <div class=\"container\">\n        <div class=\"more-info-inner\">\n<!--            <div class=\"heading-holder\">\n                <h2><\/h2>\n            <\/div>-->\n            <div class=\"buttons-holder\">\n                                    <a href=\"https:\/\/www.kallistaenergy.com\/de\/unser-engagement-neu\/\"\n                        target=\"_self\">Unser Engagement<\/a>\n                                    <a href=\"https:\/\/www.kallistaenergy.com\/de\/umwelt\/\"\n                        target=\"_self\">Umwelt<\/a>\n                                    <a href=\"https:\/\/www.kallistaenergy.com\/de\/gesellschaft\/\"\n                        target=\"_self\">Gesellschaft<\/a>\n                \n            <\/div>\n        <\/div>\n    <\/div>\n<\/div>\n","protected":false},"excerpt":{"rendered":"","protected":false},"author":11,"featured_media":0,"parent":0,"menu_order":0,"comment_status":"closed","ping_status":"closed","template":"blocks-template.php","meta":{"_acf_changed":false,"inline_featured_image":false,"footnotes":""},"class_list":["post-15219","page","type-page","status-publish","hentry"],"acf":[],"yoast_head":"<!-- This site is optimized with the Yoast SEO Premium plugin v27.3 (Yoast SEO v27.3) - https:\/\/yoast.com\/product\/yoast-seo-premium-wordpress\/ -->\n<title>Unternehmensf\u00fchrung - Kallista Energy<\/title>\n<meta name=\"robots\" content=\"index, follow, max-snippet:-1, max-image-preview:large, max-video-preview:-1\" \/>\n<link rel=\"canonical\" href=\"https:\/\/www.kallistaenergy.com\/de\/unternehmensfuhrung\/\" \/>\n<meta property=\"og:locale\" content=\"de_DE\" \/>\n<meta property=\"og:type\" content=\"article\" \/>\n<meta property=\"og:title\" content=\"Unternehmensf\u00fchrung\" \/>\n<meta property=\"og:url\" content=\"https:\/\/www.kallistaenergy.com\/de\/unternehmensfuhrung\/\" \/>\n<meta property=\"og:site_name\" content=\"Kallista Energy\" \/>\n<meta property=\"article:modified_time\" content=\"2024-09-19T08:53:31+00:00\" \/>\n<script type=\"application\/ld+json\" class=\"yoast-schema-graph\">{\"@context\":\"https:\\\/\\\/schema.org\",\"@graph\":[{\"@type\":\"WebPage\",\"@id\":\"https:\\\/\\\/www.kallistaenergy.com\\\/de\\\/unternehmensfuhrung\\\/\",\"url\":\"https:\\\/\\\/www.kallistaenergy.com\\\/de\\\/unternehmensfuhrung\\\/\",\"name\":\"Unternehmensf\u00fchrung - Kallista Energy\",\"isPartOf\":{\"@id\":\"https:\\\/\\\/www.kallistaenergy.com\\\/#website\"},\"datePublished\":\"2024-08-22T12:28:39+00:00\",\"dateModified\":\"2024-09-19T08:53:31+00:00\",\"breadcrumb\":{\"@id\":\"https:\\\/\\\/www.kallistaenergy.com\\\/de\\\/unternehmensfuhrung\\\/#breadcrumb\"},\"inLanguage\":\"de\",\"potentialAction\":[{\"@type\":\"ReadAction\",\"target\":[\"https:\\\/\\\/www.kallistaenergy.com\\\/de\\\/unternehmensfuhrung\\\/\"]}]},{\"@type\":\"BreadcrumbList\",\"@id\":\"https:\\\/\\\/www.kallistaenergy.com\\\/de\\\/unternehmensfuhrung\\\/#breadcrumb\",\"itemListElement\":[{\"@type\":\"ListItem\",\"position\":1,\"name\":\"Accueil\",\"item\":\"https:\\\/\\\/www.kallistaenergy.com\\\/de\\\/\"},{\"@type\":\"ListItem\",\"position\":2,\"name\":\"Unternehmensf\u00fchrung\"}]},{\"@type\":\"WebSite\",\"@id\":\"https:\\\/\\\/www.kallistaenergy.com\\\/#website\",\"url\":\"https:\\\/\\\/www.kallistaenergy.com\\\/\",\"name\":\"Kallista Energy\",\"description\":\"\",\"potentialAction\":[{\"@type\":\"SearchAction\",\"target\":{\"@type\":\"EntryPoint\",\"urlTemplate\":\"https:\\\/\\\/www.kallistaenergy.com\\\/?s={search_term_string}\"},\"query-input\":{\"@type\":\"PropertyValueSpecification\",\"valueRequired\":true,\"valueName\":\"search_term_string\"}}],\"inLanguage\":\"de\"}]}<\/script>\n<!-- \/ Yoast SEO Premium plugin. -->","yoast_head_json":{"title":"Unternehmensf\u00fchrung - Kallista Energy","robots":{"index":"index","follow":"follow","max-snippet":"max-snippet:-1","max-image-preview":"max-image-preview:large","max-video-preview":"max-video-preview:-1"},"canonical":"https:\/\/www.kallistaenergy.com\/de\/unternehmensfuhrung\/","og_locale":"de_DE","og_type":"article","og_title":"Unternehmensf\u00fchrung","og_url":"https:\/\/www.kallistaenergy.com\/de\/unternehmensfuhrung\/","og_site_name":"Kallista Energy","article_modified_time":"2024-09-19T08:53:31+00:00","schema":{"@context":"https:\/\/schema.org","@graph":[{"@type":"WebPage","@id":"https:\/\/www.kallistaenergy.com\/de\/unternehmensfuhrung\/","url":"https:\/\/www.kallistaenergy.com\/de\/unternehmensfuhrung\/","name":"Unternehmensf\u00fchrung - Kallista Energy","isPartOf":{"@id":"https:\/\/www.kallistaenergy.com\/#website"},"datePublished":"2024-08-22T12:28:39+00:00","dateModified":"2024-09-19T08:53:31+00:00","breadcrumb":{"@id":"https:\/\/www.kallistaenergy.com\/de\/unternehmensfuhrung\/#breadcrumb"},"inLanguage":"de","potentialAction":[{"@type":"ReadAction","target":["https:\/\/www.kallistaenergy.com\/de\/unternehmensfuhrung\/"]}]},{"@type":"BreadcrumbList","@id":"https:\/\/www.kallistaenergy.com\/de\/unternehmensfuhrung\/#breadcrumb","itemListElement":[{"@type":"ListItem","position":1,"name":"Accueil","item":"https:\/\/www.kallistaenergy.com\/de\/"},{"@type":"ListItem","position":2,"name":"Unternehmensf\u00fchrung"}]},{"@type":"WebSite","@id":"https:\/\/www.kallistaenergy.com\/#website","url":"https:\/\/www.kallistaenergy.com\/","name":"Kallista Energy","description":"","potentialAction":[{"@type":"SearchAction","target":{"@type":"EntryPoint","urlTemplate":"https:\/\/www.kallistaenergy.com\/?s={search_term_string}"},"query-input":{"@type":"PropertyValueSpecification","valueRequired":true,"valueName":"search_term_string"}}],"inLanguage":"de"}]}},"_links":{"self":[{"href":"https:\/\/www.kallistaenergy.com\/de\/wp-json\/wp\/v2\/pages\/15219","targetHints":{"allow":["GET"]}}],"collection":[{"href":"https:\/\/www.kallistaenergy.com\/de\/wp-json\/wp\/v2\/pages"}],"about":[{"href":"https:\/\/www.kallistaenergy.com\/de\/wp-json\/wp\/v2\/types\/page"}],"author":[{"embeddable":true,"href":"https:\/\/www.kallistaenergy.com\/de\/wp-json\/wp\/v2\/users\/11"}],"replies":[{"embeddable":true,"href":"https:\/\/www.kallistaenergy.com\/de\/wp-json\/wp\/v2\/comments?post=15219"}],"version-history":[{"count":22,"href":"https:\/\/www.kallistaenergy.com\/de\/wp-json\/wp\/v2\/pages\/15219\/revisions"}],"predecessor-version":[{"id":18682,"href":"https:\/\/www.kallistaenergy.com\/de\/wp-json\/wp\/v2\/pages\/15219\/revisions\/18682"}],"wp:attachment":[{"href":"https:\/\/www.kallistaenergy.com\/de\/wp-json\/wp\/v2\/media?parent=15219"}],"curies":[{"name":"wp","href":"https:\/\/api.w.org\/{rel}","templated":true}]}}