{"id":15228,"date":"2024-08-06T14:02:59","date_gmt":"2024-08-06T12:02:59","guid":{"rendered":"https:\/\/kallistav3.alx-web.com\/join-us-blocks\/"},"modified":"2026-04-08T13:56:13","modified_gmt":"2026-04-08T11:56:13","slug":"mitarbeiten","status":"publish","type":"page","link":"https:\/\/www.kallistaenergy.com\/de\/mitarbeiten\/","title":{"rendered":"Mitarbeiten"},"content":{"rendered":"<div class=\"interior-banner-wrapper\" id=\"block_30664f7b58999e5e477c2923c37ee625\"> \n    <div class=\"img-holder\">\n        <img decoding=\"async\" src=\"https:\/\/www.kallistaenergy.com\/wp-content\/uploads\/2024\/07\/42503374d6a8ef40a28f8cac5cc65200.jpg\" alt=\"\">\n    <\/div>\n    <div class=\"page-title-holder\">\n        <h1>Komm ins Team<br>und erlebe die Kallista-Energie!<\/h1>\n    <\/div>\n<\/div>\n\n<div class=\"side-by-side-wrapper\" id=\"block_13ff0f25aaaaf8dded6357aba3282597\">\n    <div class=\"container\">\n        <div class=\"side-by-side-inner\">\n                                <div class=\"single-row\" id=\"\">\n                        <div class=\"description mw100\"><h4 style=\"text-align: left;\">Du m\u00f6chtest dich aktiv f\u00fcr eine gr\u00fcnere Zukunft einsetzen<br \/>\nund begeisterst dich f\u00fcr Erneuerbare Energien?<\/h4>\n<p>&nbsp;<\/p>\n<p style=\"text-align: left;\">Bei Kallista Energy arbeiten wir t\u00e4glich daran, einen positiven Beitrag f\u00fcr unsere Umwelt und zuk\u00fcnftige Generationen zu leisten &#8211;<br \/>\nmit wettbewerbsf\u00e4higer Erneuerbarer Energie. Wir bieten dir spannende Karrierechancen in einem innovativen und wachsenden Umfeld.<\/p>\n<p>Egal ob du ins Berufsleben einsteigst oder viel Erfahrung hast \u2013 bei Kallista Energy kannst du deine F\u00e4higkeiten vielf\u00e4ltig einbringen und dich weiter entwickeln.<\/p>\n<\/div>\n                    <\/div>\n                        <\/div>\n    <\/div>\n<\/div>\n\n\n<div class=\"why-join-slider-wrapper\" id=\"testimonial\" style=\"\">\n    <div class=\"container\">\n        <div class=\"why-join-inner\">\n            <div class=\"why-join-header\">\n                Was macht die Arbeit bei Kallista Energy so besonders?            <\/div>\n            <div class=\"why-join-slider\">\n                                        <div class=\"single-slider\">\n                            <div class=\"img-holder\"><img decoding=\"async\" src=\"https:\/\/www.kallistaenergy.com\/wp-content\/uploads\/2024\/09\/KE-24001-Team-Fotos7452-e1726732843582.jpg\" alt=\"\"><\/div>\n                            <div class=\"info\">\n                                <div class=\"description\">&#8222;Durch die schnelle Entwicklung im Bereich der Erneuerbaren Energien ergeben sich st\u00e4ndig neue und abwechslungsreiche Aufgaben.<br>Kein Tag gleicht dem anderen, und es gibt immer etwas Neues zu lernen.&#8220;<\/div>\n                                <div class=\"writer-row\">\n                                    <div class=\"writer-holder\">\n                                        <div class=\"name\">Paul Borchert<\/div>\n                                        <div class=\"designation\">Projektentwickler Repowering<\/div>\n                                    <\/div>\n                                    <div class=\"tag\">#energiewende<\/div>\n                                <\/div>\n                            <\/div>\n                        <\/div>\n                                            <div class=\"single-slider\">\n                            <div class=\"img-holder\"><img decoding=\"async\" src=\"https:\/\/www.kallistaenergy.com\/wp-content\/uploads\/2024\/09\/KE-24001-Team-Fotos7284-e1726732911366.jpg\" alt=\"\"><\/div>\n                            <div class=\"info\">\n                                <div class=\"description\">&#8222;Bei Kallista Energy arbeite ich in einem engagierten Team, in dem alle ihr Wissen offen teilen und wir uns gegenseitig unterst\u00fctzen.&#8220;<\/div>\n                                <div class=\"writer-row\">\n                                    <div class=\"writer-holder\">\n                                        <div class=\"name\">Laura Huwyler<\/div>\n                                        <div class=\"designation\">Teamassistentin<\/div>\n                                    <\/div>\n                                    <div class=\"tag\">#leidenschaft<\/div>\n                                <\/div>\n                            <\/div>\n                        <\/div>\n                                            <div class=\"single-slider\">\n                            <div class=\"img-holder\"><img decoding=\"async\" src=\"https:\/\/www.kallistaenergy.com\/wp-content\/uploads\/2024\/08\/KE-24001-Team-Fotos7429-e1726732954573.jpg\" alt=\"\"><\/div>\n                            <div class=\"info\">\n                                <div class=\"description\">&#8222;Die Zusammenarbeit in einem zukunftsorientierten Team macht den Arbeitsalltag besonders spannend. Es gibt viel Raum f\u00fcr Kreativit\u00e4t und Austausch, um gemeinsam L\u00f6sungen f\u00fcr die Herausforderungen der Energiewende zu finden.&#8220;<\/div>\n                                <div class=\"writer-row\">\n                                    <div class=\"writer-holder\">\n                                        <div class=\"name\">Neele Schomakers<\/div>\n                                        <div class=\"designation\">Projektentwicklerin Windenergie<\/div>\n                                    <\/div>\n                                    <div class=\"tag\">#engagement<\/div>\n                                <\/div>\n                            <\/div>\n                        <\/div>\n                                            <div class=\"single-slider\">\n                            <div class=\"img-holder\"><img decoding=\"async\" src=\"https:\/\/www.kallistaenergy.com\/wp-content\/uploads\/2024\/09\/KE-24001-Team-Fotos7477-e1726732997664.jpg\" alt=\"\"><\/div>\n                            <div class=\"info\">\n                                <div class=\"description\">&#8222;Der Austausch mit Menschen aus verschiedenen technischen, politischen und privaten Bereichen liefert mir immer wieder interessante Einblicke und Perspektiven. Das macht meinen Arbeitsalltag spannend und abwechslungsreich.&#8220;<\/div>\n                                <div class=\"writer-row\">\n                                    <div class=\"writer-holder\">\n                                        <div class=\"name\">Thomas Freitag<\/div>\n                                        <div class=\"designation\">Senior-Projektentwickler Photovoltaik<\/div>\n                                    <\/div>\n                                    <div class=\"tag\">#abwechslung<\/div>\n                                <\/div>\n                            <\/div>\n                        <\/div>\n                                <\/div>\n        <\/div>\n    <\/div>\n<\/div>\n\n<div class=\"side-by-side-wrapper\" id=\"block_394caff0cc77a19339e58aef01491486\">\n    <div class=\"container\">\n        <div class=\"side-by-side-inner\">\n                                <div class=\"single-row\" id=\"\">\n                        <div class=\"heading-holder\">Wie w\u00e4re das f\u00fcr dich<\/div>\n                        <div class=\"description\"><ul>\n<li>Die Energiewende voranbringen \u2013 und daf\u00fcr bezahlt werden<\/li>\n<li>Teil eines starken Teams sein \u2013 und viele Freiheiten habe<\/li>\n<li>Schnell Verantwortung \u00fcbernehmen \u2013 und dich weiter entwickeln<\/li>\n<li>Famili\u00e4rer Teamspirit \u2013 und internationale Einbindung<\/li>\n<li>Professionell arbeiten \u2013 und dabei zusammen Spa\u00df haben<\/li>\n<\/ul>\n<\/div>\n                    <\/div>\n                        <\/div>\n    <\/div>\n<\/div>\n\n<div class=\"qoute-wrapper\" id=\"block_c5ddd1e2414f6354f6a148cf458ce10b\">\n    <div class=\"container\">\n        <div class=\"qoute-inner\">\n            <div class=\"title\">Bei uns ist all das gleichzeitig zu haben &#8211;<br>zentral in Hamburg.<br>\r\nWir freuen uns darauf, dich kennen zu lernen!<\/div>\n                    <\/div>\n    <\/div>\n<\/div>\n\n<div class=\"side-by-side-wrapper\" id=\"block_01ce4194b6b4ef253e6445276b552230\">\n    <div class=\"container\">\n        <div class=\"side-by-side-inner\">\n                    <\/div>\n    <\/div>\n<\/div>\n\n\n\n<p><\/p>\n\n\n<div class=\"side-by-side-wrapper\" id=\"block_00515e082f77e081143f840e3499bbe1\">\n    <div class=\"container\">\n        <div class=\"side-by-side-inner\">\n                                <div class=\"single-row\">\n                        <div class=\"heading-holder\">\n                            Was dich bei uns erwartet                                <div class=\"img-holder noresize\">\n                                    <img decoding=\"async\" src=\"https:\/\/www.kallistaenergy.com\/wp-content\/uploads\/2024\/09\/KE-24001-Team-Fotos6978_CROP_3-e1726732472811.jpg\" alt=\"\">\n                                    <p class=\"legend\"><\/p>\n                                <\/div>\n                                                    <\/div>\n                        <div class=\"description\">\n                            <ul>\n<li><span style=\"color: #99cc00;\"><strong>Engagierte Teams<\/strong><br \/>\n<br \/><\/span>Arbeite mit offenen, motivierten Kolleginnen und Kollegen zusammen,<br \/>\ndie deine Leidenschaft f\u00fcr Erneuerbare Energien teilen.<\/li>\n<li><span style=\"color: #99cc00;\"><span style=\"color: #99cc00;\"><strong>Innovative Projekte<\/strong><br \/>\n<br \/><\/span><\/span>Sei wichtiger Teil von zukunftsweisenden Projekten in den Bereichen Wind- und Solarenergie.<\/li>\n<li><span style=\"color: #99cc00;\"><span style=\"color: #99cc00;\"><strong>Entwicklungsm\u00f6glichkeiten<\/strong><br \/>\n<br \/><\/span><\/span>Profitiere von umfassenden Weiterbildungsangeboten und Karriereentwicklungschancen.<\/li>\n<li><span style=\"color: #99cc00;\"><span style=\"color: #99cc00;\"><strong>Nachhaltigkeit<\/strong><br \/>\n<br \/><\/span><\/span>Trage aktiv dazu bei, unsere Welt umweltfreundlicher und nachhaltiger zu gestalten.<\/li>\n<\/ul>\n                                                    <\/div>\n                    <\/div>\n                                    <div class=\"single-row\">\n                        <div class=\"heading-holder\">\n                            Wie wir das Team st\u00e4rken                                <div class=\"img-holder noresize\">\n                                    <img decoding=\"async\" src=\"https:\/\/www.kallistaenergy.com\/wp-content\/uploads\/2024\/08\/keseminaire-e1726478316753.jpg\" alt=\"\">\n                                    <p class=\"legend\"><\/p>\n                                <\/div>\n                                                    <\/div>\n                        <div class=\"description\">\n                            <p>Um unsere Mission zu erf\u00fcllen, sind wir auf die F\u00e4higkeiten und das Engagement aller Mitarbeiterinnen und Mitarbeiter angewiesen. Deshalb unterst\u00fctzen wir ihre Entwicklung.<\/p>\n<ul>\n<li>Optionale Beteiligung der Mitarbeitende am Unternehmen durch Aktien<\/li>\n<li>Flexible Arbeitszeiten zur Vereinbarkeit von Freizeit,\u00a0 Familie und Beruf<\/li>\n<li>Individuelle Weiterbildung<\/li>\n<li>Teilnahme an Branchen-Events und Sportveranstaltungen<\/li>\n<li>Regelm\u00e4\u00dfige Teamevents<\/li>\n<\/ul>\n<p>Wir nehmen immer auch das Potenzial der Menschen in den Blick und nicht nur deren Erfahrung \u2013 so k\u00f6nnen wir auch neue Teammitglieder mit wenig oder keiner Berufserfahrung einstellen und sie intern weiterentwickeln.<\/p>\n                                                    <\/div>\n                    <\/div>\n                        <\/div>\n\n    <\/div>\n<\/div>\n\n\n<div class=\"qoute-wrapper\" id=\"block_a96a1d24ec196daddb24222dbf9afd9d\">\n    <div class=\"container\">\n        <div class=\"qoute-inner\">\n            <div class=\"title\">Wir haben noch viel vor \u2013 bist du dabei?<\/div>\n                        <div class=\"written-by\">Werde Teil von Kallista Energy und gestalte mit uns die Energiewende. <br>Bewirb dich jetzt und starte in unserem engagierten Team!<br>Dich erwarten innovative Projekte, viele Entwicklungsm\u00f6glichkeiten und eine Unternehmenskultur der Fairness und Nachhaltigkeit.<\/div>\n                    <\/div>\n    <\/div>\n<\/div>\n\n\n<p><a href=\"https:\/\/www.kallistaenergy.com\/wp-admin\/post.php?post=15228&amp;action=edit&amp;lang=de&amp;update_needed=1&amp;trid=27146&amp;language_code=de#\">Entfernen<\/a><\/p>\n\n\n<div class=\"job-offers-wrapper\" id=\"jobs\" style=\"\">\n    <div class=\"container\">\n        <div class=\"job-offers-inner\">\n            <div class=\"jobs-header\">\n                Stellenangebote            <\/div>\n            <div class=\"jobs-grid\">\n                                        <div class=\"single-job\" style=\"background-color:#91c814\">\n                            <div class=\"title\">Senior Bauleiter:in (m\/w\/d) im Bereich Windenergie \/ PV \/ BESS<\/div>\n                            <div style=\"display: flex;justify-content: space-between;\">\n                                <div class=\"text\" style=\"color:white\"><\/div>\n                                <div class=\"arrow\">\n                                                                            <a href=\"https:\/\/www.kallistaenergy.com\/de\/senior-bauleiterin-m-w-d-im-bereich-windenergie-pv-bess\/\" target=\"_self\">\n                                            <svg xmlns=\"http:\/\/www.w3.org\/2000\/svg\" fill=\"none\" viewBox=\"0 0 24 24\" stroke-width=\"1.5\"\n                                                 stroke=\"currentColor\" class=\"size-6\">\n                                                <path stroke-linecap=\"round\" stroke-linejoin=\"round\"\n                                                      d=\"m12.75 15 3-3m0 0-3-3m3 3h-7.5M21 12a9 9 0 1 1-18 0 9 9 0 0 1 18 0Z\"\/>\n                                            <\/svg>\n\n                                        <\/a>\n                                                                    <\/div>\n                            <\/div>\n                        <\/div>\n                                            <div class=\"single-job\" style=\"background-color:#9d426b\">\n                            <div class=\"title\">Werkstudent:in (m\/w\/d) im Bereich Projektentwicklung Windenergie &#8211; Schwerpunkt &#038; GIS<\/div>\n                            <div style=\"display: flex;justify-content: space-between;\">\n                                <div class=\"text\" style=\"color:white\"><\/div>\n                                <div class=\"arrow\">\n                                                                            <a href=\"https:\/\/www.kallistaenergy.com\/de\/werkstudentin-dev-planung-gis\/\" target=\"_self\">\n                                            <svg xmlns=\"http:\/\/www.w3.org\/2000\/svg\" fill=\"none\" viewBox=\"0 0 24 24\" stroke-width=\"1.5\"\n                                                 stroke=\"currentColor\" class=\"size-6\">\n                                                <path stroke-linecap=\"round\" stroke-linejoin=\"round\"\n                                                      d=\"m12.75 15 3-3m0 0-3-3m3 3h-7.5M21 12a9 9 0 1 1-18 0 9 9 0 0 1 18 0Z\"\/>\n                                            <\/svg>\n\n                                        <\/a>\n                                                                    <\/div>\n                            <\/div>\n                        <\/div>\n                                            <div class=\"single-job\" style=\"background-color:#e57c36\">\n                            <div class=\"title\">Werkstudent:in (m\/w\/d) im Bereich Betriebsf\u00fchrung Windenergie<\/div>\n                            <div style=\"display: flex;justify-content: space-between;\">\n                                <div class=\"text\" style=\"color:white\"><\/div>\n                                <div class=\"arrow\">\n                                                                            <a href=\"https:\/\/www.kallistaenergy.com\/de\/student-assistant-for-technical-project-management-d-f-m\/\" target=\"_self\">\n                                            <svg xmlns=\"http:\/\/www.w3.org\/2000\/svg\" fill=\"none\" viewBox=\"0 0 24 24\" stroke-width=\"1.5\"\n                                                 stroke=\"currentColor\" class=\"size-6\">\n                                                <path stroke-linecap=\"round\" stroke-linejoin=\"round\"\n                                                      d=\"m12.75 15 3-3m0 0-3-3m3 3h-7.5M21 12a9 9 0 1 1-18 0 9 9 0 0 1 18 0Z\"\/>\n                                            <\/svg>\n\n                                        <\/a>\n                                                                    <\/div>\n                            <\/div>\n                        <\/div>\n                                            <div class=\"single-job\" style=\"background-color:#2f76a6\">\n                            <div class=\"title\">Juristische:r Werkstudent:in (m\/w\/d) im Bereich Projektentwicklung Windenergie<\/div>\n                            <div style=\"display: flex;justify-content: space-between;\">\n                                <div class=\"text\" style=\"color:white\"><\/div>\n                                <div class=\"arrow\">\n                                                                            <a href=\"http:\/\/www.kallistaenergy.com\/de\/juristischer-werkstudentin-fuer-den-bereich-projektentwicklung-m-w-d\/\" target=\"_self\">\n                                            <svg xmlns=\"http:\/\/www.w3.org\/2000\/svg\" fill=\"none\" viewBox=\"0 0 24 24\" stroke-width=\"1.5\"\n                                                 stroke=\"currentColor\" class=\"size-6\">\n                                                <path stroke-linecap=\"round\" stroke-linejoin=\"round\"\n                                                      d=\"m12.75 15 3-3m0 0-3-3m3 3h-7.5M21 12a9 9 0 1 1-18 0 9 9 0 0 1 18 0Z\"\/>\n                                            <\/svg>\n\n                                        <\/a>\n                                                                    <\/div>\n                            <\/div>\n                        <\/div>\n                                            <div class=\"single-job\" style=\"background-color:#e57c36\">\n                            <div class=\"title\">Werkstudent:in (m\/w\/d)\u00a0im Bereich Unternehmenskommunikation\u00a0&#038; Projektentwicklung<\/div>\n                            <div style=\"display: flex;justify-content: space-between;\">\n                                <div class=\"text\" style=\"color:white\"><\/div>\n                                <div class=\"arrow\">\n                                                                            <a href=\"https:\/\/www.kallistaenergy.com\/de\/werkstudentin-dev-comm\/\" target=\"_self\">\n                                            <svg xmlns=\"http:\/\/www.w3.org\/2000\/svg\" fill=\"none\" viewBox=\"0 0 24 24\" stroke-width=\"1.5\"\n                                                 stroke=\"currentColor\" class=\"size-6\">\n                                                <path stroke-linecap=\"round\" stroke-linejoin=\"round\"\n                                                      d=\"m12.75 15 3-3m0 0-3-3m3 3h-7.5M21 12a9 9 0 1 1-18 0 9 9 0 0 1 18 0Z\"\/>\n                                            <\/svg>\n\n                                        <\/a>\n                                                                    <\/div>\n                            <\/div>\n                        <\/div>\n                                <\/div>\n        <\/div>\n    <\/div>\n<\/div>\n\n\n\n<div class=\"why-us-wrapper\" style=\"background-color:#ffffff;margin-top: 65px; margin-bottom: 65px; padding-top: 0px; padding-bottom: 0px; \" id=\"block_ac8f2f0b5df1f2e2e5e5493c84ccbbc0\">\n    <div class=\"container\">\n        <div class=\"why-us-inner\">\n            <div class=\"head-holder\">\n                <div class=\"title\">  <\/div>\n            <\/div>\n            <div class=\"why-us-slider-wrapper\">\n                                        <div class=\"single-slide\">\n                            <div class=\"info-holder\">\n                                <div class=\"slide-title\">Nichts passendes dabei?<br>Bewirb dich initiativ!<\/div>\n                                <div class=\"slide-info\"><h4>Vielleicht wissen wir noch nicht, dass wir dich brauchen? Dann schicke uns einfach deine Initiativbewerbung!<\/h4><\/div>\n                                                                    <a href=\"mailto:kallistagermany@kallistaenergy.com\" class=\"slide-btn\"\n                                        target=\"_self\">Bewirb dich jetzt<\/a>\n                                \n                            <\/div>\n                            <div class=\"slide-image\">\n                                <img decoding=\"async\" src=\"https:\/\/www.kallistaenergy.com\/wp-content\/uploads\/2024\/08\/Kallista_Energy_Picardie_Breteuil-4089\u00a9Stephane_Leroy-768x512.jpg\" alt=\"\">\n                            <\/div>\n                        <\/div>\n                    \n            <\/div>\n        <\/div>\n    <\/div>\n<\/div>\n","protected":false},"excerpt":{"rendered":"<p>Entfernen<\/p>\n","protected":false},"author":1,"featured_media":0,"parent":0,"menu_order":0,"comment_status":"closed","ping_status":"closed","template":"blocks-template.php","meta":{"_acf_changed":false,"inline_featured_image":false,"footnotes":""},"class_list":["post-15228","page","type-page","status-publish","hentry"],"acf":[],"yoast_head":"<!-- This site is optimized with the Yoast SEO Premium plugin v27.3 (Yoast SEO v27.3) - https:\/\/yoast.com\/product\/yoast-seo-premium-wordpress\/ -->\n<title>Mitarbeiten - Kallista Energy<\/title>\n<meta name=\"robots\" content=\"noindex, follow\" \/>\n<meta property=\"og:locale\" content=\"de_DE\" \/>\n<meta property=\"og:type\" content=\"article\" \/>\n<meta property=\"og:title\" content=\"Mitarbeiten\" \/>\n<meta property=\"og:description\" content=\"Entfernen\" \/>\n<meta property=\"og:url\" content=\"https:\/\/www.kallistaenergy.com\/de\/mitarbeiten\/\" \/>\n<meta property=\"og:site_name\" content=\"Kallista Energy\" \/>\n<meta property=\"article:modified_time\" content=\"2026-04-08T11:56:13+00:00\" \/>\n<meta name=\"twitter:label1\" content=\"Gesch\u00e4tzte Lesezeit\" \/>\n\t<meta name=\"twitter:data1\" content=\"1\u00a0Minute\" \/>\n<script type=\"application\/ld+json\" class=\"yoast-schema-graph\">{\"@context\":\"https:\\\/\\\/schema.org\",\"@graph\":[{\"@type\":\"WebPage\",\"@id\":\"https:\\\/\\\/www.kallistaenergy.com\\\/de\\\/mitarbeiten\\\/\",\"url\":\"https:\\\/\\\/www.kallistaenergy.com\\\/de\\\/mitarbeiten\\\/\",\"name\":\"Mitarbeiten - Kallista Energy\",\"isPartOf\":{\"@id\":\"https:\\\/\\\/www.kallistaenergy.com\\\/#website\"},\"datePublished\":\"2024-08-06T12:02:59+00:00\",\"dateModified\":\"2026-04-08T11:56:13+00:00\",\"breadcrumb\":{\"@id\":\"https:\\\/\\\/www.kallistaenergy.com\\\/de\\\/mitarbeiten\\\/#breadcrumb\"},\"inLanguage\":\"de\",\"potentialAction\":[{\"@type\":\"ReadAction\",\"target\":[\"https:\\\/\\\/www.kallistaenergy.com\\\/de\\\/mitarbeiten\\\/\"]}]},{\"@type\":\"BreadcrumbList\",\"@id\":\"https:\\\/\\\/www.kallistaenergy.com\\\/de\\\/mitarbeiten\\\/#breadcrumb\",\"itemListElement\":[{\"@type\":\"ListItem\",\"position\":1,\"name\":\"Accueil\",\"item\":\"https:\\\/\\\/www.kallistaenergy.com\\\/de\\\/\"},{\"@type\":\"ListItem\",\"position\":2,\"name\":\"Mitarbeiten\"}]},{\"@type\":\"WebSite\",\"@id\":\"https:\\\/\\\/www.kallistaenergy.com\\\/#website\",\"url\":\"https:\\\/\\\/www.kallistaenergy.com\\\/\",\"name\":\"Kallista Energy\",\"description\":\"\",\"potentialAction\":[{\"@type\":\"SearchAction\",\"target\":{\"@type\":\"EntryPoint\",\"urlTemplate\":\"https:\\\/\\\/www.kallistaenergy.com\\\/?s={search_term_string}\"},\"query-input\":{\"@type\":\"PropertyValueSpecification\",\"valueRequired\":true,\"valueName\":\"search_term_string\"}}],\"inLanguage\":\"de\"}]}<\/script>\n<!-- \/ Yoast SEO Premium plugin. -->","yoast_head_json":{"title":"Mitarbeiten - Kallista Energy","robots":{"index":"noindex","follow":"follow"},"og_locale":"de_DE","og_type":"article","og_title":"Mitarbeiten","og_description":"Entfernen","og_url":"https:\/\/www.kallistaenergy.com\/de\/mitarbeiten\/","og_site_name":"Kallista Energy","article_modified_time":"2026-04-08T11:56:13+00:00","twitter_misc":{"Gesch\u00e4tzte Lesezeit":"1\u00a0Minute"},"schema":{"@context":"https:\/\/schema.org","@graph":[{"@type":"WebPage","@id":"https:\/\/www.kallistaenergy.com\/de\/mitarbeiten\/","url":"https:\/\/www.kallistaenergy.com\/de\/mitarbeiten\/","name":"Mitarbeiten - Kallista Energy","isPartOf":{"@id":"https:\/\/www.kallistaenergy.com\/#website"},"datePublished":"2024-08-06T12:02:59+00:00","dateModified":"2026-04-08T11:56:13+00:00","breadcrumb":{"@id":"https:\/\/www.kallistaenergy.com\/de\/mitarbeiten\/#breadcrumb"},"inLanguage":"de","potentialAction":[{"@type":"ReadAction","target":["https:\/\/www.kallistaenergy.com\/de\/mitarbeiten\/"]}]},{"@type":"BreadcrumbList","@id":"https:\/\/www.kallistaenergy.com\/de\/mitarbeiten\/#breadcrumb","itemListElement":[{"@type":"ListItem","position":1,"name":"Accueil","item":"https:\/\/www.kallistaenergy.com\/de\/"},{"@type":"ListItem","position":2,"name":"Mitarbeiten"}]},{"@type":"WebSite","@id":"https:\/\/www.kallistaenergy.com\/#website","url":"https:\/\/www.kallistaenergy.com\/","name":"Kallista Energy","description":"","potentialAction":[{"@type":"SearchAction","target":{"@type":"EntryPoint","urlTemplate":"https:\/\/www.kallistaenergy.com\/?s={search_term_string}"},"query-input":{"@type":"PropertyValueSpecification","valueRequired":true,"valueName":"search_term_string"}}],"inLanguage":"de"}]}},"_links":{"self":[{"href":"https:\/\/www.kallistaenergy.com\/de\/wp-json\/wp\/v2\/pages\/15228","targetHints":{"allow":["GET"]}}],"collection":[{"href":"https:\/\/www.kallistaenergy.com\/de\/wp-json\/wp\/v2\/pages"}],"about":[{"href":"https:\/\/www.kallistaenergy.com\/de\/wp-json\/wp\/v2\/types\/page"}],"author":[{"embeddable":true,"href":"https:\/\/www.kallistaenergy.com\/de\/wp-json\/wp\/v2\/users\/1"}],"replies":[{"embeddable":true,"href":"https:\/\/www.kallistaenergy.com\/de\/wp-json\/wp\/v2\/comments?post=15228"}],"version-history":[{"count":513,"href":"https:\/\/www.kallistaenergy.com\/de\/wp-json\/wp\/v2\/pages\/15228\/revisions"}],"predecessor-version":[{"id":24850,"href":"https:\/\/www.kallistaenergy.com\/de\/wp-json\/wp\/v2\/pages\/15228\/revisions\/24850"}],"wp:attachment":[{"href":"https:\/\/www.kallistaenergy.com\/de\/wp-json\/wp\/v2\/media?parent=15228"}],"curies":[{"name":"wp","href":"https:\/\/api.w.org\/{rel}","templated":true}]}}