{"id":15317,"date":"2024-08-06T16:48:43","date_gmt":"2024-08-06T14:48:43","guid":{"rendered":"https:\/\/kallistav3.alx-web.com\/check-surface\/"},"modified":"2024-10-01T12:19:04","modified_gmt":"2024-10-01T10:19:04","slug":"flaeche-pruefen","status":"publish","type":"page","link":"https:\/\/www.kallistaenergy.com\/de\/flaeche-pruefen\/","title":{"rendered":"Fl\u00e4che pr\u00fcfen"},"content":{"rendered":"<div class=\"interior-banner-wrapper\" id=\"block_66b237d7e633c\"> \n    <div class=\"img-holder\">\n        <img decoding=\"async\" src=\"https:\/\/www.kallistaenergy.com\/wp-content\/uploads\/2024\/08\/e4388958555bb19b9f65cafbffac4000.jpg\" alt=\"\">\n    <\/div>\n    <div class=\"page-title-holder\">\n        <h1>Fl\u00e4che pr\u00fcfen<\/h1>\n    <\/div>\n<\/div>\n\n<div class=\"side-by-side-wrapper\" id=\"block_66b2381ee633d\">\n    <div class=\"container\">\n        <div class=\"side-by-side-inner\">\n                                <div class=\"single-row\" id=\"\">\n                        <div class=\"heading-holder\">Welches Ertragspotenzial hat Ihr Grundst\u00fcck?\u2028 Machen Sie jetzt den Schnell-Check.<\/div>\n                        <div class=\"description\"><p>Sie wollen mit Ihrer Fl\u00e4che zur Energiewende beitragen und planungssichere Ertr\u00e4ge mit Erneuerbarer Energie erwirtschaften? Dann ist Kallista Energy Ihr optimaler Partner \u2013 erfahren, fair und umsichtig.<\/p>\n<p><strong>Die Standortbewertung ist ganz einfach. Und unverbindlich.<\/strong><\/p>\n<p>F\u00fcllen Sie einfach das Formular aus. Wir pr\u00fcfen dann umgehend, ob Ihr Grundst\u00fcck f\u00fcr Windenergie- oder Photovoltaik-Projekte geeignet ist, gem\u00e4\u00df der lokalen Voraussetzungen und Richtlinien.<\/p>\n<p><strong>Bei einem positiven Ergebnis meldet sich unser Planungsteam direkt bei Ihnen, um weitere Fragen und Schritte zu kl\u00e4ren.<\/strong><\/p>\n<\/div>\n                    <\/div>\n                        <\/div>\n    <\/div>\n<\/div>\n\n<div class=\"qoute-wrapper\" id=\"block_66b23866e633f\">\n    <div class=\"container\">\n        <div class=\"qoute-inner\">\n            <div class=\"title\">&#8222;Wir sorgen f\u00fcr reibungslose Abl\u00e4ufe.<br>Wir sind immer fair, offen und ehrlich und versprechen nichts, was wir nicht halten k\u00f6nnen.&#8220;<\/div>\n                        <div class=\"written-by\"><strong>Heiko Gl\u00fccklich<\/strong> <br> Gesch\u00e4ftsf\u00fchrer, Kallista Energy Deutschland<\/div>\n                    <\/div>\n    <\/div>\n<\/div>\n\n<div class=\"check-area-wrapper\" id=\"block_66b24003417b2\" style=\"\">\n    <div class=\"container\">\n        <div class=\"check-area-inner\">\n            <div class=\"check-area-header\">\n                <div class=\"title\">Schnell-Check: Fl\u00e4che pr\u00fcfen<\/div>\n                <div class=\"info\"><p><strong>Direktkontakt<\/strong><\/p>\n<p>Projektentwicklung Kallista Energy Deutschland<br \/>\nprojektentwicklung@kallistaenergy.com<\/p>\n<\/div>\n            <\/div>\n            <div class=\"check-area-form-holder\">\n                <div class=\"form-head\">Ihre Fl\u00e4che<\/div>\n                \n<div class=\"wpcf7 no-js\" id=\"wpcf7-f17845-o1\" lang=\"de-DE\" dir=\"ltr\" data-wpcf7-id=\"17845\">\n<div class=\"screen-reader-response\"><p role=\"status\" aria-live=\"polite\" aria-atomic=\"true\"><\/p> <ul><\/ul><\/div>\n<form action=\"\/de\/wp-json\/wp\/v2\/pages\/15317#wpcf7-f17845-o1\" method=\"post\" class=\"wpcf7-form init\" aria-label=\"Kontaktformular\" novalidate=\"novalidate\" data-status=\"init\">\n<fieldset class=\"hidden-fields-container\"><input type=\"hidden\" name=\"_wpcf7\" value=\"17845\" \/><input type=\"hidden\" name=\"_wpcf7_version\" value=\"6.1.5\" \/><input type=\"hidden\" name=\"_wpcf7_locale\" value=\"de_DE\" \/><input type=\"hidden\" name=\"_wpcf7_unit_tag\" value=\"wpcf7-f17845-o1\" \/><input type=\"hidden\" name=\"_wpcf7_container_post\" value=\"0\" \/><input type=\"hidden\" name=\"_wpcf7_posted_data_hash\" value=\"\" \/>\n<\/fieldset>\n<div class=\"field-row\">\n                    <div class=\"field-holder\"><label for=\"name\">Nachname<span>*<\/span><\/label><span class=\"wpcf7-form-control-wrap\" data-name=\"nom\"><input size=\"40\" maxlength=\"400\" class=\"wpcf7-form-control wpcf7-text wpcf7-validates-as-required\" aria-required=\"true\" aria-invalid=\"false\" value=\"\" type=\"text\" name=\"nom\" \/><\/span>\n                    <\/div>\n                    <div class=\"field-holder\"><label for=\"lname\">Vorname<span>*<\/span><\/label><span class=\"wpcf7-form-control-wrap\" data-name=\"prenom\"><input size=\"40\" maxlength=\"400\" class=\"wpcf7-form-control wpcf7-text wpcf7-validates-as-required\" aria-required=\"true\" aria-invalid=\"false\" value=\"\" type=\"text\" name=\"prenom\" \/><\/span>\n                   \n                    <\/div>\n                <\/div>\n                <div class=\"field-row\"><div class=\"field-holder\">\n                        <label for=\"name\">Telefon<span>*<\/span><\/label><span class=\"wpcf7-form-control-wrap\" data-name=\"tel\"><input size=\"40\" maxlength=\"400\" class=\"wpcf7-form-control wpcf7-tel wpcf7-text wpcf7-validates-as-tel\" aria-invalid=\"false\" value=\"\" type=\"tel\" name=\"tel\" \/><\/span>\n                     \n                    <\/div>\n                    <div class=\"field-holder\"><label for=\"name\">E-Mail<span>*<\/span><\/label><span class=\"wpcf7-form-control-wrap\" data-name=\"email\"><input size=\"40\" maxlength=\"400\" class=\"wpcf7-form-control wpcf7-email wpcf7-text wpcf7-validates-as-email\" aria-invalid=\"false\" value=\"\" type=\"email\" name=\"email\" \/><\/span>\n                        \n                    <\/div>\n                <\/div>\n                <div class=\"field-row\">\n                    <div class=\"field-holder\"><label for=\"\">Ihre Nachricht an uns :<\/label><span class=\"wpcf7-form-control-wrap\" data-name=\"message\"><textarea cols=\"40\" rows=\"10\" maxlength=\"2000\" class=\"wpcf7-form-control wpcf7-textarea\" aria-invalid=\"false\" name=\"message\"><\/textarea><\/span>\n                    \n                    <\/div>\n                <\/div>\n                <div class=\"field-row\">\n                    <div class=\"field-holder\">\n\n\t\t<div class=\"la-sentinelle-container\" style=\"max-height:0;overflow:hidden;\" hidden=\"true\" aria-hidden=\"true\">\n\t\t\n\t\t<input value=\"93\" type=\"text\" name=\"la_sentinelle_942068402964f01fcc31471db1a1e286\" class=\"la_sentinelle_942068402964f01fcc31471db1a1e286\" id=\"la_sentinelle_942068402964f01fcc31471db1a1e286-1\" placeholder=\"\" style=\"transform: translateY(10000px);\" \/>\n\t\t<input value=\"MjE2LjczLjIxNi4xODE=\" type=\"text\" name=\"la_sentinelle_d0e60e7ff767e8129546a03a7607b574\" class=\"la_sentinelle_d0e60e7ff767e8129546a03a7607b574\" id=\"la_sentinelle_d0e60e7ff767e8129546a03a7607b574-1\" placeholder=\"\" style=\"transform: translateY(10000px);\" \/>\n\t\n\t\t\t<input value=\"946\" type=\"text\" name=\"la_sentinelle_cbd31cfb12186b1b53085dbdcd5a79c0\" class=\"la_sentinelle_cbd31cfb12186b1b53085dbdcd5a79c0\" id=\"la_sentinelle_cbd31cfb12186b1b53085dbdcd5a79c0-1\" placeholder=\"\" style=\"transform: translateY(10000px);\" \/>\n\t\t\t<input value=\"946\" type=\"text\" name=\"la_sentinelle_8bff73b2883aa4db6b649728774e2539\" class=\"la_sentinelle_8bff73b2883aa4db6b649728774e2539\" id=\"la_sentinelle_8bff73b2883aa4db6b649728774e2539-1\" placeholder=\"\" style=\"transform: translateY(10000px);\" \/>\n\t\t\t\n\t\t<input value=\"93\" type=\"text\" name=\"la_sentinelle_e443adfba08c2eb33987ce2d7a21af54\" class=\"la_sentinelle_e443adfba08c2eb33987ce2d7a21af54\" id=\"la_sentinelle_e443adfba08c2eb33987ce2d7a21af54-1\" placeholder=\"\" style=\"transform: translateY(10000px);\" \/>\n\t\t\n\t\t<input value=\"\" type=\"text\" name=\"la_sentinelle_8d34461caa0f866ab353857c189b70f4\" class=\"la_sentinelle_8d34461caa0f866ab353857c189b70f4\" id=\"la_sentinelle_8d34461caa0f866ab353857c189b70f4-1\" placeholder=\"\" style=\"transform: translateY(10000px);\" \/>\n\t\t<input type=\"text\" class=\"la_sentinelle_c0b62c74ec509e4a0f1dec31fd371583\" id=\"la_sentinelle_c0b62c74ec509e4a0f1dec31fd371583-1\" name=\"la_sentinelle_c0b62c74ec509e4a0f1dec31fd371583\" value=\"fcc2571a8b\" style=\"transform: translateY(10000px);\" \/>\n\t\t\n\t\t<\/div>\n\t\t<div class=\"la-sentinelle-container-nojs-message\">\n\t\t\t<noscript><div class=\"no-js\">Warning: This form can only be used if JavaScript is enabled in your browser.<\/div><\/noscript>\n\t\t<\/div>\n\t\t\n<\/div>\n                <\/div>\n                <div class=\"field-row\">\n                    <div class=\"field-holder\">\n                        <div class=\"checkbox-holder\">\n\n<span class=\"wpcf7-form-control-wrap\" data-name=\"term_and_conditions\"><span class=\"wpcf7-form-control wpcf7-acceptance\"><span class=\"wpcf7-list-item\"><label><input type=\"checkbox\" name=\"term_and_conditions\" value=\"1\" class=\"required\" aria-invalid=\"false\" \/><span class=\"wpcf7-list-item-label\">Hiermit akzeptiere ich die\n            <a href=\/de\/mentions-legales\/>Datenschutzbestimmungen<\/a><span class=\"star-green\">*<\/span><\/span><\/label><\/span><\/span><\/span>\n\n                        <\/div>\n<\/div>\n <div class=\"field-holder\">\n                        <div class=\"submit-holder\"><input class=\"wpcf7-form-control wpcf7-submit has-spinner\" type=\"submit\" value=\"Senden\" \/>\n                            \n                        <\/div>\n                    <\/div>\n                <\/div><div class=\"wpcf7-response-output\" aria-hidden=\"true\"><\/div>\n<\/form>\n<\/div>\n                <!-- <div class=\"field-row\">\n                    <div class=\"field-holder\">\n                        <select name=\"\" id=\"\">\n                            <option value=\"\">Meine Fl\u00e4che k\u00f6nnte Standort sein f\u00fcr<\/option>\n                        <\/select>\n\n                    <\/div>\n                    <div class=\"field-holder\">\n                        <select name=\"\" id=\"\">\n                            <option value=\"\">Meine Fl\u00e4che k\u00f6nnte Standort sein f\u00fcr<\/option>\n                        <\/select>\n                    <\/div>\n                <\/div>\n                <div class=\"field-row\">\n                    <div class=\"field-holder\">\n                        <label for=\"name\">Gemeinde<\/label>\n                        <input type=\"text\">\n                    <\/div>\n                    <div class=\"field-holder\">\n                        <label for=\"name\">Gemarkung<\/label>\n                        <input type=\"text\">\n                    <\/div>\n                <\/div>\n                <div class=\"field-row\">\n                    <div class=\"field-holder\">\n                        <label for=\"name\">Flur<\/label>\n                        <input type=\"text\">\n                    <\/div>\n                    <div class=\"field-holder\">\n                        <label for=\"name\">Flurst\u00fcck<\/label>\n                        <input type=\"text\">\n                    <\/div>\n                <\/div>\n                <div class=\"field-row\">\n                    <div class=\"field-holder\">\n                        <label for=\"name\">Gr\u00f6\u00dfe in m2<\/label>\n                        <input type=\"text\">\n                    <\/div>\n                    <div class=\"field-holder\">\n                        <label for=\"name\">Aktuelle Nutzung<\/label>\n                        <input type=\"text\">\n                    <\/div>\n                <\/div>\n                <div class=\"field-row\">\n                    <div class=\"field-holder\">\n\n                        <div class=\"additional-holder\">\n                            <a href=\"#\">+ weitere Fl\u00e4che<\/a>\n                        <\/div>\n                    <\/div>\n                <\/div>\n                <div class=\"form-head\">Ihre Fl\u00e4che<\/div>\n                <div class=\"field-row\">\n                    <div class=\"field-holder\">\n                        <label for=\"name\">Nom<span>*<\/span><\/label>\n                        <input type=\"text\">\n                    <\/div>\n                    <div class=\"field-holder\">\n                        <label for=\"name\">Pr\u00e9nom<span>*<\/span><\/label>\n                        <input type=\"text\">\n                    <\/div>\n                <\/div>\n                <div class=\"field-row\">\n                    <div class=\"field-holder\">\n                        <label for=\"name\">T\u00e9l\u00e9phone<\/label>\n                        <input type=\"text\">\n                    <\/div>\n                    <div class=\"field-holder\">\n                        <label for=\"name\">E-Mail<span>*<\/span><\/label>\n                        <input type=\"text\">\n                    <\/div>\n                <\/div>\n                <div class=\"field-row\">\n                    <div class=\"field-holder\">\n                        <label for=\"\">Votre message :<\/label>\n                        <textarea name=\"\" id=\"\"><\/textarea>\n                        <p>* Les champs marqu\u00e9s d\u2019une ast\u00e9risque sont obligatoires<\/p>\n                    <\/div>\n                <\/div>\n                <div class=\"field-row\">\n                    <div class=\"field-holder\">\n                        <div class=\"checkbox-holder\">\n                            <span class=\"wpcf7-form-control-wrap\" data-name=\"checkbox-27\"><span\n                                    class=\"wpcf7-form-control wpcf7-checkbox\"><span\n                                        class=\"wpcf7-list-item first last\"><label><input type=\"checkbox\"\n                                                name=\"checkbox-27[]\"\n                                                value=\"J\u2019accepte les Conditions g\u00e9n\u00e9rales d\u2019utilisation\"><span\n                                                class=\"wpcf7-list-item-label\">J\u2019accepte les Conditions g\u00e9n\u00e9rales\n                                                d\u2019utilisation<\/span><\/label><\/span><\/span><\/span>\n                        <\/div>\n                    <\/div>\n                    <div class=\"field-holder\">\n                        <div class=\"submit-holder\">\n                            <button type=\"submit\">Envoyer<\/button>\n                        <\/div>\n                    <\/div>\n                <\/div> -->\n\n            <\/div>\n        <\/div>\n    <\/div>\n<\/div>\n\n\n<p><\/p>\n","protected":false},"excerpt":{"rendered":"","protected":false},"author":1,"featured_media":0,"parent":0,"menu_order":0,"comment_status":"closed","ping_status":"closed","template":"blocks-template.php","meta":{"_acf_changed":false,"inline_featured_image":false,"footnotes":""},"class_list":["post-15317","page","type-page","status-publish","hentry"],"acf":[],"yoast_head":"<!-- This site is optimized with the Yoast SEO Premium plugin v27.3 (Yoast SEO v27.3) - https:\/\/yoast.com\/product\/yoast-seo-premium-wordpress\/ -->\n<title>Fl\u00e4che pr\u00fcfen - Kallista Energy<\/title>\n<meta name=\"robots\" content=\"index, follow, max-snippet:-1, max-image-preview:large, max-video-preview:-1\" \/>\n<link rel=\"canonical\" href=\"https:\/\/www.kallistaenergy.com\/de\/flaeche-pruefen\/\" \/>\n<meta property=\"og:locale\" content=\"de_DE\" \/>\n<meta property=\"og:type\" content=\"article\" \/>\n<meta property=\"og:title\" content=\"Fl\u00e4che pr\u00fcfen\" \/>\n<meta property=\"og:url\" content=\"https:\/\/www.kallistaenergy.com\/de\/flaeche-pruefen\/\" \/>\n<meta property=\"og:site_name\" content=\"Kallista Energy\" \/>\n<meta property=\"article:modified_time\" content=\"2024-10-01T10:19:04+00:00\" \/>\n<script type=\"application\/ld+json\" class=\"yoast-schema-graph\">{\"@context\":\"https:\\\/\\\/schema.org\",\"@graph\":[{\"@type\":\"WebPage\",\"@id\":\"https:\\\/\\\/www.kallistaenergy.com\\\/de\\\/flaeche-pruefen\\\/\",\"url\":\"https:\\\/\\\/www.kallistaenergy.com\\\/de\\\/flaeche-pruefen\\\/\",\"name\":\"Fl\u00e4che pr\u00fcfen - Kallista Energy\",\"isPartOf\":{\"@id\":\"https:\\\/\\\/www.kallistaenergy.com\\\/#website\"},\"datePublished\":\"2024-08-06T14:48:43+00:00\",\"dateModified\":\"2024-10-01T10:19:04+00:00\",\"breadcrumb\":{\"@id\":\"https:\\\/\\\/www.kallistaenergy.com\\\/de\\\/flaeche-pruefen\\\/#breadcrumb\"},\"inLanguage\":\"de\",\"potentialAction\":[{\"@type\":\"ReadAction\",\"target\":[\"https:\\\/\\\/www.kallistaenergy.com\\\/de\\\/flaeche-pruefen\\\/\"]}]},{\"@type\":\"BreadcrumbList\",\"@id\":\"https:\\\/\\\/www.kallistaenergy.com\\\/de\\\/flaeche-pruefen\\\/#breadcrumb\",\"itemListElement\":[{\"@type\":\"ListItem\",\"position\":1,\"name\":\"Accueil\",\"item\":\"https:\\\/\\\/www.kallistaenergy.com\\\/de\\\/\"},{\"@type\":\"ListItem\",\"position\":2,\"name\":\"Fl\u00e4che pr\u00fcfen\"}]},{\"@type\":\"WebSite\",\"@id\":\"https:\\\/\\\/www.kallistaenergy.com\\\/#website\",\"url\":\"https:\\\/\\\/www.kallistaenergy.com\\\/\",\"name\":\"Kallista Energy\",\"description\":\"\",\"potentialAction\":[{\"@type\":\"SearchAction\",\"target\":{\"@type\":\"EntryPoint\",\"urlTemplate\":\"https:\\\/\\\/www.kallistaenergy.com\\\/?s={search_term_string}\"},\"query-input\":{\"@type\":\"PropertyValueSpecification\",\"valueRequired\":true,\"valueName\":\"search_term_string\"}}],\"inLanguage\":\"de\"}]}<\/script>\n<!-- \/ Yoast SEO Premium plugin. -->","yoast_head_json":{"title":"Fl\u00e4che pr\u00fcfen - Kallista Energy","robots":{"index":"index","follow":"follow","max-snippet":"max-snippet:-1","max-image-preview":"max-image-preview:large","max-video-preview":"max-video-preview:-1"},"canonical":"https:\/\/www.kallistaenergy.com\/de\/flaeche-pruefen\/","og_locale":"de_DE","og_type":"article","og_title":"Fl\u00e4che pr\u00fcfen","og_url":"https:\/\/www.kallistaenergy.com\/de\/flaeche-pruefen\/","og_site_name":"Kallista Energy","article_modified_time":"2024-10-01T10:19:04+00:00","schema":{"@context":"https:\/\/schema.org","@graph":[{"@type":"WebPage","@id":"https:\/\/www.kallistaenergy.com\/de\/flaeche-pruefen\/","url":"https:\/\/www.kallistaenergy.com\/de\/flaeche-pruefen\/","name":"Fl\u00e4che pr\u00fcfen - Kallista Energy","isPartOf":{"@id":"https:\/\/www.kallistaenergy.com\/#website"},"datePublished":"2024-08-06T14:48:43+00:00","dateModified":"2024-10-01T10:19:04+00:00","breadcrumb":{"@id":"https:\/\/www.kallistaenergy.com\/de\/flaeche-pruefen\/#breadcrumb"},"inLanguage":"de","potentialAction":[{"@type":"ReadAction","target":["https:\/\/www.kallistaenergy.com\/de\/flaeche-pruefen\/"]}]},{"@type":"BreadcrumbList","@id":"https:\/\/www.kallistaenergy.com\/de\/flaeche-pruefen\/#breadcrumb","itemListElement":[{"@type":"ListItem","position":1,"name":"Accueil","item":"https:\/\/www.kallistaenergy.com\/de\/"},{"@type":"ListItem","position":2,"name":"Fl\u00e4che pr\u00fcfen"}]},{"@type":"WebSite","@id":"https:\/\/www.kallistaenergy.com\/#website","url":"https:\/\/www.kallistaenergy.com\/","name":"Kallista Energy","description":"","potentialAction":[{"@type":"SearchAction","target":{"@type":"EntryPoint","urlTemplate":"https:\/\/www.kallistaenergy.com\/?s={search_term_string}"},"query-input":{"@type":"PropertyValueSpecification","valueRequired":true,"valueName":"search_term_string"}}],"inLanguage":"de"}]}},"_links":{"self":[{"href":"https:\/\/www.kallistaenergy.com\/de\/wp-json\/wp\/v2\/pages\/15317","targetHints":{"allow":["GET"]}}],"collection":[{"href":"https:\/\/www.kallistaenergy.com\/de\/wp-json\/wp\/v2\/pages"}],"about":[{"href":"https:\/\/www.kallistaenergy.com\/de\/wp-json\/wp\/v2\/types\/page"}],"author":[{"embeddable":true,"href":"https:\/\/www.kallistaenergy.com\/de\/wp-json\/wp\/v2\/users\/1"}],"replies":[{"embeddable":true,"href":"https:\/\/www.kallistaenergy.com\/de\/wp-json\/wp\/v2\/comments?post=15317"}],"version-history":[{"count":12,"href":"https:\/\/www.kallistaenergy.com\/de\/wp-json\/wp\/v2\/pages\/15317\/revisions"}],"predecessor-version":[{"id":19041,"href":"https:\/\/www.kallistaenergy.com\/de\/wp-json\/wp\/v2\/pages\/15317\/revisions\/19041"}],"wp:attachment":[{"href":"https:\/\/www.kallistaenergy.com\/de\/wp-json\/wp\/v2\/media?parent=15317"}],"curies":[{"name":"wp","href":"https:\/\/api.w.org\/{rel}","templated":true}]}}