{"id":19616,"date":"2020-05-31T15:30:20","date_gmt":"2020-05-31T13:30:20","guid":{"rendered":"https:\/\/www.kallistaenergy.com\/mentions-legales\/"},"modified":"2026-02-20T12:03:47","modified_gmt":"2026-02-20T11:03:47","slug":"mentions-legales","status":"publish","type":"page","link":"https:\/\/www.kallistaenergy.com\/de\/mentions-legales\/","title":{"rendered":"Impressum und Datenschutz"},"content":{"rendered":"<div class=\"side-by-side-wrapper\" id=\"block_3cc4a60d68862a8d89d6c28476c48ee0\">\n    <div class=\"container\">\n        <div class=\"side-by-side-inner\">\n                                <div class=\"single-row\" id=\"\">\n                        <div class=\"description mw100\"><\/div>\n                    <\/div>\n                                    <div class=\"single-row\" id=\"\">\n                        <div class=\"description mw100\"><h1><\/h1>\n<h1>Impressum und Datenschutz<\/h1>\n<h3>Herausgeber<\/h3>\n<p>Groupe Kallista\u00a0Energy<br \/>\n18-20 rue Treilhard,<br \/>\n75008 Paris \u2013 France<br \/>\nT\u00e9l. +33(0)1 58 22 18 80<br \/>\nEmail\u00a0: <a href=\"mailto:contact@KallistaEnergy.com\">contact@KallistaEnergy.com<\/a><\/p>\n<p>Kallista Energy: frz. Soci\u00e9t\u00e9 par Actions Simplifi\u00e9e [vereinfachte Aktiengesellschaft] mit einem Grundkapital \u00fcber 2.624.387 Euro<\/p>\n<p>RCS [frz. Handelsregister] Paris 513 771 675<\/p>\n<p>Num\u00e9ro de TVA intracommunautaire [frz. innergemeinschaftliche USt-ID]: FR72 513 771 675<\/p>\n<p>Siret-Identifikator des Hauptsitzes: 513 771 675 00040<\/p>\n<p>&nbsp;<\/p>\n<h3>Verantwortlich f\u00fcr die Ver\u00f6ffentlichung<\/h3>\n<p>Johann Tardy, Vorstandsvorsitzender des Konzerns Kallista Energy<\/p>\n<p>&nbsp;<\/p>\n<h3 class=\"Texte\">Host<\/h3>\n<p>OVH<br \/>\nSAS au capital de 10 059 500 \u20ac<br \/>\nRCS Lille M\u00e9tropole 424 761 419 00045<br \/>\n2 rue Kellermann \u2013 59100 Roubaix \u2013 France<br \/>\nT\u00e9l\u00e9phone : 09 72 10 10 07<\/p>\n<p>&nbsp;<\/p>\n<h3><strong>Datenschutzbestimmungen<\/strong><\/h3>\n<p>Bei der Nutzung unserer Website werden Sie uns m\u00f6glicherweise personenbezogene Daten \u00fcber sich selbst mitteilen, die von Kallista Energy verarbeitet werden.<\/p>\n<p>Kallista Energy verpflichtet sich, Ihre Privatsph\u00e4re zu sch\u00fctzen und alle geeigneten Ma\u00dfnahmen festzulegen und zu ergreifen, um den Schutz Ihrer personenbezogenen Daten in \u00dcbereinstimmung mit der europ\u00e4ischen Verordnung 2016\/679 vom 27. April 2016, bekannt als die \u201eDatenschutz-Grundverordnung\u201c (DSGVO), zu gew\u00e4hrleisten.<\/p>\n<p>Der Zweck dieser Datenschutzbestimmungen, die f\u00fcr Sie als Nutzer unserer Website gilt, ist es, Sie dar\u00fcber zu informieren, wie Kallista Energy Ihre pers\u00f6nlichen Daten verarbeitet.<\/p>\n<p>&nbsp;<\/p>\n<p><strong>Erhobene personenbezogene Daten<\/strong><\/p>\n<p>Im Allgemeinen k\u00f6nnen Sie unsere Website besuchen, ohne uns personenbezogene Daten mitzuteilen. Wenn Sie eine Kontaktanfrage \u00fcber unsere Website stellen, k\u00f6nnen Sie uns ebenfalls die folgenden Informationen zur Verf\u00fcgung stellen:<\/p>\n<ul>\n<li>Ihren Namen,<\/li>\n<li>Ihren Vornamen,<\/li>\n<li>Ihre E-Mail-Adresse,<\/li>\n<li>Informationen zu Ihrer Anfrage.<\/li>\n<\/ul>\n<p>Bitte beachten Sie, dass Ihr Vor- und Nachname sowie Ihre E-Mail-Adresse keine Pflichtfelder f\u00fcr Ihre Kontaktanfrage sind.<\/p>\n<p>&nbsp;<\/p>\n<p><strong>Rechtsgrundlage f\u00fcr die Verarbeitung Ihrer personenbezogenen Daten<\/strong><\/p>\n<p>Indem Sie uns diese Informationen zur Verf\u00fcgung stellen, erkl\u00e4ren Sie sich ausdr\u00fccklich damit einverstanden, dass Kallista Energy Ihre personenbezogenen Daten in \u00dcbereinstimmung mit diesen Datenschutzbestimmungen erhebt, verarbeitet und speichert. Die Rechtsgrundlage f\u00fcr die Verarbeitung Ihrer personenbezogenen Daten ist somit Ihre Einwilligung.<\/p>\n<p>&nbsp;<\/p>\n<p><strong>Identit\u00e4t des Verantwortlichen<\/strong><\/p>\n<p>Der Verantwortliche ist Kallista Energy, mit Sitz in 18-20 rue Treilhard, 75008 Paris. Tel.: +33(0)1 58 22 18 80. E-Mail: <a href=\"mailto:contact@KallistaEnergy.com\">contact@KallistaEnergy.com<\/a><\/p>\n<p>&nbsp;<\/p>\n<p><strong>Zwecke der Verarbeitung Ihrer personenbezogenen Daten<\/strong><\/p>\n<p>Ihre personenbezogenen Daten werden von Kallista Energy zu folgenden Zwecken erhoben, verarbeitet und gespeichert:<\/p>\n<ul>\n<li>Verarbeitung Ihrer Kontaktanfrage,<\/li>\n<li>Verarbeitung Ihrer Bewerbung f\u00fcr eine Stellen- oder Praktikumsausschreibung,<\/li>\n<li>Verarbeitung aller sonstigen Anfragen, die Sie uns \u00fcbermitteln,<\/li>\n<li>Sie kontaktieren, wenn Sie dies w\u00fcnschen.<\/li>\n<\/ul>\n<p>&nbsp;<\/p>\n<p><strong>Wie lange wir Ihre personenbezogenen Daten aufbewahren<\/strong><\/p>\n<p>Ihre personenbezogenen Daten werden von Kallista Energy f\u00fcr den Zeitraum aufbewahrt, der den zuvor genannten Zwecken der Erhebung entspricht, jedoch nicht l\u00e4nger als 24 Monate.<\/p>\n<p>&nbsp;<\/p>\n<p><strong>Empf\u00e4nger Ihrer personenbezogenen Daten<\/strong><\/p>\n<p>Der Empf\u00e4nger Ihrer personenbezogenen Daten ist die Kallista Energy Group einschlie\u00dflich ihrer Tochtergesellschaften. Ihre personenbezogenen Daten werden nicht an Dritte weitergegeben. Weder Kallista Energy noch eine ihrer Tochtergesellschaften wird Ihre personenbezogenen Daten verkaufen.<\/p>\n<p>&nbsp;<\/p>\n<p><strong>Ihre Rechte<\/strong><\/p>\n<p>Sie haben das Recht auf Auskunft, Berichtigung und Widerspruch gegen die Verarbeitung Ihrer personenbezogenen Daten. Um diese auszu\u00fcben, oder f\u00fcr jede sonstige Frage bez\u00fcglich der Verarbeitung Ihrer personenbezogenen Daten, k\u00f6nnen Sie uns eine Anfrage an die folgende E-Mail-Adresse senden: <a href=\"mailto:contact@KallistaEnergy.com\">contact@KallistaEnergy.com<\/a>.<\/p>\n<p>&nbsp;<\/p>\n<h3>Cookies &amp; Statistiken<\/h3>\n<p>Diese Seite verwendet Cookies, um anonyme Statistiken (Anzahl der Besucher, angeschaute Seiten, genutzte Technologien \u2026) zu erstellen. Sie k\u00f6nnen der Nutzung von Cookies direkt im Banner widersprechen, das beim Aufrufen der Seite KallistaEnergy.com erscheint, alternativ \u00fcber die Einstellungen in Ihrem Browser (siehe: www.cnil.fr).<\/p>\n<p>&nbsp;<\/p>\n<h3>Geistiges Eigentum<\/h3>\n<p>Alle Urheberrechte an den gesch\u00fctzten Werken, die auf der Seite wiedergegeben und \u00fcbermittelt werden, sind vorbehalten. Ohne entsprechende Zustimmung ist die Nutzung der Werke f\u00fcr andere Zwecke als die Wiedergabe und die pers\u00f6nliche und private Nutzung der Website nicht gestattet.<\/p>\n<p>&nbsp;<\/p>\n<h3>Nachweise<\/h3>\n<p>Bildnachweise: Kallista Energy, St\u00e9phane Leroy, Menno Mulder, Paco Lissillour, Thibault Ma\u00eetrejean.<\/p>\n<\/div>\n                    <\/div>\n                        <\/div>\n    <\/div>\n<\/div>\n","protected":false},"excerpt":{"rendered":"","protected":false},"author":1,"featured_media":0,"parent":0,"menu_order":0,"comment_status":"closed","ping_status":"closed","template":"blocks-template.php","meta":{"_acf_changed":false,"inline_featured_image":false,"footnotes":""},"class_list":["post-19616","page","type-page","status-publish","hentry"],"acf":[],"yoast_head":"<!-- This site is optimized with the Yoast SEO Premium plugin v27.1 (Yoast SEO v27.1.1) - https:\/\/yoast.com\/product\/yoast-seo-premium-wordpress\/ -->\n<title>Impressum und Datenschutz - Kallista Energy<\/title>\n<meta name=\"description\" content=\"D\u00e9couvrez les mentions l\u00e9gales de Kallista Energy, producteur ind\u00e9pendant fran\u00e7ais d&#039;\u00e9nergies renouvelables.\" \/>\n<meta name=\"robots\" content=\"index, follow, max-snippet:-1, max-image-preview:large, max-video-preview:-1\" \/>\n<link rel=\"canonical\" href=\"https:\/\/www.kallistaenergy.com\/de\/mentions-legales\/\" \/>\n<meta property=\"og:locale\" content=\"de_DE\" \/>\n<meta property=\"og:type\" content=\"article\" \/>\n<meta property=\"og:title\" content=\"Impressum und Datenschutz\" \/>\n<meta property=\"og:description\" content=\"D\u00e9couvrez les mentions l\u00e9gales de Kallista Energy, producteur ind\u00e9pendant fran\u00e7ais d&#039;\u00e9nergies renouvelables.\" \/>\n<meta property=\"og:url\" content=\"https:\/\/www.kallistaenergy.com\/de\/mentions-legales\/\" \/>\n<meta property=\"og:site_name\" content=\"Kallista Energy\" \/>\n<meta property=\"article:modified_time\" content=\"2026-02-20T11:03:47+00:00\" \/>\n<script type=\"application\/ld+json\" class=\"yoast-schema-graph\">{\"@context\":\"https:\/\/schema.org\",\"@graph\":[{\"@type\":\"WebPage\",\"@id\":\"https:\/\/www.kallistaenergy.com\/de\/mentions-legales\/\",\"url\":\"https:\/\/www.kallistaenergy.com\/de\/mentions-legales\/\",\"name\":\"Impressum und Datenschutz - Kallista Energy\",\"isPartOf\":{\"@id\":\"https:\/\/www.kallistaenergy.com\/#website\"},\"datePublished\":\"2020-05-31T13:30:20+00:00\",\"dateModified\":\"2026-02-20T11:03:47+00:00\",\"description\":\"D\u00e9couvrez les mentions l\u00e9gales de Kallista Energy, producteur ind\u00e9pendant fran\u00e7ais d'\u00e9nergies renouvelables.\",\"breadcrumb\":{\"@id\":\"https:\/\/www.kallistaenergy.com\/de\/mentions-legales\/#breadcrumb\"},\"inLanguage\":\"de\",\"potentialAction\":[{\"@type\":\"ReadAction\",\"target\":[\"https:\/\/www.kallistaenergy.com\/de\/mentions-legales\/\"]}]},{\"@type\":\"BreadcrumbList\",\"@id\":\"https:\/\/www.kallistaenergy.com\/de\/mentions-legales\/#breadcrumb\",\"itemListElement\":[{\"@type\":\"ListItem\",\"position\":1,\"name\":\"Accueil\",\"item\":\"https:\/\/www.kallistaenergy.com\/de\/\"},{\"@type\":\"ListItem\",\"position\":2,\"name\":\"Impressum und Datenschutz\"}]},{\"@type\":\"WebSite\",\"@id\":\"https:\/\/www.kallistaenergy.com\/#website\",\"url\":\"https:\/\/www.kallistaenergy.com\/\",\"name\":\"Kallista Energy\",\"description\":\"\",\"potentialAction\":[{\"@type\":\"SearchAction\",\"target\":{\"@type\":\"EntryPoint\",\"urlTemplate\":\"https:\/\/www.kallistaenergy.com\/?s={search_term_string}\"},\"query-input\":{\"@type\":\"PropertyValueSpecification\",\"valueRequired\":true,\"valueName\":\"search_term_string\"}}],\"inLanguage\":\"de\"}]}<\/script>\n<!-- \/ Yoast SEO Premium plugin. -->","yoast_head_json":{"title":"Impressum und Datenschutz - Kallista Energy","description":"D\u00e9couvrez les mentions l\u00e9gales de Kallista Energy, producteur ind\u00e9pendant fran\u00e7ais d'\u00e9nergies renouvelables.","robots":{"index":"index","follow":"follow","max-snippet":"max-snippet:-1","max-image-preview":"max-image-preview:large","max-video-preview":"max-video-preview:-1"},"canonical":"https:\/\/www.kallistaenergy.com\/de\/mentions-legales\/","og_locale":"de_DE","og_type":"article","og_title":"Impressum und Datenschutz","og_description":"D\u00e9couvrez les mentions l\u00e9gales de Kallista Energy, producteur ind\u00e9pendant fran\u00e7ais d'\u00e9nergies renouvelables.","og_url":"https:\/\/www.kallistaenergy.com\/de\/mentions-legales\/","og_site_name":"Kallista Energy","article_modified_time":"2026-02-20T11:03:47+00:00","schema":{"@context":"https:\/\/schema.org","@graph":[{"@type":"WebPage","@id":"https:\/\/www.kallistaenergy.com\/de\/mentions-legales\/","url":"https:\/\/www.kallistaenergy.com\/de\/mentions-legales\/","name":"Impressum und Datenschutz - Kallista Energy","isPartOf":{"@id":"https:\/\/www.kallistaenergy.com\/#website"},"datePublished":"2020-05-31T13:30:20+00:00","dateModified":"2026-02-20T11:03:47+00:00","description":"D\u00e9couvrez les mentions l\u00e9gales de Kallista Energy, producteur ind\u00e9pendant fran\u00e7ais d'\u00e9nergies renouvelables.","breadcrumb":{"@id":"https:\/\/www.kallistaenergy.com\/de\/mentions-legales\/#breadcrumb"},"inLanguage":"de","potentialAction":[{"@type":"ReadAction","target":["https:\/\/www.kallistaenergy.com\/de\/mentions-legales\/"]}]},{"@type":"BreadcrumbList","@id":"https:\/\/www.kallistaenergy.com\/de\/mentions-legales\/#breadcrumb","itemListElement":[{"@type":"ListItem","position":1,"name":"Accueil","item":"https:\/\/www.kallistaenergy.com\/de\/"},{"@type":"ListItem","position":2,"name":"Impressum und Datenschutz"}]},{"@type":"WebSite","@id":"https:\/\/www.kallistaenergy.com\/#website","url":"https:\/\/www.kallistaenergy.com\/","name":"Kallista Energy","description":"","potentialAction":[{"@type":"SearchAction","target":{"@type":"EntryPoint","urlTemplate":"https:\/\/www.kallistaenergy.com\/?s={search_term_string}"},"query-input":{"@type":"PropertyValueSpecification","valueRequired":true,"valueName":"search_term_string"}}],"inLanguage":"de"}]}},"_links":{"self":[{"href":"https:\/\/www.kallistaenergy.com\/de\/wp-json\/wp\/v2\/pages\/19616","targetHints":{"allow":["GET"]}}],"collection":[{"href":"https:\/\/www.kallistaenergy.com\/de\/wp-json\/wp\/v2\/pages"}],"about":[{"href":"https:\/\/www.kallistaenergy.com\/de\/wp-json\/wp\/v2\/types\/page"}],"author":[{"embeddable":true,"href":"https:\/\/www.kallistaenergy.com\/de\/wp-json\/wp\/v2\/users\/1"}],"replies":[{"embeddable":true,"href":"https:\/\/www.kallistaenergy.com\/de\/wp-json\/wp\/v2\/comments?post=19616"}],"version-history":[{"count":14,"href":"https:\/\/www.kallistaenergy.com\/de\/wp-json\/wp\/v2\/pages\/19616\/revisions"}],"predecessor-version":[{"id":24370,"href":"https:\/\/www.kallistaenergy.com\/de\/wp-json\/wp\/v2\/pages\/19616\/revisions\/24370"}],"wp:attachment":[{"href":"https:\/\/www.kallistaenergy.com\/de\/wp-json\/wp\/v2\/media?parent=19616"}],"curies":[{"name":"wp","href":"https:\/\/api.w.org\/{rel}","templated":true}]}}