{"id":15331,"date":"2024-07-31T14:27:12","date_gmt":"2024-07-31T12:27:12","guid":{"rendered":"https:\/\/kallistav3.alx-web.com\/our-energies\/"},"modified":"2024-09-16T10:28:47","modified_gmt":"2024-09-16T08:28:47","slug":"our-energies","status":"publish","type":"page","link":"https:\/\/www.kallistaenergy.com\/en\/our-energies\/","title":{"rendered":"Our energies"},"content":{"rendered":"<div class=\"interior-banner-wrapper\" id=\"block_66aa2daf26d76\"> \n    <div class=\"img-holder\">\n        <img decoding=\"async\" src=\"https:\/\/www.kallistaenergy.com\/wp-content\/uploads\/2024\/08\/DJI_0239-1.jpg\" alt=\"\">\n    <\/div>\n    <div class=\"page-title-holder\">\n        <h1>Our energies<\/h1>\n    <\/div>\n<\/div>\n\n<div  id=\"block_66aa3af4df994\" class=\"heading-wrapper\" style=\"\">\n    <div class=\"container\">\n        <div class=\"heading-inner\">\n            <h1><span class=\"TextRun Highlight SCXW207290727 BCX4\" lang=\"EN-US\" xml:lang=\"EN-US\" data-contrast=\"none\"><span class=\"NormalTextRun SCXW207290727 BCX4\">Contributing to the energy transition and electric mobility<\/span><\/span><span class=\"EOP SCXW207290727 BCX4\" data-ccp-props=\"{&quot;201341983&quot;:0,&quot;335551550&quot;:6,&quot;335551620&quot;:6,&quot;335559685&quot;:0,&quot;335559739&quot;:0,&quot;335559740&quot;:276}\">\u00a0<\/span><\/h1>\n        <\/div>\n    <\/div>\n<\/div>\n\n\n<div class=\"side-by-side-wrapper\" id=\"block_66aa4005b2306\">\n    <div class=\"container\">\n        <div class=\"side-by-side-inner\">\n                                <div class=\"single-row\">\n                        <div class=\"heading-holder\">\n                                                            <div class=\"icons-list\">\n                                                                            <div class=\"icon-holder\">\n                                            <a href=\"https:\/\/www.kallistaenergy.com\/en\/wind-energy\/\">                                            <img decoding=\"async\" src=\"https:\/\/www.kallistaenergy.com\/wp-content\/uploads\/2024\/08\/01-Pictogrammes-Kallista-2022_Eolienne-B-1.svg\" alt=\"\">\n                                                <\/a>                                        <\/div>\n                                                                            <div class=\"icon-holder\">\n                                            <a href=\"https:\/\/www.kallistaenergy.com\/en\/solar-energy\/\">                                            <img decoding=\"async\" src=\"https:\/\/www.kallistaenergy.com\/wp-content\/uploads\/2024\/08\/01-Pictogrammes-Kallista-2022_Solaire-B-1.svg\" alt=\"\">\n                                                <\/a>                                        <\/div>\n                                                                            <div class=\"icon-holder\">\n                                            <a href=\"https:\/\/www.kallistaenergy.com\/en\/electric-mobility\/\">                                            <img decoding=\"async\" src=\"https:\/\/www.kallistaenergy.com\/wp-content\/uploads\/2024\/08\/01-Pictogrammes-Kallista-2022_Borne-Recharge-B-1.svg\" alt=\"\">\n                                                <\/a>                                        <\/div>\n                                                                            <div class=\"icon-holder\">\n                                            <a href=\"https:\/\/www.kallistaenergy.com\/en\/storage\/\">                                            <img decoding=\"async\" src=\"https:\/\/www.kallistaenergy.com\/wp-content\/uploads\/2024\/09\/01-Pictogrammes-Kallista-2022_BatterieStockage-B1.svg\" alt=\"\">\n                                                <\/a>                                        <\/div>\n                                                                    <\/div>\n                                                    <\/div>\n                        <div class=\"description\">\n                            <p>Kallista Energy&#8217;s core business is producing competitive, renewable electricity to contribute to the energy transition and electric mobility. Our group generates electricity from its wind and solar farms in France, Germany and the Netherlands. We are also developing a network of high-power recharging stations, the majority of which will be connected directly to our wind and solar farms. Kallista Energy is further diversifying its portfolio to accelerate the mass electrification of our uses by developing battery storage projects.<\/p>\n<p>RTE (R\u00e9seau de Transport d&#8217;\u00c9lectricit\u00e9) sees the electric vehicle as an opportunity for our electricity grid, because with 15 million vehicles on the road by 2030, we will have 10 times more storage capacity than we have today with our dams [1]. Electric mobility will therefore boost the share of renewable energies in our energy mix.<\/p>\n<p>Once the infrastructure has been built, producing energy from renewable sources generates very few CO2 emissions[2]. The development of renewable energies, decentralized by nature, also contributes to our country&#8217;s economy.<\/p>\n                                                            <div class=\"resources-holder\">\n                                                                            <div class=\"single-resource\">\n                                            <div class=\"count\">[1]<\/div>\n                                            <div class=\"resource\">\n                                                                                                    <a href=\"https:\/\/www.rte-france.com\/sites\/default\/files\/electromobilite_synthese_9.pdf\u00a0\"\n                                                        target=\"_self\">https:\/\/www.rte-france.com\/sites\/default\/files\/electromobilite_synthese_9.pdf\u00a0<\/a>\n                                                                                            <\/div>\n                                        <\/div>\n                                                                            <div class=\"single-resource\">\n                                            <div class=\"count\">[2]<\/div>\n                                            <div class=\"resource\">\n                                                                                                    <a href=\"https:\/\/www.bilans-ges.ademe.fr\/documentation\/UPLOAD_DOC_FR\/index.htm?renouvelable.htm\u00a0\"\n                                                        target=\"_self\">https:\/\/www.bilans-ges.ademe.fr\/documentation\/UPLOAD_DOC_FR\/index.htm?renouvelable.htm\u00a0<\/a>\n                                                                                            <\/div>\n                                        <\/div>\n                                                                    <\/div>\n                                                    <\/div>\n                    <\/div>\n                                    <div class=\"single-row\">\n                        <div class=\"heading-holder\">\n                            Projects for and with citizens                         <\/div>\n                        <div class=\"description\">\n                            <p>Kallista Energy has chosen to bear all the financial risks associated with the development of its renewable energy parks. Our experience and integrated team enable us to select and develop the best projects, both environmentally and economically. No stone is left unturned, guaranteeing the relevance of the project developed and its concrete contribution to the energy transition.<\/p>\n<p>The local authorities and residents with whom we work take no risk should a project fail to materialize.<\/p>\n<p>We work closely with local elected representatives and involve local residents in our projects through regular consultation sessions. Once the wind farm has been built, our project managers and operators based in the regions remain in contact with local elected representatives and ensure that the installation is running smoothly at all times.<\/p>\n                                                    <\/div>\n                    <\/div>\n                        <\/div>\n\n    <\/div>\n<\/div>\n\n\n<div class=\"discover-list-wrapper\" id=\"block_66ab376e23b42\">\n    <div class=\"container\">\n        <div class=\"discover-list-inner\">\n                                <div class=\"single-discover\">\n                        <div class=\"info-holder\">\n                            <div class=\"header-holder\">\n                                <h2>Wind energy<\/h2>\n                                <div class=\"icon-holder\">\n                                    <img decoding=\"async\" src=\"https:\/\/www.kallistaenergy.com\/wp-content\/uploads\/2024\/08\/Picto-Eolien-3.svg\" alt=\"\">\n                                <\/div>\n                            <\/div>\n                            <div class=\"description\">\n                                Experience acquired since 2005 and one of the pioneers of wind farm repowering in France.                            <\/div>\n                            <div class=\"discover-link\">\n                                                                    <a href=\"https:\/\/www.kallistaenergy.com\/en\/wind-energy\/\"\n                                        target=\"_self\">Learn more<\/a>\n                                                            <\/div>\n                        <\/div>\n                        <div class=\"img-holder\">\n                            <img decoding=\"async\" src=\"https:\/\/www.kallistaenergy.com\/wp-content\/uploads\/2024\/08\/8b3e497c8a6ea8f185c14bb6ea166744.jpg\" alt=\"\">\n                                                            <a href=\"https:\/\/www.kallistaenergy.com\/en\/wind-energy\/\" target=\"_self\">\n                                    <svg xmlns=\"http:\/\/www.w3.org\/2000\/svg\" fill=\"none\" viewBox=\"0 0 24 24\" stroke-width=\"1.5\"\n                                        stroke=\"currentColor\" class=\"size-6\">\n                                        <path stroke-linecap=\"round\" stroke-linejoin=\"round\"\n                                            d=\"m12.75 15 3-3m0 0-3-3m3 3h-7.5M21 12a9 9 0 1 1-18 0 9 9 0 0 1 18 0Z\" \/>\n                                    <\/svg>\n\n                                <\/a>\n                                                    <\/div>\n                    <\/div>\n                                    <div class=\"single-discover\">\n                        <div class=\"info-holder\">\n                            <div class=\"header-holder\">\n                                <h2>Solar energy<\/h2>\n                                <div class=\"icon-holder\">\n                                    <img decoding=\"async\" src=\"https:\/\/www.kallistaenergy.com\/wp-content\/uploads\/2024\/08\/Picto-Solaire-1-1.svg\" alt=\"\">\n                                <\/div>\n                            <\/div>\n                            <div class=\"description\">\n                                A complementary energy source to wind power, it also makes it possible to reconcile electricity production and agriculture.                            <\/div>\n                            <div class=\"discover-link\">\n                                                                    <a href=\"https:\/\/www.kallistaenergy.com\/en\/solar-energy\/\"\n                                        target=\"_self\">Learn more<\/a>\n                                                            <\/div>\n                        <\/div>\n                        <div class=\"img-holder\">\n                            <img decoding=\"async\" src=\"https:\/\/www.kallistaenergy.com\/wp-content\/uploads\/2024\/07\/Rectangle-13.png\" alt=\"\">\n                                                            <a href=\"https:\/\/www.kallistaenergy.com\/en\/solar-energy\/\" target=\"_self\">\n                                    <svg xmlns=\"http:\/\/www.w3.org\/2000\/svg\" fill=\"none\" viewBox=\"0 0 24 24\" stroke-width=\"1.5\"\n                                        stroke=\"currentColor\" class=\"size-6\">\n                                        <path stroke-linecap=\"round\" stroke-linejoin=\"round\"\n                                            d=\"m12.75 15 3-3m0 0-3-3m3 3h-7.5M21 12a9 9 0 1 1-18 0 9 9 0 0 1 18 0Z\" \/>\n                                    <\/svg>\n\n                                <\/a>\n                                                    <\/div>\n                    <\/div>\n                                    <div class=\"single-discover\">\n                        <div class=\"info-holder\">\n                            <div class=\"header-holder\">\n                                <h2>E-mobility<\/h2>\n                                <div class=\"icon-holder\">\n                                    <img decoding=\"async\" src=\"https:\/\/www.kallistaenergy.com\/wp-content\/uploads\/2024\/08\/Picto-Recharge-3.svg\" alt=\"\">\n                                <\/div>\n                            <\/div>\n                            <div class=\"description\">\n                                Our goal: a network of over 90 ultra-high-power charging stations in France using 100% renewable electricity.                            <\/div>\n                            <div class=\"discover-link\">\n                                                                    <a href=\"https:\/\/www.kallistaenergy.com\/en\/electric-mobility\/\"\n                                        target=\"_self\">Learn more<\/a>\n                                                            <\/div>\n                        <\/div>\n                        <div class=\"img-holder\">\n                            <img decoding=\"async\" src=\"https:\/\/www.kallistaenergy.com\/wp-content\/uploads\/2024\/08\/1becd0c159a2808ddb54940a37dc99e6.jpg\" alt=\"\">\n                                                            <a href=\"https:\/\/www.kallistaenergy.com\/en\/electric-mobility\/\" target=\"_self\">\n                                    <svg xmlns=\"http:\/\/www.w3.org\/2000\/svg\" fill=\"none\" viewBox=\"0 0 24 24\" stroke-width=\"1.5\"\n                                        stroke=\"currentColor\" class=\"size-6\">\n                                        <path stroke-linecap=\"round\" stroke-linejoin=\"round\"\n                                            d=\"m12.75 15 3-3m0 0-3-3m3 3h-7.5M21 12a9 9 0 1 1-18 0 9 9 0 0 1 18 0Z\" \/>\n                                    <\/svg>\n\n                                <\/a>\n                                                    <\/div>\n                    <\/div>\n                                    <div class=\"single-discover\">\n                        <div class=\"info-holder\">\n                            <div class=\"header-holder\">\n                                <h2>Battery storage<\/h2>\n                                <div class=\"icon-holder\">\n                                    <img decoding=\"async\" src=\"https:\/\/www.kallistaenergy.com\/wp-content\/uploads\/2024\/09\/01-Pictogrammes-Kallista-2022_BatterieStockage-B.svg\" alt=\"\">\n                                <\/div>\n                            <\/div>\n                            <div class=\"description\">\n                                Diversification of our business to help accelerate the integration of renewable energies into the electricity grid through flexibility solutions.                            <\/div>\n                            <div class=\"discover-link\">\n                                                                    <a href=\"https:\/\/www.kallistaenergy.com\/en\/storage\/\"\n                                        target=\"_self\">Learn more<\/a>\n                                                            <\/div>\n                        <\/div>\n                        <div class=\"img-holder\">\n                            <img decoding=\"async\" src=\"https:\/\/www.kallistaenergy.com\/wp-content\/uploads\/2024\/08\/Capture-decran-2024-08-22-a-13.59.12.png\" alt=\"\">\n                                                            <a href=\"https:\/\/www.kallistaenergy.com\/en\/storage\/\" target=\"_self\">\n                                    <svg xmlns=\"http:\/\/www.w3.org\/2000\/svg\" fill=\"none\" viewBox=\"0 0 24 24\" stroke-width=\"1.5\"\n                                        stroke=\"currentColor\" class=\"size-6\">\n                                        <path stroke-linecap=\"round\" stroke-linejoin=\"round\"\n                                            d=\"m12.75 15 3-3m0 0-3-3m3 3h-7.5M21 12a9 9 0 1 1-18 0 9 9 0 0 1 18 0Z\" \/>\n                                    <\/svg>\n\n                                <\/a>\n                                                    <\/div>\n                    <\/div>\n                \n        <\/div>\n    <\/div>\n<\/div>\n\n<div class=\"more-info-wrapper\" id=\"block_66ab3b2a23b45\">\n    <div class=\"container\">\n        <div class=\"more-info-inner\">\n<!--            <div class=\"heading-holder\">\n                <h2><\/h2>\n            <\/div>-->\n            <div class=\"buttons-holder\">\n                                    <a href=\"https:\/\/www.kallistaenergy.com\/en\/portrait\/\"\n                        target=\"_self\">Our group<\/a>\n                                    <a href=\"https:\/\/www.kallistaenergy.com\/en\/join-us\/\"\n                        target=\"_self\">Join us<\/a>\n                                    <a href=\"https:\/\/www.kallistaenergy.com\/our-jobs\/\"\n                        target=\"_self\">Our jobs<\/a>\n                \n            <\/div>\n        <\/div>\n    <\/div>\n<\/div>\n","protected":false},"excerpt":{"rendered":"","protected":false},"author":1,"featured_media":0,"parent":0,"menu_order":0,"comment_status":"closed","ping_status":"closed","template":"blocks-template.php","meta":{"_acf_changed":false,"inline_featured_image":false,"footnotes":""},"class_list":["post-15331","page","type-page","status-publish","hentry"],"acf":[],"yoast_head":"<!-- This site is optimized with the Yoast SEO Premium plugin v27.3 (Yoast SEO v27.3) - https:\/\/yoast.com\/product\/yoast-seo-premium-wordpress\/ -->\n<title>Our energies - Kallista Energy<\/title>\n<meta name=\"robots\" content=\"index, follow, max-snippet:-1, max-image-preview:large, max-video-preview:-1\" \/>\n<link rel=\"canonical\" href=\"https:\/\/www.kallistaenergy.com\/nos-energies\/\" \/>\n<meta property=\"og:locale\" content=\"en_US\" \/>\n<meta property=\"og:type\" content=\"article\" \/>\n<meta property=\"og:title\" content=\"Our energies\" \/>\n<meta property=\"og:url\" content=\"https:\/\/www.kallistaenergy.com\/nos-energies\/\" \/>\n<meta property=\"og:site_name\" content=\"Kallista Energy\" \/>\n<meta property=\"article:modified_time\" content=\"2024-09-16T08:28:47+00:00\" \/>\n<script type=\"application\/ld+json\" class=\"yoast-schema-graph\">{\"@context\":\"https:\\\/\\\/schema.org\",\"@graph\":[{\"@type\":\"WebPage\",\"@id\":\"https:\\\/\\\/www.kallistaenergy.com\\\/nos-energies\\\/\",\"url\":\"https:\\\/\\\/www.kallistaenergy.com\\\/nos-energies\\\/\",\"name\":\"Our energies - Kallista Energy\",\"isPartOf\":{\"@id\":\"https:\\\/\\\/www.kallistaenergy.com\\\/#website\"},\"datePublished\":\"2024-07-31T12:27:12+00:00\",\"dateModified\":\"2024-09-16T08:28:47+00:00\",\"breadcrumb\":{\"@id\":\"https:\\\/\\\/www.kallistaenergy.com\\\/nos-energies\\\/#breadcrumb\"},\"inLanguage\":\"en-US\",\"potentialAction\":[{\"@type\":\"ReadAction\",\"target\":[\"https:\\\/\\\/www.kallistaenergy.com\\\/nos-energies\\\/\"]}]},{\"@type\":\"BreadcrumbList\",\"@id\":\"https:\\\/\\\/www.kallistaenergy.com\\\/nos-energies\\\/#breadcrumb\",\"itemListElement\":[{\"@type\":\"ListItem\",\"position\":1,\"name\":\"Accueil\",\"item\":\"https:\\\/\\\/www.kallistaenergy.com\\\/en\\\/\"},{\"@type\":\"ListItem\",\"position\":2,\"name\":\"Our energies\"}]},{\"@type\":\"WebSite\",\"@id\":\"https:\\\/\\\/www.kallistaenergy.com\\\/#website\",\"url\":\"https:\\\/\\\/www.kallistaenergy.com\\\/\",\"name\":\"Kallista Energy\",\"description\":\"\",\"potentialAction\":[{\"@type\":\"SearchAction\",\"target\":{\"@type\":\"EntryPoint\",\"urlTemplate\":\"https:\\\/\\\/www.kallistaenergy.com\\\/?s={search_term_string}\"},\"query-input\":{\"@type\":\"PropertyValueSpecification\",\"valueRequired\":true,\"valueName\":\"search_term_string\"}}],\"inLanguage\":\"en-US\"}]}<\/script>\n<!-- \/ Yoast SEO Premium plugin. -->","yoast_head_json":{"title":"Our energies - Kallista Energy","robots":{"index":"index","follow":"follow","max-snippet":"max-snippet:-1","max-image-preview":"max-image-preview:large","max-video-preview":"max-video-preview:-1"},"canonical":"https:\/\/www.kallistaenergy.com\/nos-energies\/","og_locale":"en_US","og_type":"article","og_title":"Our energies","og_url":"https:\/\/www.kallistaenergy.com\/nos-energies\/","og_site_name":"Kallista Energy","article_modified_time":"2024-09-16T08:28:47+00:00","schema":{"@context":"https:\/\/schema.org","@graph":[{"@type":"WebPage","@id":"https:\/\/www.kallistaenergy.com\/nos-energies\/","url":"https:\/\/www.kallistaenergy.com\/nos-energies\/","name":"Our energies - Kallista Energy","isPartOf":{"@id":"https:\/\/www.kallistaenergy.com\/#website"},"datePublished":"2024-07-31T12:27:12+00:00","dateModified":"2024-09-16T08:28:47+00:00","breadcrumb":{"@id":"https:\/\/www.kallistaenergy.com\/nos-energies\/#breadcrumb"},"inLanguage":"en-US","potentialAction":[{"@type":"ReadAction","target":["https:\/\/www.kallistaenergy.com\/nos-energies\/"]}]},{"@type":"BreadcrumbList","@id":"https:\/\/www.kallistaenergy.com\/nos-energies\/#breadcrumb","itemListElement":[{"@type":"ListItem","position":1,"name":"Accueil","item":"https:\/\/www.kallistaenergy.com\/en\/"},{"@type":"ListItem","position":2,"name":"Our energies"}]},{"@type":"WebSite","@id":"https:\/\/www.kallistaenergy.com\/#website","url":"https:\/\/www.kallistaenergy.com\/","name":"Kallista Energy","description":"","potentialAction":[{"@type":"SearchAction","target":{"@type":"EntryPoint","urlTemplate":"https:\/\/www.kallistaenergy.com\/?s={search_term_string}"},"query-input":{"@type":"PropertyValueSpecification","valueRequired":true,"valueName":"search_term_string"}}],"inLanguage":"en-US"}]}},"_links":{"self":[{"href":"https:\/\/www.kallistaenergy.com\/en\/wp-json\/wp\/v2\/pages\/15331","targetHints":{"allow":["GET"]}}],"collection":[{"href":"https:\/\/www.kallistaenergy.com\/en\/wp-json\/wp\/v2\/pages"}],"about":[{"href":"https:\/\/www.kallistaenergy.com\/en\/wp-json\/wp\/v2\/types\/page"}],"author":[{"embeddable":true,"href":"https:\/\/www.kallistaenergy.com\/en\/wp-json\/wp\/v2\/users\/1"}],"replies":[{"embeddable":true,"href":"https:\/\/www.kallistaenergy.com\/en\/wp-json\/wp\/v2\/comments?post=15331"}],"version-history":[{"count":21,"href":"https:\/\/www.kallistaenergy.com\/en\/wp-json\/wp\/v2\/pages\/15331\/revisions"}],"predecessor-version":[{"id":17738,"href":"https:\/\/www.kallistaenergy.com\/en\/wp-json\/wp\/v2\/pages\/15331\/revisions\/17738"}],"wp:attachment":[{"href":"https:\/\/www.kallistaenergy.com\/en\/wp-json\/wp\/v2\/media?parent=15331"}],"curies":[{"name":"wp","href":"https:\/\/api.w.org\/{rel}","templated":true}]}}