{"id":5723,"date":"2020-05-31T15:30:39","date_gmt":"2020-05-31T13:30:39","guid":{"rendered":"https:\/\/www.kallistaenergy.com\/?page_id=5723"},"modified":"2024-10-29T16:37:32","modified_gmt":"2024-10-29T15:37:32","slug":"legal-notices","status":"publish","type":"page","link":"https:\/\/www.kallistaenergy.com\/en\/legal-notices\/","title":{"rendered":"Legal notices"},"content":{"rendered":"<div class=\"side-by-side-wrapper\" id=\"block_6708142855e88\">\n    <div class=\"container\">\n        <div class=\"side-by-side-inner\">\n                                <div class=\"single-row\" id=\"\">\n                        <div class=\"description mw100\"><\/div>\n                    <\/div>\n                                    <div class=\"single-row\" id=\"\">\n                        <div class=\"description mw100\"><h3>Publisher<\/h3>\n<p>Groupe Kallista\u00a0Energy<br \/>\n18-20 rue Treilhard<br \/>\n75008 Paris \u2013 France<br \/>\nTel.: +33(0)1 58 22 18 80<br \/>\nEmail: <a href=\"mailto:contact@KallistaEnergy.com\">contact@KallistaEnergy.com<\/a><\/p>\n<p>Kallista Energy: Simplified joint stock company with share capital of \u20ac2,624,387<br \/>\nParis Trade and Companies Register no. 513 771 675<br \/>\nIntracommunity VAT number: FR72 513 771 675<br \/>\nHead office SIRET ID: 513 771 675 00040<\/p>\n<h3>Publishing manager<\/h3>\n<p>Fr\u00e9d\u00e9ric Roche, pr\u00e9sident du Groupe Kallista Energy.<\/p>\n<p>&nbsp;<\/p>\n<h3 class=\"Texte\">Web host<\/h3>\n<p>OVH<br \/>\nSimplified joint stock company with share capital of \u20ac10,059,500<br \/>\nLille M\u00e9tropole Trade and Companies Register 424 761 419 00045<br \/>\n2 rue Kellermann \u2013 59100 Roubaix \u2013 France<br \/>\nT\u00e9l\u00e9phone : 09 72 10 10 07<\/p>\n<p>&nbsp;<\/p>\n<h3>Privacy Policy<\/h3>\n<p>By using our website, you may provide us information about you, which is processed by the company Kallista Energy.<\/p>\n<p>Kallista Energy undertakes to protect your privacy, and to define and implement all the measures to ensure the protection and security of your personal data, in compliance with the European Regulation 2016\/679 of April 27, 2016 known as the \u201cGeneral Data Protection Regulation (GDPR)\u201d.<\/p>\n<p>This privacy policy is applicable to you as a user of our website. It informs you about how Kallista Energy processes your personal data.<\/p>\n<p>&nbsp;<\/p>\n<p><strong>The personal data that we collect<\/strong><\/p>\n<p>You can visit our website, without giving us any of your personal data. By submitting us a contact request via our website, you can also send us the following information :<\/p>\n<ul>\n<li>Your last name,<\/li>\n<li>Your first name,<\/li>\n<li>Your email,<\/li>\n<li>Information about your request.<\/li>\n<\/ul>\n<p>For your information, your first and last name, as well as your email address, are not mandatory fields in the contact form.<\/p>\n<p>&nbsp;<\/p>\n<p><strong>Legal basis for processing your personal data<\/strong><\/p>\n<p>By giving us this information, your expressly agree that Kallista Energy collects, processes and stores your personal data in accordance with this privacy policy. The processing of your personal data is legally based on your consent.<\/p>\n<p>&nbsp;<\/p>\n<p><strong>Identity of the controller of your personal data<\/strong><\/p>\n<p>The controller of your personal data is the company Kallista Energy, which registered offices are located at 18-20 rue Treilhard, in Paris (75008). Phone : +33(0)1 58 22 18 80. Email : contact@KallistaEnergy.com<\/p>\n<p>&nbsp;<\/p>\n<p><strong>Purpose of your personal data<\/strong><\/p>\n<p>Your personal data is collected, processed, and stored, for the following purposes\u00a0:<\/p>\n<ul>\n<li>Process your contact request,<\/li>\n<li>Process your application for a job offer or an internship offer,<\/li>\n<li>Process any other request that you may send us,<\/li>\n<li>Contact you if you request it.<\/li>\n<\/ul>\n<p>&nbsp;<\/p>\n<p><strong>Data retention period<\/strong><\/p>\n<p>Your personal data is retained by Kallista Energy for long as necessary for the performance of the following purposes mentioned above, with a limit of 24 months.<\/p>\n<p>&nbsp;<\/p>\n<p>Recipients of your personal data<\/p>\n<p>The recipients of your personal data are Kallista Energy, and its subsidiaries. Your personal data is not disclosed to any third parties. Neither Kallista Energy nor any of its subsidiaries sells your personal data.<\/p>\n<p>&nbsp;<\/p>\n<p><strong>Your rights<\/strong><\/p>\n<p>You are informed that you have the following rights\u00a0: the right of access to your personal data, the right to rectification, the right to object. You may exercise these rights by writing to\u00a0the following email address : contact@KallistaEnergy.com.<\/p>\n<p>&nbsp;<\/p>\n<h3>Cookies &amp; statistics<\/h3>\n<p>This site uses cookies for anonymous statistical purposes (number of visitors, pages viewed, technology used&#8230;). You may refuse the use of cookies directly in the banner that appears when you log on to the KallistaEnergy.com website, or by configuring your browser accordingly (see <a href=\"http:\/\/www.cnil.fr\">www.cnil.fr<\/a>).<\/p>\n<p>&nbsp;<\/p>\n<h3>Intellectual property<\/h3>\n<p>All works published and communicated on this website are protected by copyright. Unless otherwise authorised, any use of these works other than for the purposes of individual and private reproduction and viewing is prohibited.<\/p>\n<p>&nbsp;<\/p>\n<h3>Credits<\/h3>\n<p>Photo credits: Kallista Energy; St\u00e9phane Leroy; Menno Mulder; Paco Lissillour, Thibault Ma\u00eetrejean.<\/p>\n<\/div>\n                    <\/div>\n                        <\/div>\n    <\/div>\n<\/div>\n","protected":false},"excerpt":{"rendered":"","protected":false},"author":1,"featured_media":0,"parent":0,"menu_order":0,"comment_status":"closed","ping_status":"closed","template":"blocks-template.php","meta":{"_acf_changed":false,"inline_featured_image":false,"footnotes":""},"class_list":["post-5723","page","type-page","status-publish","hentry"],"acf":[],"yoast_head":"<!-- This site is optimized with the Yoast SEO Premium plugin v27.1 (Yoast SEO v27.1.1) - https:\/\/yoast.com\/product\/yoast-seo-premium-wordpress\/ -->\n<title>Legal notices - Kallista Energy<\/title>\n<meta name=\"robots\" content=\"noindex, follow\" \/>\n<meta property=\"og:locale\" content=\"en_US\" \/>\n<meta property=\"og:type\" content=\"article\" \/>\n<meta property=\"og:title\" content=\"Legal notices\" \/>\n<meta property=\"og:url\" content=\"https:\/\/www.kallistaenergy.com\/en\/legal-notices\/\" \/>\n<meta property=\"og:site_name\" content=\"Kallista Energy\" \/>\n<meta property=\"article:modified_time\" content=\"2024-10-29T15:37:32+00:00\" \/>\n<script type=\"application\/ld+json\" class=\"yoast-schema-graph\">{\"@context\":\"https:\/\/schema.org\",\"@graph\":[{\"@type\":\"WebPage\",\"@id\":\"https:\/\/www.kallistaenergy.com\/en\/legal-notices\/\",\"url\":\"https:\/\/www.kallistaenergy.com\/en\/legal-notices\/\",\"name\":\"Legal notices - Kallista Energy\",\"isPartOf\":{\"@id\":\"https:\/\/www.kallistaenergy.com\/#website\"},\"datePublished\":\"2020-05-31T13:30:39+00:00\",\"dateModified\":\"2024-10-29T15:37:32+00:00\",\"breadcrumb\":{\"@id\":\"https:\/\/www.kallistaenergy.com\/en\/legal-notices\/#breadcrumb\"},\"inLanguage\":\"en-US\",\"potentialAction\":[{\"@type\":\"ReadAction\",\"target\":[\"https:\/\/www.kallistaenergy.com\/en\/legal-notices\/\"]}]},{\"@type\":\"BreadcrumbList\",\"@id\":\"https:\/\/www.kallistaenergy.com\/en\/legal-notices\/#breadcrumb\",\"itemListElement\":[{\"@type\":\"ListItem\",\"position\":1,\"name\":\"Accueil\",\"item\":\"https:\/\/www.kallistaenergy.com\/en\/\"},{\"@type\":\"ListItem\",\"position\":2,\"name\":\"Legal notices\"}]},{\"@type\":\"WebSite\",\"@id\":\"https:\/\/www.kallistaenergy.com\/#website\",\"url\":\"https:\/\/www.kallistaenergy.com\/\",\"name\":\"Kallista Energy\",\"description\":\"\",\"potentialAction\":[{\"@type\":\"SearchAction\",\"target\":{\"@type\":\"EntryPoint\",\"urlTemplate\":\"https:\/\/www.kallistaenergy.com\/?s={search_term_string}\"},\"query-input\":{\"@type\":\"PropertyValueSpecification\",\"valueRequired\":true,\"valueName\":\"search_term_string\"}}],\"inLanguage\":\"en-US\"}]}<\/script>\n<!-- \/ Yoast SEO Premium plugin. -->","yoast_head_json":{"title":"Legal notices - Kallista Energy","robots":{"index":"noindex","follow":"follow"},"og_locale":"en_US","og_type":"article","og_title":"Legal notices","og_url":"https:\/\/www.kallistaenergy.com\/en\/legal-notices\/","og_site_name":"Kallista Energy","article_modified_time":"2024-10-29T15:37:32+00:00","schema":{"@context":"https:\/\/schema.org","@graph":[{"@type":"WebPage","@id":"https:\/\/www.kallistaenergy.com\/en\/legal-notices\/","url":"https:\/\/www.kallistaenergy.com\/en\/legal-notices\/","name":"Legal notices - Kallista Energy","isPartOf":{"@id":"https:\/\/www.kallistaenergy.com\/#website"},"datePublished":"2020-05-31T13:30:39+00:00","dateModified":"2024-10-29T15:37:32+00:00","breadcrumb":{"@id":"https:\/\/www.kallistaenergy.com\/en\/legal-notices\/#breadcrumb"},"inLanguage":"en-US","potentialAction":[{"@type":"ReadAction","target":["https:\/\/www.kallistaenergy.com\/en\/legal-notices\/"]}]},{"@type":"BreadcrumbList","@id":"https:\/\/www.kallistaenergy.com\/en\/legal-notices\/#breadcrumb","itemListElement":[{"@type":"ListItem","position":1,"name":"Accueil","item":"https:\/\/www.kallistaenergy.com\/en\/"},{"@type":"ListItem","position":2,"name":"Legal notices"}]},{"@type":"WebSite","@id":"https:\/\/www.kallistaenergy.com\/#website","url":"https:\/\/www.kallistaenergy.com\/","name":"Kallista Energy","description":"","potentialAction":[{"@type":"SearchAction","target":{"@type":"EntryPoint","urlTemplate":"https:\/\/www.kallistaenergy.com\/?s={search_term_string}"},"query-input":{"@type":"PropertyValueSpecification","valueRequired":true,"valueName":"search_term_string"}}],"inLanguage":"en-US"}]}},"_links":{"self":[{"href":"https:\/\/www.kallistaenergy.com\/en\/wp-json\/wp\/v2\/pages\/5723","targetHints":{"allow":["GET"]}}],"collection":[{"href":"https:\/\/www.kallistaenergy.com\/en\/wp-json\/wp\/v2\/pages"}],"about":[{"href":"https:\/\/www.kallistaenergy.com\/en\/wp-json\/wp\/v2\/types\/page"}],"author":[{"embeddable":true,"href":"https:\/\/www.kallistaenergy.com\/en\/wp-json\/wp\/v2\/users\/1"}],"replies":[{"embeddable":true,"href":"https:\/\/www.kallistaenergy.com\/en\/wp-json\/wp\/v2\/comments?post=5723"}],"version-history":[{"count":21,"href":"https:\/\/www.kallistaenergy.com\/en\/wp-json\/wp\/v2\/pages\/5723\/revisions"}],"predecessor-version":[{"id":20221,"href":"https:\/\/www.kallistaenergy.com\/en\/wp-json\/wp\/v2\/pages\/5723\/revisions\/20221"}],"wp:attachment":[{"href":"https:\/\/www.kallistaenergy.com\/en\/wp-json\/wp\/v2\/media?parent=5723"}],"curies":[{"name":"wp","href":"https:\/\/api.w.org\/{rel}","templated":true}]}}