{"id":15354,"date":"2024-07-31T14:27:12","date_gmt":"2024-07-31T12:27:12","guid":{"rendered":"https:\/\/kallistav3.alx-web.com\/our-energies\/"},"modified":"2024-09-23T15:24:24","modified_gmt":"2024-09-23T13:24:24","slug":"onze-energie","status":"publish","type":"page","link":"https:\/\/www.kallistaenergy.com\/nl\/onze-energie\/","title":{"rendered":"Onze energievormen"},"content":{"rendered":"<div class=\"interior-banner-wrapper\" id=\"block_66aa2daf26d76\"> \n    <div class=\"img-holder\">\n        <img decoding=\"async\" src=\"https:\/\/www.kallistaenergy.com\/wp-content\/uploads\/2024\/08\/DJI_0239-1.jpg\" alt=\"\">\n    <\/div>\n    <div class=\"page-title-holder\">\n        <h1>Onze energievormen<\/h1>\n    <\/div>\n<\/div>\n\n<div  id=\"block_66aa3af4df994\" class=\"heading-wrapper\" style=\"\">\n    <div class=\"container\">\n        <div class=\"heading-inner\">\n            <h1>Bijdragen aan de energietransitie en elektrische mobiliteit<\/h1>\n        <\/div>\n    <\/div>\n<\/div>\n\n\n<div class=\"side-by-side-wrapper\" id=\"block_66aa4005b2306\">\n    <div class=\"container\">\n        <div class=\"side-by-side-inner\">\n                                <div class=\"single-row\">\n                        <div class=\"heading-holder\">\n                                                            <div class=\"icons-list\">\n                                                                            <div class=\"icon-holder\">\n                                            <a href=\"https:\/\/www.kallistaenergy.com\/nl\/wind-energy\/\">                                            <img decoding=\"async\" src=\"https:\/\/www.kallistaenergy.com\/wp-content\/uploads\/2024\/08\/01-Pictogrammes-Kallista-2022_Eolienne-B-1.svg\" alt=\"\">\n                                                <\/a>                                        <\/div>\n                                                                            <div class=\"icon-holder\">\n                                            <a href=\"https:\/\/www.kallistaenergy.com\/nl\/zonne-energie\/\">                                            <img decoding=\"async\" src=\"https:\/\/www.kallistaenergy.com\/wp-content\/uploads\/2024\/08\/01-Pictogrammes-Kallista-2022_Solaire-B-1.svg\" alt=\"\">\n                                                <\/a>                                        <\/div>\n                                                                            <div class=\"icon-holder\">\n                                            <a href=\"https:\/\/www.kallistaenergy.com\/nl\/e-mobiliteit\/\">                                            <img decoding=\"async\" src=\"https:\/\/www.kallistaenergy.com\/wp-content\/uploads\/2024\/08\/01-Pictogrammes-Kallista-2022_Borne-Recharge-B-1.svg\" alt=\"\">\n                                                <\/a>                                        <\/div>\n                                                                            <div class=\"icon-holder\">\n                                            <a href=\"https:\/\/www.kallistaenergy.com\/nl\/batterijopslag\/\">                                            <img decoding=\"async\" src=\"https:\/\/www.kallistaenergy.com\/wp-content\/uploads\/2024\/09\/01-Pictogrammes-Kallista-2022_BatterieStockage-B1.svg\" alt=\"\">\n                                                <\/a>                                        <\/div>\n                                                                    <\/div>\n                                                    <\/div>\n                        <div class=\"description\">\n                            <p>De kernactiviteit van Kallista Energy is het produceren van concurrerende, hernieuwbare elektriciteit om bij te dragen aan de energietransitie en elektrische mobiliteit.<\/p>\n<p>Wij wekken elektriciteit op uit zijn wind- en zonneparken in Frankrijk, Duitsland en Nederland. Daarnaast ontwikkelen we een netwerk van krachtige oplaadstations, waarvan het merendeel rechtstreeks zal worden aangesloten op onze wind- en zonneparken. Ook ontwikkelen we een netwerk van krachtige oplaadstations, waarvan het merendeel rechtstreeks zal worden aangesloten op onze wind- en zonneparken.<\/p>\n<p>Kallista Energy verbreedt haar portfolio verder om de massale elektrificatie van onze toepassingen te versnellen door batterijopslagprojecten te ontwikkelen.<br \/>\nBovendien ziet RTE (R\u00e9seau de Transport d&#8217;\u00c9lectricit\u00e9) het elektrische voertuig als een kans voor ons elektriciteitsnet, want met 15 miljoen voertuigen op de weg in 2030 zullen we 10 keer meer opslagcapaciteit hebben dan we nu hebben met onze dammen [1].<\/p>\n<p>Elektrische mobiliteit zal daarom het aandeel hernieuwbare energie\u00ebn in onze energiemix vergroten.<\/p>\n<p>Als de infrastructuur eenmaal is aangelegd, genereert de energieproductie uit hernieuwbare bronnen zeer weinig CO2-uitstoot [2].<br \/>\nDe ontwikkeling van hernieuwbare energiebronnen, die van nature gedecentraliseerd zijn, draagt ook bij aan de economie.<\/p>\n                                                            <div class=\"resources-holder\">\n                                                                            <div class=\"single-resource\">\n                                            <div class=\"count\">[1]<\/div>\n                                            <div class=\"resource\">\n                                                                                                    <a href=\"https:\/\/www.rte-france.com\/sites\/default\/files\/electromobilite_synthese_9.pdf\u00a0\"\n                                                        target=\"_self\">https:\/\/www.rte-france.com\/sites\/default\/files\/electromobilite_synthese_9.pdf\u00a0<\/a>\n                                                                                            <\/div>\n                                        <\/div>\n                                                                            <div class=\"single-resource\">\n                                            <div class=\"count\">[2]<\/div>\n                                            <div class=\"resource\">\n                                                                                                    <a href=\"https:\/\/www.bilans-ges.ademe.fr\/documentation\/UPLOAD_DOC_FR\/index.htm?renouvelable.htm\u00a0\"\n                                                        target=\"_self\">https:\/\/www.bilans-ges.ademe.fr\/documentation\/UPLOAD_DOC_FR\/index.htm?renouvelable.htm\u00a0<\/a>\n                                                                                            <\/div>\n                                        <\/div>\n                                                                    <\/div>\n                                                    <\/div>\n                    <\/div>\n                                    <div class=\"single-row\">\n                        <div class=\"heading-holder\">\n                            Projecten voor en met de omgeving                        <\/div>\n                        <div class=\"description\">\n                            <p>Kallista Energy heeft ervoor gekozen alle financi\u00eble risico&#8217;s te dragen die gepaard gaan met de ontwikkeling van haar hernieuwbare energieparken. Onze ervaring en ons ge\u00efntegreerde team stellen ons in staat de beste projecten te selecteren en te ontwikkelen, zowel ecologisch als economisch.<\/p>\n<p>Geen middel wordt onbeproefd gelaten, wat de relevantie van het ontwikkelde project en de concrete bijdrage ervan aan de energietransitie garandeert.<\/p>\n<p>De lokale overheden en bewoners met wie wij samenwerken, lopen geen risico als een project niet doorgaat.<\/p>\n<p>We werken nauw samen met lokale gekozen vertegenwoordigers en betrekken lokale bewoners bij onze projecten via regelmatige overlegsessies. Nadat het windpark is gebouwd, blijven onze projectmanagers en exploitanten in de regio&#8217;s in contact met de vertegenwoordigers en zorgen ervoor dat de installatie te allen tijde soepel verloopt.<\/p>\n                                                    <\/div>\n                    <\/div>\n                        <\/div>\n\n    <\/div>\n<\/div>\n\n\n<div class=\"discover-list-wrapper\" id=\"block_66ab376e23b42\">\n    <div class=\"container\">\n        <div class=\"discover-list-inner\">\n                                <div class=\"single-discover\">\n                        <div class=\"info-holder\">\n                            <div class=\"header-holder\">\n                                <h2>Windenergie<\/h2>\n                                <div class=\"icon-holder\">\n                                    <img decoding=\"async\" src=\"https:\/\/www.kallistaenergy.com\/wp-content\/uploads\/2024\/08\/Picto-Eolien-3.svg\" alt=\"\">\n                                <\/div>\n                            <\/div>\n                            <div class=\"description\">\n                                Ervaring opgedaan sinds 2005 en een van de pioniers op het gebied van hermotorisering van windparken in Frankrijk.\r\n(Ontdek windenergie)                            <\/div>\n                            <div class=\"discover-link\">\n                                                                    <a href=\"https:\/\/www.kallistaenergy.com\/nl\/windenergie\/\"\n                                        target=\"_self\">Lees meer<\/a>\n                                                            <\/div>\n                        <\/div>\n                        <div class=\"img-holder\">\n                            <img decoding=\"async\" src=\"https:\/\/www.kallistaenergy.com\/wp-content\/uploads\/2024\/08\/8b3e497c8a6ea8f185c14bb6ea166744.jpg\" alt=\"\">\n                                                            <a href=\"https:\/\/www.kallistaenergy.com\/nl\/windenergie\/\" target=\"_self\">\n                                    <svg xmlns=\"http:\/\/www.w3.org\/2000\/svg\" fill=\"none\" viewBox=\"0 0 24 24\" stroke-width=\"1.5\"\n                                        stroke=\"currentColor\" class=\"size-6\">\n                                        <path stroke-linecap=\"round\" stroke-linejoin=\"round\"\n                                            d=\"m12.75 15 3-3m0 0-3-3m3 3h-7.5M21 12a9 9 0 1 1-18 0 9 9 0 0 1 18 0Z\" \/>\n                                    <\/svg>\n\n                                <\/a>\n                                                    <\/div>\n                    <\/div>\n                                    <div class=\"single-discover\">\n                        <div class=\"info-holder\">\n                            <div class=\"header-holder\">\n                                <h2>Zonne-energie<\/h2>\n                                <div class=\"icon-holder\">\n                                    <img decoding=\"async\" src=\"https:\/\/www.kallistaenergy.com\/wp-content\/uploads\/2024\/08\/Picto-Solaire-1-1.svg\" alt=\"\">\n                                <\/div>\n                            <\/div>\n                            <div class=\"description\">\n                                Een aanvullende energiebron voor windenergie, die het ook mogelijk maakt om elektriciteitsproductie en landbouw met elkaar te verzoenen.                            <\/div>\n                            <div class=\"discover-link\">\n                                                                    <a href=\"https:\/\/www.kallistaenergy.com\/nl\/zonne-energie\/\"\n                                        target=\"_self\">Lees meer<\/a>\n                                                            <\/div>\n                        <\/div>\n                        <div class=\"img-holder\">\n                            <img decoding=\"async\" src=\"https:\/\/www.kallistaenergy.com\/wp-content\/uploads\/2024\/07\/Rectangle-13.png\" alt=\"\">\n                                                            <a href=\"https:\/\/www.kallistaenergy.com\/nl\/zonne-energie\/\" target=\"_self\">\n                                    <svg xmlns=\"http:\/\/www.w3.org\/2000\/svg\" fill=\"none\" viewBox=\"0 0 24 24\" stroke-width=\"1.5\"\n                                        stroke=\"currentColor\" class=\"size-6\">\n                                        <path stroke-linecap=\"round\" stroke-linejoin=\"round\"\n                                            d=\"m12.75 15 3-3m0 0-3-3m3 3h-7.5M21 12a9 9 0 1 1-18 0 9 9 0 0 1 18 0Z\" \/>\n                                    <\/svg>\n\n                                <\/a>\n                                                    <\/div>\n                    <\/div>\n                                    <div class=\"single-discover\">\n                        <div class=\"info-holder\">\n                            <div class=\"header-holder\">\n                                <h2>Elektrische mobiliteit<\/h2>\n                                <div class=\"icon-holder\">\n                                    <img decoding=\"async\" src=\"https:\/\/www.kallistaenergy.com\/wp-content\/uploads\/2024\/08\/Picto-Recharge-3.svg\" alt=\"\">\n                                <\/div>\n                            <\/div>\n                            <div class=\"description\">\n                                Ons doel: een netwerk van meer dan 90 ultrakrachtige oplaadstations in Frankrijk met 100% hernieuwbare elektriciteit.                            <\/div>\n                            <div class=\"discover-link\">\n                                                                    <a href=\"https:\/\/www.kallistaenergy.com\/nl\/e-mobiliteit\/\"\n                                        target=\"_self\">E-mobiliteit<\/a>\n                                                            <\/div>\n                        <\/div>\n                        <div class=\"img-holder\">\n                            <img decoding=\"async\" src=\"https:\/\/www.kallistaenergy.com\/wp-content\/uploads\/2024\/08\/1becd0c159a2808ddb54940a37dc99e6.jpg\" alt=\"\">\n                                                            <a href=\"https:\/\/www.kallistaenergy.com\/nl\/e-mobiliteit\/\" target=\"_self\">\n                                    <svg xmlns=\"http:\/\/www.w3.org\/2000\/svg\" fill=\"none\" viewBox=\"0 0 24 24\" stroke-width=\"1.5\"\n                                        stroke=\"currentColor\" class=\"size-6\">\n                                        <path stroke-linecap=\"round\" stroke-linejoin=\"round\"\n                                            d=\"m12.75 15 3-3m0 0-3-3m3 3h-7.5M21 12a9 9 0 1 1-18 0 9 9 0 0 1 18 0Z\" \/>\n                                    <\/svg>\n\n                                <\/a>\n                                                    <\/div>\n                    <\/div>\n                                    <div class=\"single-discover\">\n                        <div class=\"info-holder\">\n                            <div class=\"header-holder\">\n                                <h2>Batterijopslag<\/h2>\n                                <div class=\"icon-holder\">\n                                    <img decoding=\"async\" src=\"https:\/\/www.kallistaenergy.com\/wp-content\/uploads\/2024\/09\/01-Pictogrammes-Kallista-2022_BatterieStockage-B.svg\" alt=\"\">\n                                <\/div>\n                            <\/div>\n                            <div class=\"description\">\n                                Een diversificatie van ons bedrijf om de integratie van hernieuwbare energie\u00ebn in het elektriciteitsnet te helpen versnellen door middel van flexibiliteitsoplossingen.                            <\/div>\n                            <div class=\"discover-link\">\n                                                                    <a href=\"https:\/\/www.kallistaenergy.com\/nl\/batterijopslag\/\"\n                                        target=\"_self\">Lees meer<\/a>\n                                                            <\/div>\n                        <\/div>\n                        <div class=\"img-holder\">\n                            <img decoding=\"async\" src=\"https:\/\/www.kallistaenergy.com\/wp-content\/uploads\/2024\/08\/Capture-decran-2024-08-22-a-13.59.12.png\" alt=\"\">\n                                                            <a href=\"https:\/\/www.kallistaenergy.com\/nl\/batterijopslag\/\" target=\"_self\">\n                                    <svg xmlns=\"http:\/\/www.w3.org\/2000\/svg\" fill=\"none\" viewBox=\"0 0 24 24\" stroke-width=\"1.5\"\n                                        stroke=\"currentColor\" class=\"size-6\">\n                                        <path stroke-linecap=\"round\" stroke-linejoin=\"round\"\n                                            d=\"m12.75 15 3-3m0 0-3-3m3 3h-7.5M21 12a9 9 0 1 1-18 0 9 9 0 0 1 18 0Z\" \/>\n                                    <\/svg>\n\n                                <\/a>\n                                                    <\/div>\n                    <\/div>\n                \n        <\/div>\n    <\/div>\n<\/div>\n\n<div class=\"more-info-wrapper\" id=\"block_66ab3b2a23b45\">\n    <div class=\"container\">\n        <div class=\"more-info-inner\">\n<!--            <div class=\"heading-holder\">\n                <h2><\/h2>\n            <\/div>-->\n            <div class=\"buttons-holder\">\n                                    <a href=\"https:\/\/www.kallistaenergy.com\/nl\/portret\/\"\n                        target=\"_self\">Onze groep<\/a>\n                                    <a href=\"https:\/\/www.kallistaenergy.com\/nl\/doe-mee\/\"\n                        target=\"_self\">Doe mee<\/a>\n                                    <a href=\"https:\/\/www.kallistaenergy.com\/nl\/onze-expertise\/\"\n                        target=\"_self\">Onze expertise<\/a>\n                \n            <\/div>\n        <\/div>\n    <\/div>\n<\/div>\n","protected":false},"excerpt":{"rendered":"","protected":false},"author":1,"featured_media":0,"parent":0,"menu_order":0,"comment_status":"closed","ping_status":"closed","template":"blocks-template.php","meta":{"_acf_changed":false,"inline_featured_image":false,"footnotes":""},"class_list":["post-15354","page","type-page","status-publish","hentry"],"acf":[],"yoast_head":"<!-- This site is optimized with the Yoast SEO Premium plugin v27.3 (Yoast SEO v27.3) - https:\/\/yoast.com\/product\/yoast-seo-premium-wordpress\/ -->\n<title>Onze energievormen - Kallista Energy<\/title>\n<meta name=\"robots\" content=\"index, follow, max-snippet:-1, max-image-preview:large, max-video-preview:-1\" \/>\n<link rel=\"canonical\" href=\"https:\/\/www.kallistaenergy.com\/nl\/onze-energie\/\" \/>\n<meta property=\"og:locale\" content=\"nl_NL\" \/>\n<meta property=\"og:type\" content=\"article\" \/>\n<meta property=\"og:title\" content=\"Onze energievormen\" \/>\n<meta property=\"og:url\" content=\"https:\/\/www.kallistaenergy.com\/nl\/onze-energie\/\" \/>\n<meta property=\"og:site_name\" content=\"Kallista Energy\" \/>\n<meta property=\"article:modified_time\" content=\"2024-09-23T13:24:24+00:00\" \/>\n<script type=\"application\/ld+json\" class=\"yoast-schema-graph\">{\"@context\":\"https:\\\/\\\/schema.org\",\"@graph\":[{\"@type\":\"WebPage\",\"@id\":\"https:\\\/\\\/www.kallistaenergy.com\\\/nl\\\/onze-energie\\\/\",\"url\":\"https:\\\/\\\/www.kallistaenergy.com\\\/nl\\\/onze-energie\\\/\",\"name\":\"Onze energievormen - Kallista Energy\",\"isPartOf\":{\"@id\":\"https:\\\/\\\/www.kallistaenergy.com\\\/#website\"},\"datePublished\":\"2024-07-31T12:27:12+00:00\",\"dateModified\":\"2024-09-23T13:24:24+00:00\",\"breadcrumb\":{\"@id\":\"https:\\\/\\\/www.kallistaenergy.com\\\/nl\\\/onze-energie\\\/#breadcrumb\"},\"inLanguage\":\"nl-NL\",\"potentialAction\":[{\"@type\":\"ReadAction\",\"target\":[\"https:\\\/\\\/www.kallistaenergy.com\\\/nl\\\/onze-energie\\\/\"]}]},{\"@type\":\"BreadcrumbList\",\"@id\":\"https:\\\/\\\/www.kallistaenergy.com\\\/nl\\\/onze-energie\\\/#breadcrumb\",\"itemListElement\":[{\"@type\":\"ListItem\",\"position\":1,\"name\":\"Accueil\",\"item\":\"https:\\\/\\\/www.kallistaenergy.com\\\/nl\\\/\"},{\"@type\":\"ListItem\",\"position\":2,\"name\":\"Onze energievormen\"}]},{\"@type\":\"WebSite\",\"@id\":\"https:\\\/\\\/www.kallistaenergy.com\\\/#website\",\"url\":\"https:\\\/\\\/www.kallistaenergy.com\\\/\",\"name\":\"Kallista Energy\",\"description\":\"\",\"potentialAction\":[{\"@type\":\"SearchAction\",\"target\":{\"@type\":\"EntryPoint\",\"urlTemplate\":\"https:\\\/\\\/www.kallistaenergy.com\\\/?s={search_term_string}\"},\"query-input\":{\"@type\":\"PropertyValueSpecification\",\"valueRequired\":true,\"valueName\":\"search_term_string\"}}],\"inLanguage\":\"nl-NL\"}]}<\/script>\n<!-- \/ Yoast SEO Premium plugin. -->","yoast_head_json":{"title":"Onze energievormen - Kallista Energy","robots":{"index":"index","follow":"follow","max-snippet":"max-snippet:-1","max-image-preview":"max-image-preview:large","max-video-preview":"max-video-preview:-1"},"canonical":"https:\/\/www.kallistaenergy.com\/nl\/onze-energie\/","og_locale":"nl_NL","og_type":"article","og_title":"Onze energievormen","og_url":"https:\/\/www.kallistaenergy.com\/nl\/onze-energie\/","og_site_name":"Kallista Energy","article_modified_time":"2024-09-23T13:24:24+00:00","schema":{"@context":"https:\/\/schema.org","@graph":[{"@type":"WebPage","@id":"https:\/\/www.kallistaenergy.com\/nl\/onze-energie\/","url":"https:\/\/www.kallistaenergy.com\/nl\/onze-energie\/","name":"Onze energievormen - Kallista Energy","isPartOf":{"@id":"https:\/\/www.kallistaenergy.com\/#website"},"datePublished":"2024-07-31T12:27:12+00:00","dateModified":"2024-09-23T13:24:24+00:00","breadcrumb":{"@id":"https:\/\/www.kallistaenergy.com\/nl\/onze-energie\/#breadcrumb"},"inLanguage":"nl-NL","potentialAction":[{"@type":"ReadAction","target":["https:\/\/www.kallistaenergy.com\/nl\/onze-energie\/"]}]},{"@type":"BreadcrumbList","@id":"https:\/\/www.kallistaenergy.com\/nl\/onze-energie\/#breadcrumb","itemListElement":[{"@type":"ListItem","position":1,"name":"Accueil","item":"https:\/\/www.kallistaenergy.com\/nl\/"},{"@type":"ListItem","position":2,"name":"Onze energievormen"}]},{"@type":"WebSite","@id":"https:\/\/www.kallistaenergy.com\/#website","url":"https:\/\/www.kallistaenergy.com\/","name":"Kallista Energy","description":"","potentialAction":[{"@type":"SearchAction","target":{"@type":"EntryPoint","urlTemplate":"https:\/\/www.kallistaenergy.com\/?s={search_term_string}"},"query-input":{"@type":"PropertyValueSpecification","valueRequired":true,"valueName":"search_term_string"}}],"inLanguage":"nl-NL"}]}},"_links":{"self":[{"href":"https:\/\/www.kallistaenergy.com\/nl\/wp-json\/wp\/v2\/pages\/15354","targetHints":{"allow":["GET"]}}],"collection":[{"href":"https:\/\/www.kallistaenergy.com\/nl\/wp-json\/wp\/v2\/pages"}],"about":[{"href":"https:\/\/www.kallistaenergy.com\/nl\/wp-json\/wp\/v2\/types\/page"}],"author":[{"embeddable":true,"href":"https:\/\/www.kallistaenergy.com\/nl\/wp-json\/wp\/v2\/users\/1"}],"replies":[{"embeddable":true,"href":"https:\/\/www.kallistaenergy.com\/nl\/wp-json\/wp\/v2\/comments?post=15354"}],"version-history":[{"count":15,"href":"https:\/\/www.kallistaenergy.com\/nl\/wp-json\/wp\/v2\/pages\/15354\/revisions"}],"predecessor-version":[{"id":19021,"href":"https:\/\/www.kallistaenergy.com\/nl\/wp-json\/wp\/v2\/pages\/15354\/revisions\/19021"}],"wp:attachment":[{"href":"https:\/\/www.kallistaenergy.com\/nl\/wp-json\/wp\/v2\/media?parent=15354"}],"curies":[{"name":"wp","href":"https:\/\/api.w.org\/{rel}","templated":true}]}}