{"id":5724,"date":"2020-05-31T15:30:45","date_gmt":"2020-05-31T13:30:45","guid":{"rendered":"https:\/\/www.kallistaenergy.com\/?page_id=5724"},"modified":"2024-10-29T16:35:41","modified_gmt":"2024-10-29T15:35:41","slug":"disclaimer","status":"publish","type":"page","link":"https:\/\/www.kallistaenergy.com\/nl\/disclaimer\/","title":{"rendered":"Disclaimer"},"content":{"rendered":"<div class=\"side-by-side-wrapper\" id=\"block_6708143c6167e\">\n    <div class=\"container\">\n        <div class=\"side-by-side-inner\">\n                                <div class=\"single-row\" id=\"\">\n                        <div class=\"description mw100\"><\/div>\n                    <\/div>\n                                    <div class=\"single-row\" id=\"\">\n                        <div class=\"description mw100\"><h3>Uitgever<\/h3>\n<p>Groupe Kallista\u00a0Energy<br \/>\n18-20 rue Treilhard<br \/>\n75008 Parijs \u2013 Frankrijk<br \/>\nTel. +33(0)1 58 22 18 80<br \/>\nEmail\u00a0: <a href=\"mailto:contact@KallistaEnergy.com\">contact@KallistaEnergy.com<\/a><\/p>\n<p>Kallista Energy: Soci\u00e9t\u00e9 par Actions Simplifi\u00e9e met een kapitaal van 2.624.387 euro<br \/>\nHandelsregister Parijs 513 771\u00a0675<br \/>\nIntracommunautair btw-nummer: FR72 513 771 675<br \/>\nIdentificatie hoofdkantoor siret: 513 771 675 00040<\/p>\n<p>&nbsp;<\/p>\n<h3>Verantwoordelijk voor de publicatie<\/h3>\n<p>Fr\u00e9d\u00e9ric Roche, voorzitter van de Kallista Energy-groep.<\/p>\n<p>&nbsp;<\/p>\n<h3 class=\"Texte\">Webhost<\/h3>\n<p>OVH<br \/>\nSAS met een kapitaal van 10.059.500 euro<br \/>\nHandelsregister Lille M\u00e9tropole 424 761 419 00045<br \/>\n2 rue Kellermann \u2013 59100 Roubaix \u2013 Frankrijk<br \/>\nTel.: 09 72 10 10 07<\/p>\n<p>&nbsp;<\/p>\n<h3><strong>Privacybeleid<\/strong><\/h3>\n<p>Door gebruik te maken van onze website kan u gevraagd worden ons persoonlijke gegevens over uzelf te bezorgen, die door Kallista Energy verwerkt worden.<\/p>\n<p>Kallista Energy zet zich in voor de bescherming van uw privacy, evenals voor het bepalen en implementeren van alle passende maatregelen om de bescherming van uw persoonsgegevens te waarborgen in overeenstemming met de Europese Verordening 2016\/679 van 27 april 2016, bekend als de &#8220;Algemene Verordening Gegevensbescherming&#8221; (AVG).<\/p>\n<p>Het doel van dit privacybeleid, dat van toepassing is op u als gebruiker van onze website, is om u te informeren over hoe Kallista Energy met uw persoonsgegevens omgaat.<\/p>\n<p>&nbsp;<\/p>\n<p><strong>Verzamelde persoonsgegevens<\/strong><\/p>\n<p>In het algemeen kunt u onze website bezoeken zonder ons enige persoonlijke gegevens te verstrekken. Als u via onze website een contactverzoek indient, kunt u ons ook de volgende informatie verstrekken:<\/p>\n<ul>\n<li>uw naam,<\/li>\n<li>uw voornaam,<\/li>\n<li>uw e-mail,<\/li>\n<li>informatie over uw aanvraag.<\/li>\n<\/ul>\n<p>Uw voor- en achternaam, evenals uw e-mailadres, zijn geen verplichte velden voor uw contactverzoek.<\/p>\n<p>&nbsp;<\/p>\n<p><strong>Rechtsgrondslag voor de verwerking van uw persoonsgegevens<\/strong><\/p>\n<p>Door ons deze informatie te verstrekken, stemt u er uitdrukkelijk mee in dat Kallista Energy uw persoonsgegevens verzamelt, verwerkt en bewaart in overeenstemming met dit privacybeleid. De rechtsgrondslag voor de verwerking van uw persoonsgegevens is dus uw toestemming.<\/p>\n<p>&nbsp;<\/p>\n<p><strong>Identiteit van de controleur<\/strong><\/p>\n<p>De verantwoordelijke voor de verwerking van de gegevens is Kallista Energy, waarvan de maatschappelijke zetel gevestigd is te 18-20 rue Treilhard, 75008 Parijs. Tel: +33(0)1 58 22 18 80. E-mail: <a href=\"mailto:contact@KallistaEnergy.com\">contact@KallistaEnergy.com<\/a><\/p>\n<p>&nbsp;<\/p>\n<p><strong>Doeleinden van de verwerking van uw persoonsgegevens<\/strong><\/p>\n<p>Uw persoonsgegevens worden door Kallista Energy verzameld, verwerkt en opgeslagen voor de volgende doeleinden:<\/p>\n<ul>\n<li>uw contactverzoek verwerken,<\/li>\n<li>behandeling van uw sollicitatie voor een baan of stage,<\/li>\n<li>alle andere verzoeken die u ons stuurt behandelen,<\/li>\n<li>Contact met u opnemen als u daarom vraagt.<\/li>\n<\/ul>\n<p>&nbsp;<\/p>\n<p><strong>Hoe lang we uw persoonlijke gegevens bewaren<\/strong><\/p>\n<p>Uw persoonsgegevens worden door Kallista Energy bewaard gedurende de tijd die overeenstemt met de doeleinden van verzameling zoals hierboven vermeld, zonder de 24 maanden te overschrijden.<\/p>\n<p>&nbsp;<\/p>\n<p><strong>Ontvangers van uw persoonlijke gegevens<\/strong><\/p>\n<p>De ontvanger van uw persoonsgegevens is de Kallista Energy Group met inbegrip van haar dochterondernemingen. Uw persoonsgegevens zullen niet aan derden worden doorgegeven. Noch Kallista Energy, noch \u00e9\u00e9n van haar dochterondernemingen zal uw persoonsgegevens op de markt brengen.<\/p>\n<p>&nbsp;<\/p>\n<p><strong>Uw rechten<\/strong><\/p>\n<p>U hebt het recht van toegang tot, rectificatie van en verzet tegen de verwerking van uw persoonsgegevens. Om deze uit te oefenen, of voor elke andere vraag betreffende de verwerking van uw persoonsgegevens, kunt u ons een verzoek sturen op het volgende e-mailadres: <a href=\"mailto:contact@KallistaEnergy.com\">contact@KallistaEnergy.com<\/a>.<\/p>\n<p>&nbsp;<\/p>\n<h3>Cookies en statistieken<\/h3>\n<p>Deze site maakt gebruik van cookies om anonieme statistieken te maken (aantal bezoekers, bekeken pagina&#8217;s, gebruikte technologie&#8230;). U kunt het gebruik van cookies rechtstreeks weigeren in de banner die verschijnt als u op de website KallistaEnergy.com terechtkomt of via de instellingen van uw browser (zie <a href=\"http:\/\/www.cnil.fr\">www.cnil.fr<\/a>).<\/p>\n<p>&nbsp;<\/p>\n<h3>Intellectueel eigendomsrecht<\/h3>\n<p>Alle rechten van de auteurs van beschermde werken die worden gereproduceerd en meegedeeld op deze site, zijn voorbehouden. Zonder toestemming is elk gebruik van de werken anders dan individuele of voor priv\u00e9gebruik bedoelde herdruk en raadpleging verboden.<\/p>\n<h3><\/h3>\n<h3>Credits<\/h3>\n<p>Fotocredits: Kallista Energy ; St\u00e9phane Leroy ; Menno Mulder, Paco Lissilour, Thibault Ma\u00eetrejean.<\/p>\n<\/div>\n                    <\/div>\n                        <\/div>\n    <\/div>\n<\/div>\n","protected":false},"excerpt":{"rendered":"","protected":false},"author":1,"featured_media":0,"parent":0,"menu_order":0,"comment_status":"closed","ping_status":"closed","template":"blocks-template.php","meta":{"_acf_changed":false,"inline_featured_image":false,"footnotes":""},"class_list":["post-5724","page","type-page","status-publish","hentry"],"acf":[],"yoast_head":"<!-- This site is optimized with the Yoast SEO Premium plugin v27.3 (Yoast SEO v27.3) - https:\/\/yoast.com\/product\/yoast-seo-premium-wordpress\/ -->\n<title>Disclaimer - Kallista Energy<\/title>\n<meta name=\"robots\" content=\"noindex, follow\" \/>\n<meta property=\"og:locale\" content=\"nl_NL\" \/>\n<meta property=\"og:type\" content=\"article\" \/>\n<meta property=\"og:title\" content=\"Disclaimer\" \/>\n<meta property=\"og:url\" content=\"https:\/\/www.kallistaenergy.com\/nl\/disclaimer\/\" \/>\n<meta property=\"og:site_name\" content=\"Kallista Energy\" \/>\n<meta property=\"article:modified_time\" content=\"2024-10-29T15:35:41+00:00\" \/>\n<script type=\"application\/ld+json\" class=\"yoast-schema-graph\">{\"@context\":\"https:\\\/\\\/schema.org\",\"@graph\":[{\"@type\":\"WebPage\",\"@id\":\"https:\\\/\\\/www.kallistaenergy.com\\\/nl\\\/disclaimer\\\/\",\"url\":\"https:\\\/\\\/www.kallistaenergy.com\\\/nl\\\/disclaimer\\\/\",\"name\":\"Disclaimer - Kallista Energy\",\"isPartOf\":{\"@id\":\"https:\\\/\\\/www.kallistaenergy.com\\\/#website\"},\"datePublished\":\"2020-05-31T13:30:45+00:00\",\"dateModified\":\"2024-10-29T15:35:41+00:00\",\"breadcrumb\":{\"@id\":\"https:\\\/\\\/www.kallistaenergy.com\\\/nl\\\/disclaimer\\\/#breadcrumb\"},\"inLanguage\":\"nl-NL\",\"potentialAction\":[{\"@type\":\"ReadAction\",\"target\":[\"https:\\\/\\\/www.kallistaenergy.com\\\/nl\\\/disclaimer\\\/\"]}]},{\"@type\":\"BreadcrumbList\",\"@id\":\"https:\\\/\\\/www.kallistaenergy.com\\\/nl\\\/disclaimer\\\/#breadcrumb\",\"itemListElement\":[{\"@type\":\"ListItem\",\"position\":1,\"name\":\"Accueil\",\"item\":\"https:\\\/\\\/www.kallistaenergy.com\\\/nl\\\/\"},{\"@type\":\"ListItem\",\"position\":2,\"name\":\"Disclaimer\"}]},{\"@type\":\"WebSite\",\"@id\":\"https:\\\/\\\/www.kallistaenergy.com\\\/#website\",\"url\":\"https:\\\/\\\/www.kallistaenergy.com\\\/\",\"name\":\"Kallista Energy\",\"description\":\"\",\"potentialAction\":[{\"@type\":\"SearchAction\",\"target\":{\"@type\":\"EntryPoint\",\"urlTemplate\":\"https:\\\/\\\/www.kallistaenergy.com\\\/?s={search_term_string}\"},\"query-input\":{\"@type\":\"PropertyValueSpecification\",\"valueRequired\":true,\"valueName\":\"search_term_string\"}}],\"inLanguage\":\"nl-NL\"}]}<\/script>\n<!-- \/ Yoast SEO Premium plugin. -->","yoast_head_json":{"title":"Disclaimer - Kallista Energy","robots":{"index":"noindex","follow":"follow"},"og_locale":"nl_NL","og_type":"article","og_title":"Disclaimer","og_url":"https:\/\/www.kallistaenergy.com\/nl\/disclaimer\/","og_site_name":"Kallista Energy","article_modified_time":"2024-10-29T15:35:41+00:00","schema":{"@context":"https:\/\/schema.org","@graph":[{"@type":"WebPage","@id":"https:\/\/www.kallistaenergy.com\/nl\/disclaimer\/","url":"https:\/\/www.kallistaenergy.com\/nl\/disclaimer\/","name":"Disclaimer - Kallista Energy","isPartOf":{"@id":"https:\/\/www.kallistaenergy.com\/#website"},"datePublished":"2020-05-31T13:30:45+00:00","dateModified":"2024-10-29T15:35:41+00:00","breadcrumb":{"@id":"https:\/\/www.kallistaenergy.com\/nl\/disclaimer\/#breadcrumb"},"inLanguage":"nl-NL","potentialAction":[{"@type":"ReadAction","target":["https:\/\/www.kallistaenergy.com\/nl\/disclaimer\/"]}]},{"@type":"BreadcrumbList","@id":"https:\/\/www.kallistaenergy.com\/nl\/disclaimer\/#breadcrumb","itemListElement":[{"@type":"ListItem","position":1,"name":"Accueil","item":"https:\/\/www.kallistaenergy.com\/nl\/"},{"@type":"ListItem","position":2,"name":"Disclaimer"}]},{"@type":"WebSite","@id":"https:\/\/www.kallistaenergy.com\/#website","url":"https:\/\/www.kallistaenergy.com\/","name":"Kallista Energy","description":"","potentialAction":[{"@type":"SearchAction","target":{"@type":"EntryPoint","urlTemplate":"https:\/\/www.kallistaenergy.com\/?s={search_term_string}"},"query-input":{"@type":"PropertyValueSpecification","valueRequired":true,"valueName":"search_term_string"}}],"inLanguage":"nl-NL"}]}},"_links":{"self":[{"href":"https:\/\/www.kallistaenergy.com\/nl\/wp-json\/wp\/v2\/pages\/5724","targetHints":{"allow":["GET"]}}],"collection":[{"href":"https:\/\/www.kallistaenergy.com\/nl\/wp-json\/wp\/v2\/pages"}],"about":[{"href":"https:\/\/www.kallistaenergy.com\/nl\/wp-json\/wp\/v2\/types\/page"}],"author":[{"embeddable":true,"href":"https:\/\/www.kallistaenergy.com\/nl\/wp-json\/wp\/v2\/users\/1"}],"replies":[{"embeddable":true,"href":"https:\/\/www.kallistaenergy.com\/nl\/wp-json\/wp\/v2\/comments?post=5724"}],"version-history":[{"count":21,"href":"https:\/\/www.kallistaenergy.com\/nl\/wp-json\/wp\/v2\/pages\/5724\/revisions"}],"predecessor-version":[{"id":20216,"href":"https:\/\/www.kallistaenergy.com\/nl\/wp-json\/wp\/v2\/pages\/5724\/revisions\/20216"}],"wp:attachment":[{"href":"https:\/\/www.kallistaenergy.com\/nl\/wp-json\/wp\/v2\/media?parent=5724"}],"curies":[{"name":"wp","href":"https:\/\/api.w.org\/{rel}","templated":true}]}}